{"id":80950,"date":"2023-08-08T23:35:46","date_gmt":"2023-08-08T22:35:46","guid":{"rendered":"https:\/\/santepara.ma\/?product=cerave-creme-reparatrice-yeux-anti-cernes-et-anti-poches-14ml"},"modified":"2024-02-22T16:19:22","modified_gmt":"2024-02-22T15:19:22","slug":"cerave-creme-reparatrice-yeux-anti-cernes-et-anti-poches-14ml","status":"publish","type":"product","link":"https:\/\/santepara.ma\/?product=cerave-creme-reparatrice-yeux-anti-cernes-et-anti-poches-14ml","title":{"rendered":"CeraVe Cr\u00e8me R\u00e9paratrice Yeux Anti-Cernes et Anti-Poches | 14ml"},"content":{"rendered":"<p><strong>Caract\u00e9ristiques : <\/strong><\/p>\n<p>D\u00e9velopp\u00e9 avec des dermatologues, la Cr\u00e8me R\u00e9paratrice Contour des Yeux CeraVe hydrate efficacement et aide \u00e0 restaurer la barri\u00e8re protectrice du contour des yeux. Une texture l\u00e9g\u00e8re et fluide qui p\u00e9n\u00e8tre rapidement la peau. Enrichi aux 3 c\u00e9ramides et \u00e0 l&rsquo;acide hyaluronique, ce soin contour des yeux aide \u00e0 maintenir la peau hydrat\u00e9e et \u00e0 r\u00e9duire les poches et les cernes pour une peau liss\u00e9, douce et \u00e9clatante.<\/p>\n<p><strong>S\u00e9curit\u00e9 : <\/strong><\/p>\n<p>&#8211; Sans parfum.<\/p>\n<p>&#8211; Non-Com\u00e9dog\u00e8ne.<\/p>\n<p>Ingr\u00e9dients &amp; B\u00e9n\u00e9fices Cl\u00e9s :<\/p>\n<p>&#8211; 3 C\u00e9ramides Essentiels : tous les produits CeraVe contiennent les 3 c\u00e9ramides essentiels (1, 3 et 6-II) dont une peau saine a besoin pour restaurer et maintenir sa barri\u00e8re protectrice naturelle.<\/p>\n<p>&#8211; Acide hyaluronique : maintient l&rsquo;hydratation naturelle de la peau.<\/p>\n<p>&#8211; Extrait de plantes marines : aide \u00e0 lutter contre les cernes et les poches.<\/p>\n<p>&#8211; Technologie brevet\u00e9e de diffusion MVE : diffusion prolong\u00e9e des actifs pour une hydratation continue pendant 24h.<\/p>\n<p><strong>Conseils d&rsquo;Utilisation : <\/strong><\/p>\n<p>Appliquer matin et soir sur le contour des yeux et masser pour faire p\u00e9n\u00e9trer la cr\u00e8me. En cas de contact avec les yeux, rincer abondamment avec de l&rsquo;eau.<\/p>\n<p><strong>Composition : <\/strong><\/p>\n<p>QUA\/WATER, NIACINAMIDE, CETYL ALCOHOL, CAPRYLIC\/CAPRIC TRIGLYCERIDE, GLYCERIN, PROPANEDIOL, ISONONYL ISONONANOATE, JOJOBA ESTERS, PEG-20 METHYL GLUCOSE SESQUISTEARATE, CETEARYL ALCOHOL, DIMETHICONE, METHYL GLUCOSE SESQUISTEARATE, PHENOXYETHANOL, SORBITOL, BEHENTRIMONIUM METHOSULFATE, CARBOMER, LAURETH-4, TRIETHANOLAMINE, TOCOPHEROL, BUTYLENE GLYCOL, PRUNUS AMYGDALUS DULCIS OIL\/SWEET ALMOND OIL, HYDROGENATED VEGETABLE OIL, ETHYLHEXYLGLYCERIN, TETRASODIUM EDTA, SODIUM LAUROYL LACTYLATE, SODIUM HYDROXIDE, ZINC CITRATE, ASPARAGOPSIS ARMATA EXTRACT, EQUISETUM ARVENSE EXTRACT, MALTODEXTRIN, ALOE BARBADENSIS LEAF EXTRACT, ASCOPHYLLUM NODOSUM EXTRACT, CHRYSANTHELLUM INDICUM EXTRACT, CERAMIDE NP, CERAMIDE AP, PHYTOSPHINGOSINE, CHOLESTEROL, XANTHAN GUM, POTASSIUM SORBATE, SODIUM HYALURONATE, CERAMIDE EOP.<\/p>\n<p>Les listes d\u2019ingr\u00e9dients entrant dans la composition des produits de notre marque sont r\u00e9guli\u00e8rement mises \u00e0 jour. Avant d\u2019utiliser un produit de notre marque, vous \u00eates invit\u00e9s \u00e0 lire la liste d\u2019ingr\u00e9dients figurant sur son emballage afin de vous assurer que les ingr\u00e9dients sont adapt\u00e9s \u00e0 votre utilisation personnelle.<\/p>\n","protected":false},"excerpt":{"rendered":"<p>R\u00e9duit visiblement les cernes et les poches. Aide \u00e0 restaurer la barri\u00e8re protectrice de la peau.<\/p>\n<p><strong>\u2022 Besoin : <\/strong> Cernes et Poches | Tous types de peaux.<\/p>\n<p><strong>\u2022 Ingr\u00e9dients Cl\u00e9s : <\/strong> C\u00e9ramides (1, 3 et 6-II) pour prot\u00e9ger et nourrir | Extrait de plantes marines pour \u00e9liminer les cernes | Acide Hyaluronique pour maintenir la peau hydrat\u00e9e.<\/p>\n<p>\u2022 <strong>S\u00e9curit\u00e9 : <\/strong> Sans Parfum | Non-Com\u00e9dog\u00e8ne.<\/p>\n<p><strong>\u2022 Utilisation : <\/strong> Appliquez le matin et le soir sur le contour des yeux.<\/p>\n","protected":false},"featured_media":9604,"comment_status":"open","ping_status":"closed","template":"","meta":{"_joinchat":[]},"pwb-brand":[119],"product_cat":[80,73,85,86],"product_tag":[],"brands":[{"id":119,"name":"CERAVE","slug":"cerave"}],"_links":{"self":[{"href":"https:\/\/santepara.ma\/index.php?rest_route=\/wp\/v2\/product\/80950"}],"collection":[{"href":"https:\/\/santepara.ma\/index.php?rest_route=\/wp\/v2\/product"}],"about":[{"href":"https:\/\/santepara.ma\/index.php?rest_route=\/wp\/v2\/types\/product"}],"replies":[{"embeddable":true,"href":"https:\/\/santepara.ma\/index.php?rest_route=%2Fwp%2Fv2%2Fcomments&post=80950"}],"wp:featuredmedia":[{"embeddable":true,"href":"https:\/\/santepara.ma\/index.php?rest_route=\/wp\/v2\/media\/9604"}],"wp:attachment":[{"href":"https:\/\/santepara.ma\/index.php?rest_route=%2Fwp%2Fv2%2Fmedia&parent=80950"}],"wp:term":[{"taxonomy":"pwb-brand","embeddable":true,"href":"https:\/\/santepara.ma\/index.php?rest_route=%2Fwp%2Fv2%2Fpwb-brand&post=80950"},{"taxonomy":"product_cat","embeddable":true,"href":"https:\/\/santepara.ma\/index.php?rest_route=%2Fwp%2Fv2%2Fproduct_cat&post=80950"},{"taxonomy":"product_tag","embeddable":true,"href":"https:\/\/santepara.ma\/index.php?rest_route=%2Fwp%2Fv2%2Fproduct_tag&post=80950"}],"curies":[{"name":"wp","href":"https:\/\/api.w.org\/{rel}","templated":true}]}}