{"id":80952,"date":"2023-08-08T23:35:46","date_gmt":"2023-08-08T22:35:46","guid":{"rendered":"https:\/\/santepara.ma\/?product=cerave-creme-lavante-hydratante-peau-normale-a-seche-473ml"},"modified":"2024-02-22T16:19:20","modified_gmt":"2024-02-22T15:19:20","slug":"cerave-creme-lavante-hydratante-peau-normale-a-seche-473ml","status":"publish","type":"product","link":"https:\/\/santepara.ma\/?product=cerave-creme-lavante-hydratante-peau-normale-a-seche-473ml","title":{"rendered":"CeraVe Cr\u00e8me Lavante Hydratante Peau Normale \u00e0 S\u00e8che | 473ml"},"content":{"rendered":"<p><strong>Caract\u00e9ristiques : <\/strong><\/p>\n<p>D\u00e9velopp\u00e9e avec des dermatologues, la Cr\u00e8me Lavante Hydratante CeraVe nettoie et hydrate efficacement sans alt\u00e9rer la barri\u00e8re protectrice de la peau. Enrichie aux 3 c\u00e9ramides essentiels (1, 3, 6-II) et acide hyaluronique, cette cr\u00e8me onctueuse, non moussante, nettoie et hydrate la peau d\u00e8s la premi\u00e8re utilisation, tout en laissant un fini de peau doux et soyeux.<\/p>\n<p>&#8211; Texture cr\u00e9meuse, hydratante et non moussante.<\/p>\n<p><strong>S\u00e9curit\u00e9 : <\/strong><\/p>\n<p>&#8211; Sans Parfum.<\/p>\n<p>&#8211; Hypoallerg\u00e9nique.<\/p>\n<p>&#8211; Test\u00e9 sous contr\u00f4le dermatologique.<\/p>\n<p>&#8211; Non-Com\u00e9dog\u00e8ne : ne bouche pas les pores.<\/p>\n<p><strong>Ingr\u00e9dients &amp; Principes Actifs Cl\u00e9s : <\/strong><\/p>\n<p>&#8211; 3 C\u00e9ramides Essentiels : tous les produits CeraVe contiennent les 3 c\u00e9ramides essentiels (1, 3 et 6-II) dont une peau saine a besoin pour restaurer et maintenir sa barri\u00e8re protectrice naturelle.<\/p>\n<p>&#8211; Technologie brevet\u00e9e de diffusion MVE : lib\u00e9ration contr\u00f4l\u00e9e et prolong\u00e9e d&rsquo;actifs pour une hydratation continue pendant 24h.<\/p>\n<p>&#8211; Acide hyaluronique : maintient l&rsquo;hydratation naturelle de la peau.<\/p>\n<p><strong>Conseils d&rsquo;Utilisation : <\/strong><\/p>\n<p>&#8211; Appliquez quotidiennement sous la douche votre cr\u00e8me lavante.<\/p>\n<p>&#8211; D\u00e9posez une noisette de cr\u00e8me onctueuse au creux de votre main et appliquez sur votre peau humide ; visage et corps. Evitez le contour des yeux.<\/p>\n<p>&#8211; Ensuite, rincez soigneusement \u00e0 l\u2019eau claire puis s\u00e9chez d\u00e9licatement.<\/p>\n<p>Parfaitement nettoy\u00e9e et durablement hydrat\u00e9e, votre peau, qu\u2019elle soit s\u00e8che \u00e0 tr\u00e8s s\u00e8che, est douce et soyeuse. Compl\u00e9tez votre routine en appliquant sur le visage et sur le corps votre soin hydratant.<\/p>\n<p><strong>Composition : <\/strong><\/p>\n<p>AQUA\/WATER, GLYCERIN, CETEARYL ALCOHOL, PHENOXYETHANOL, STEARYL ALCOHOL, CETYL ALCOHOL, PEG-40 STEARATE, BEHENTRIMONIUM METHOSULFATE, GLYCERYL STEARATE, POLYSORBATE 20, ETHYLHEXYLGLYCERIN, POTASSIUM PHOSPHATE, DISODIUM EDTA, DIPOTASSIUM PHOSPHATE, SODIUM LAUROYL LACTYLATE, CERAMIDE NP, CERAMIDE AP, PHYTOSPHINGOSINE, CHOLESTEROL, SODIUM HYALURONATE, XANTHAN GUM, CARBOMER, TOCOPHEROL, CERAMIDE EOP.<\/p>\n<p>Les listes d\u2019ingr\u00e9dients entrant dans la composition des produits de notre marque sont r\u00e9guli\u00e8rement mises \u00e0 jour. Avant d\u2019utiliser un produit de notre marque, vous \u00eates invit\u00e9s \u00e0 lire la liste d\u2019ingr\u00e9dients figurant sur son emballage afin de vous assurer que les ingr\u00e9dients sont adapt\u00e9s \u00e0 votre utilisation personnelle.<\/p>\n","protected":false},"excerpt":{"rendered":"<p>Nettoie et hydrate en douceur, aide \u00e0 renforcer la barri\u00e8re protectrice de la peau. Texture cr\u00e9meuse, hydratante et non moussante. Id\u00e9al pour toute la famille.<\/p>\n<p><strong>\u2022 Besoin : <\/strong> Nettoyer | Hydrater | Peau normale \u00e0 s\u00e8che | Peau sensible.<\/p>\n<p><strong>\u2022 Ingr\u00e9dients Cl\u00e9s : <\/strong> C\u00e9ramides (1, 3 et 6-II) pour prot\u00e9ger et nourrir | Acide Hyaluronique pour maintenir la peau hydrat\u00e9e.<\/p>\n<p>\u2022 <strong>S\u00e9curit\u00e9 : <\/strong> Sans Parfum | Hypoallerg\u00e9nique | Non-Com\u00e9dog\u00e8ne.<\/p>\n<p><strong>\u2022 Utilisation : <\/strong> Appliquer sur une peau humide. Rincer \u00e0 l&rsquo;eau. Visage et Corps.<\/p>\n<p>Approuv\u00e9 par les membres de l\u2019Association Fran\u00e7aise de l\u2019Ecz\u00e9ma.<\/p>\n","protected":false},"featured_media":9623,"comment_status":"open","ping_status":"closed","template":"","meta":{"_joinchat":[]},"pwb-brand":[119],"product_cat":[93,94,73,95,83],"product_tag":[],"brands":[{"id":119,"name":"CERAVE","slug":"cerave"}],"_links":{"self":[{"href":"https:\/\/santepara.ma\/index.php?rest_route=\/wp\/v2\/product\/80952"}],"collection":[{"href":"https:\/\/santepara.ma\/index.php?rest_route=\/wp\/v2\/product"}],"about":[{"href":"https:\/\/santepara.ma\/index.php?rest_route=\/wp\/v2\/types\/product"}],"replies":[{"embeddable":true,"href":"https:\/\/santepara.ma\/index.php?rest_route=%2Fwp%2Fv2%2Fcomments&post=80952"}],"wp:featuredmedia":[{"embeddable":true,"href":"https:\/\/santepara.ma\/index.php?rest_route=\/wp\/v2\/media\/9623"}],"wp:attachment":[{"href":"https:\/\/santepara.ma\/index.php?rest_route=%2Fwp%2Fv2%2Fmedia&parent=80952"}],"wp:term":[{"taxonomy":"pwb-brand","embeddable":true,"href":"https:\/\/santepara.ma\/index.php?rest_route=%2Fwp%2Fv2%2Fpwb-brand&post=80952"},{"taxonomy":"product_cat","embeddable":true,"href":"https:\/\/santepara.ma\/index.php?rest_route=%2Fwp%2Fv2%2Fproduct_cat&post=80952"},{"taxonomy":"product_tag","embeddable":true,"href":"https:\/\/santepara.ma\/index.php?rest_route=%2Fwp%2Fv2%2Fproduct_tag&post=80952"}],"curies":[{"name":"wp","href":"https:\/\/api.w.org\/{rel}","templated":true}]}}