{"id":80970,"date":"2023-08-08T23:35:51","date_gmt":"2023-08-08T22:35:51","guid":{"rendered":"https:\/\/santepara.ma\/?product=cerave-creme-hydratante-visage-peau-normale-a-seche-52ml"},"modified":"2024-02-22T16:19:20","modified_gmt":"2024-02-22T15:19:20","slug":"cerave-creme-hydratante-visage-peau-normale-a-seche-52ml","status":"publish","type":"product","link":"https:\/\/santepara.ma\/?product=cerave-creme-hydratante-visage-peau-normale-a-seche-52ml","title":{"rendered":"CeraVe Cr\u00e8me Hydratante Visage Peau Normale \u00e0 S\u00e8che | 52ml"},"content":{"rendered":"<p><strong>Caract\u00e9ristiques : <\/strong><\/p>\n<p>D\u00e9velopp\u00e9e avec des dermatologues, la Cr\u00e8me Hydratante Visage CeraVe hydrate au quotidien et aide \u00e0 pr\u00e9server la barri\u00e8re protectrice du visage et du cou. Sa texture ultra l\u00e9g\u00e8re, non grasse, enrichie aux 3 c\u00e9ramides essentiels et \u00e0 l\u2019acide hyaluronique procure une hydratation tout au long de la journ\u00e9e, et d\u00e8s la premi\u00e8re utilisation.<\/p>\n<p>&#8211; Texture gel cr\u00e8me hydratante non-grasse.<\/p>\n<p><strong>S\u00e9curit\u00e9 : <\/strong><\/p>\n<p>&#8211; Hypoallerg\u00e9nique.<\/p>\n<p>&#8211; Non-Com\u00e9dog\u00e8ne : ne bouche pas les pores.<\/p>\n<p>&#8211; Sans Parfum.<\/p>\n<p>&#8211; Sans Parab\u00e8ne.<\/p>\n<p>&#8211; Convient aux peaux sensibles.<\/p>\n<p><strong>Ingr\u00e9dients &amp; Principes Actifs Cl\u00e9s : <\/strong><\/p>\n<p>&#8211; 3 C\u00e9ramides Essentiels : tous les produits CeraVe contiennent les 3 c\u00e9ramides essentiels (1, 3 et 6-II) dont une peau saine a besoin pour restaurer et maintenir sa barri\u00e8re protectrice naturelle.<\/p>\n<p>&#8211; Technologie brevet\u00e9e de diffusion MVE : lib\u00e9ration contr\u00f4l\u00e9e et prolong\u00e9e d&rsquo;actifs pour une hydratation continue pendant 24h.<\/p>\n<p>&#8211; Acide hyaluronique : maintient l&rsquo;hydratation naturelle de la peau.<\/p>\n<p>&#8211; Niacinamide (Vitamine B3) : aide \u00e0 apaiser la peau.<\/p>\n<p><strong>Conseils d&rsquo;Utilisation : <\/strong><\/p>\n<p>&#8211; Appliquer, quotidiennement le matin et le soir sur une peau parfaitement nettoy\u00e9e et avec des mains propres, une noisette de cr\u00e8me hydratante sur votre visage et votre cou. Eviter le contour des yeux.<\/p>\n<p>&#8211; Faites ensuite p\u00e9n\u00e9trer la texture en massant d\u00e9licatement du bout des doigts.<\/p>\n<p><strong>Composition : <\/strong><\/p>\n<p>AQUA\/WATER, GLYCERIN, CAPRYLIC\/CAPRIC TRIGLYCERIDE, NIACINAMIDE, CETEARYL ALCOHOL, DIMETHICONE, PHENOXYETHANOL, CETEARETH-20, BEHENTRIMONIUM METHOSULFATE, CAPRYLYL GLYCOL, POLYGLYCERYL-3 DIISOSTEARATE, SODIUM LAUROYL LACTYLATE, POTASSIUM PHOSPHATE, DISODIUM EDTA, DIPOTASSIUM PHOSPHATE, CERAMIDE NP, CERAMIDE AP, PHYTOSPHINGOSINE, CHOLESTEROL, XANTHAN GUM, CARBOMER, ETHYLHEXYLGLYCERIN, SODIUM HYALURONATE, CERAMIDE EOP<\/p>\n<p>Les listes d\u2019ingr\u00e9dients entrant dans la composition des produits de notre marque sont r\u00e9guli\u00e8rement mises \u00e0 jour. Avant d\u2019utiliser un produit de notre marque, vous \u00eates invit\u00e9s \u00e0 lire la liste d\u2019ingr\u00e9dients figurant sur son emballage afin de vous assurer que les ingr\u00e9dients sont adapt\u00e9s \u00e0 votre utilisation personnelle.<\/p>\n","protected":false},"excerpt":{"rendered":"<p>Hydrate la peau en continu et aide \u00e0 pr\u00e9server la barri\u00e8re protectrice de la peau.<\/p>\n<p><strong>\u2022 Besoin : <\/strong> Hydrater | Apaiser | Peau normale \u00e0 s\u00e8che | Peau sensible.<\/p>\n<p><strong>\u2022 Ingr\u00e9dients Cl\u00e9s : <\/strong> C\u00e9ramides (1, 3 et 6-II) pour prot\u00e9ger et nourrir | Acide Hyaluronique pour maintenir la peau hydrat\u00e9e | Niacinamide pour apaiser la peau.<\/p>\n<p>\u2022 <strong>S\u00e9curit\u00e9 : <\/strong> Sans Parfum | Hypoallerg\u00e9nique | Non-Com\u00e9dog\u00e8ne.<\/p>\n<p><strong>\u2022 Utilisation : <\/strong> Appliquer g\u00e9n\u00e9reusement matin et soir. Visage et cou.<\/p>\n","protected":false},"featured_media":9803,"comment_status":"open","ping_status":"closed","template":"","meta":{"_joinchat":[]},"pwb-brand":[119],"product_cat":[80,82,73,83],"product_tag":[],"brands":[{"id":119,"name":"CERAVE","slug":"cerave"}],"_links":{"self":[{"href":"https:\/\/santepara.ma\/index.php?rest_route=\/wp\/v2\/product\/80970"}],"collection":[{"href":"https:\/\/santepara.ma\/index.php?rest_route=\/wp\/v2\/product"}],"about":[{"href":"https:\/\/santepara.ma\/index.php?rest_route=\/wp\/v2\/types\/product"}],"replies":[{"embeddable":true,"href":"https:\/\/santepara.ma\/index.php?rest_route=%2Fwp%2Fv2%2Fcomments&post=80970"}],"wp:featuredmedia":[{"embeddable":true,"href":"https:\/\/santepara.ma\/index.php?rest_route=\/wp\/v2\/media\/9803"}],"wp:attachment":[{"href":"https:\/\/santepara.ma\/index.php?rest_route=%2Fwp%2Fv2%2Fmedia&parent=80970"}],"wp:term":[{"taxonomy":"pwb-brand","embeddable":true,"href":"https:\/\/santepara.ma\/index.php?rest_route=%2Fwp%2Fv2%2Fpwb-brand&post=80970"},{"taxonomy":"product_cat","embeddable":true,"href":"https:\/\/santepara.ma\/index.php?rest_route=%2Fwp%2Fv2%2Fproduct_cat&post=80970"},{"taxonomy":"product_tag","embeddable":true,"href":"https:\/\/santepara.ma\/index.php?rest_route=%2Fwp%2Fv2%2Fproduct_tag&post=80970"}],"curies":[{"name":"wp","href":"https:\/\/api.w.org\/{rel}","templated":true}]}}