{"id":80975,"date":"2023-08-08T23:35:52","date_gmt":"2023-08-08T22:35:52","guid":{"rendered":"https:\/\/santepara.ma\/?product=vichy-capital-soleil-creme-onctueuse-spf50-peau-sensible-normale-a-seche-50ml"},"modified":"2024-02-22T16:19:24","modified_gmt":"2024-02-22T15:19:24","slug":"vichy-capital-soleil-creme-onctueuse-spf50-peau-sensible-normale-a-seche-50ml","status":"publish","type":"product","link":"https:\/\/santepara.ma\/?product=vichy-capital-soleil-creme-onctueuse-spf50-peau-sensible-normale-a-seche-50ml","title":{"rendered":"Vichy Capital Soleil Cr\u00e8me Onctueuse SPF50+ Peau Sensible Normale \u00e0 S\u00e8che | 50ml"},"content":{"rendered":"<p><strong>Caract\u00e9ristiques : <\/strong><\/p>\n<p>Le soin solaire haute protection de Vichy respecte les peaux sensibles. Avant et pendant chaque exposition au soleil, il apporte \u00e0 votre peau :<\/p>\n<p>&#8211; une protection id\u00e9ale contre les UVA et les UVB.<\/p>\n<p>&#8211; un renforcement de la barri\u00e8re cutan\u00e9e fragilis\u00e9e.<\/p>\n<p>&#8211; une douceur et une souplesse bienfaisante.<\/p>\n<p>Les effets du photovieillissement et les coups de soleil sont diminu\u00e9s gr\u00e2ce aux actifs efficaces de cette cr\u00e8me solaire anti-rides.<\/p>\n<p><strong>S\u00e9curit\u00e9 : <\/strong><\/p>\n<p>&#8211; Hypoallerg\u00e9nique.<\/p>\n<p>&#8211; Sans Parab\u00e8ne.<\/p>\n<p>&#8211; Test\u00e9 sur peaux sensibles sous contr\u00f4le dermatologique.<\/p>\n<p><strong>Ingr\u00e9dients &amp; Principes Actifs Cl\u00e9s : <\/strong><\/p>\n<p>&#8211; Eau Thermale de Vichy : dispose de vertus apaisantes et hydratantes tr\u00e8s importantes.<\/p>\n<p>&#8211; Syst\u00e8me Filtrant Mexoryl : bloque les rayons UV et ainsi pr\u00e9serve du photovieillissement et des coups de soleil.<\/p>\n<p>&#8211; Glyc\u00e9rine : agent hydratant qui reconstitue le film hydrolipidique de la peau.<\/p>\n<p><strong>Conseils d&rsquo;Utilisation : <\/strong><\/p>\n<p>Appliquez une g\u00e9n\u00e9reuse couche de cr\u00e8me solaire sur le visage et massez d\u00e9licatement. Il est pr\u00e9f\u00e9rable de renouveler l&rsquo;application toutes les deux heures et apr\u00e8s chaque baignade pour que votre peau reste parfaitement prot\u00e9g\u00e9e.<\/p>\n<p><strong>Composition : <\/strong><\/p>\n<p>Les listes d\u2019ingr\u00e9dients entrant dans la composition des produits de notre marque sont r\u00e9guli\u00e8rement mises \u00e0 jour. Avant d\u2019utiliser un produit de notre marque, vous \u00eates invit\u00e9s \u00e0 lire la liste d\u2019ingr\u00e9dients figurant sur son emballage afin de vous assurer que les ingr\u00e9dients sont adapt\u00e9s \u00e0 votre utilisation personnelle.<\/p>\n<p>AQUA \/ WATER &#8211; GLYCERIN &#8211; DIISOPROPYL SEBACATE &#8211; ETHYLHEXYL SALICYLATE &#8211; BUTYL METHOXYDIBENZOYLMETHANE &#8211; DIMETHICONE &#8211; ALCOHOL DENAT. &#8211; BIS-ETHYLHEXYLOXYPHENOL METHOXYPHENYL TRIAZINE &#8211; OCTOCRYLENE &#8211; TITANIUM DIOXIDE [NANO] \/ TITANIUM DIOXIDE &#8211; ALUMINUM STARCH OCTENYLSUCCINATE &#8211; DROMETRIZOLE TRISILOXANE &#8211; DIETHYLHEXYL BUTAMIDO TRIAZONE &#8211; STEARIC ACID &#8211; TRIETHANOLAMINE &#8211; POTASSIUM CETYL PHOSPHATE &#8211; PARFUM \/ FRAGRANCE &#8211; SYNTHETIC WAX &#8211; ACRYLATES\/C10-30 ALKYL ACRYLATE CROSSPOLYMER &#8211; ALUMINUM HYDROXIDE &#8211; CAPRYLYL GLYCOL &#8211; DIMETHICONE CROSSPOLYMER &#8211; DISODIUM EDTA &#8211; GLYCERYL STEARATE &#8211; PALMITIC ACID &#8211; PEG-100 STEARATE &#8211; PHENOXYETHANOL &#8211; SODIUM HYALURONATE &#8211; TEREPHTHALYLIDENE DICAMPHOR SULFONIC ACID &#8211; TITANIUM DIOXIDE &#8211; TOCOPHEROL &#8211; XANTHAN GUM.<\/p>\n","protected":false},"excerpt":{"rendered":"<p>CAPITAL SOLEIL Cr\u00e8me Onctueuse pr\u00e9serve la peau des effets des rayons UV, limite le photovieillissement et les coups de soleil, pour un bronzage naturel et s\u00e9curis\u00e9.<\/p>\n<p>\u2022 Indice SPF : 50+ (UVA\/UVB)<\/p>\n<p><strong>\u2022 Besoin : <\/strong> Protection Solaire | Peaux sensibles normales \u00e0 s\u00e8ches.<\/p>\n<p><strong>\u2022 Ingr\u00e9dients Cl\u00e9s : <\/strong> Glyc\u00e9rine pour hydrater | Syst\u00e8me Filtrant Mexoryl pour pr\u00e9server du photovieillissement et des coups de soleil | Eau Thermale de Vichy pour apaiser.<\/p>\n<p>\u2022 <strong>S\u00e9curit\u00e9 : <\/strong> Hypoallerg\u00e9nique | Sans Parab\u00e8ne.<\/p>\n<p><strong>\u2022 Utilisation : <\/strong> Appliquer avant l&rsquo;exposition. Renouveler fr\u00e9quemment. Visage et Cou.<\/p>\n","protected":false},"featured_media":9822,"comment_status":"open","ping_status":"closed","template":"","meta":{"_joinchat":[]},"pwb-brand":[118],"product_cat":[138,73,114],"product_tag":[],"brands":[{"id":118,"name":"VICHY","slug":"vichy"}],"_links":{"self":[{"href":"https:\/\/santepara.ma\/index.php?rest_route=\/wp\/v2\/product\/80975"}],"collection":[{"href":"https:\/\/santepara.ma\/index.php?rest_route=\/wp\/v2\/product"}],"about":[{"href":"https:\/\/santepara.ma\/index.php?rest_route=\/wp\/v2\/types\/product"}],"replies":[{"embeddable":true,"href":"https:\/\/santepara.ma\/index.php?rest_route=%2Fwp%2Fv2%2Fcomments&post=80975"}],"wp:featuredmedia":[{"embeddable":true,"href":"https:\/\/santepara.ma\/index.php?rest_route=\/wp\/v2\/media\/9822"}],"wp:attachment":[{"href":"https:\/\/santepara.ma\/index.php?rest_route=%2Fwp%2Fv2%2Fmedia&parent=80975"}],"wp:term":[{"taxonomy":"pwb-brand","embeddable":true,"href":"https:\/\/santepara.ma\/index.php?rest_route=%2Fwp%2Fv2%2Fpwb-brand&post=80975"},{"taxonomy":"product_cat","embeddable":true,"href":"https:\/\/santepara.ma\/index.php?rest_route=%2Fwp%2Fv2%2Fproduct_cat&post=80975"},{"taxonomy":"product_tag","embeddable":true,"href":"https:\/\/santepara.ma\/index.php?rest_route=%2Fwp%2Fv2%2Fproduct_tag&post=80975"}],"curies":[{"name":"wp","href":"https:\/\/api.w.org\/{rel}","templated":true}]}}