{"id":80982,"date":"2023-08-08T23:35:55","date_gmt":"2023-08-08T22:35:55","guid":{"rendered":"https:\/\/santepara.ma\/?product=vichy-normaderm-phytosolution-soin-double-correction-peau-grasse-acneique-50ml"},"modified":"2024-02-22T16:19:29","modified_gmt":"2024-02-22T15:19:29","slug":"vichy-normaderm-phytosolution-soin-double-correction-peau-grasse-acneique-50ml","status":"publish","type":"product","link":"https:\/\/santepara.ma\/?product=vichy-normaderm-phytosolution-soin-double-correction-peau-grasse-acneique-50ml","title":{"rendered":"Vichy Normaderm Phytosolution Soin Double Correction Peau Grasse Acn\u00e9ique | 50ml"},"content":{"rendered":"<p><strong>Caract\u00e9ristiques : <\/strong><\/p>\n<p>Vous avez la peau grasse \u00e0 tendance acn\u00e9ique ?<\/p>\n<p>Pour rem\u00e9dier \u00e0 ce probl\u00e8me cutan\u00e9, les laboratoires Vichy ont d\u00e9velopp\u00e9 Vichy Normaderm Phytosolution, un soin du visage quotidien qui poss\u00e8de une double correction. En effet, gr\u00e2ce \u00e0 ses actifs dermatologiques anti-acn\u00e9 s\u00e9lectionn\u00e9s avec soin par la marque, ce soin agit sur deux niveaux :<\/p>\n<p>&#8211; corrige les imperfections cutan\u00e9es li\u00e9es \u00e0 la peau grasse et purifie l\u2019\u00e9piderme. R\u00e9duire consid\u00e9rablement la pr\u00e9sence des points noirs et des marques laiss\u00e9es par l\u2019acn\u00e9.<\/p>\n<p>&#8211; stimule la r\u00e9g\u00e9n\u00e9ration cutan\u00e9e en hydratant la peau durant 24h. Permet aussi de renforcer le film hydrolipidique contre les radicaux libres et intervient dans la r\u00e9duction des pores.<\/p>\n<p><strong>S\u00e9curit\u00e9 : <\/strong><\/p>\n<p>&#8211; Hypoallerg\u00e9nique.<\/p>\n<p>&#8211; Non-Com\u00e9dog\u00e8ne.<\/p>\n<p>&#8211; Convient aux peaux sensibles.<\/p>\n<p>&#8211; Test\u00e9 sous contr\u00f4le dermatologique.<\/p>\n<p><strong>Ingr\u00e9dients &amp; Principes Actifs Cl\u00e9s : <\/strong><\/p>\n<p>&#8211; Acide Salicylique 2% : reconnu pour ses propri\u00e9t\u00e9s exfoliantes qui permettent de gommer en douceur les impuret\u00e9s.<\/p>\n<p>&#8211; Acide Hyaluronique : poss\u00e8de des vertus hydratantes et lissantes. De plus, il est appr\u00e9ci\u00e9 pour son action repulpante.<\/p>\n<p>&#8211; Phycosaccharide 2% : diminue l\u2019exc\u00e8s de s\u00e9bum en r\u00e9duisant sa production.<\/p>\n<p>&#8211; Probiotique (extrait 1%) : micro-organismes vivants, les probiotiques sont essentiels pour le bon fonctionnement de l\u2019organisme et sont reconnus pour r\u00e9g\u00e9n\u00e9rer la peau.<\/p>\n<p><strong>Conseils d&rsquo;Utilisation : <\/strong><\/p>\n<p>Matin et soir, sur une peau propre et s\u00e8che, appliquez ce soin sur l\u2019ensemble du visage en \u00e9vitant le contour des yeux.<\/p>\n<p><strong>Efficacit\u00e9 : <\/strong><\/p>\n<p>Efficacit\u00e9 prouv\u00e9e sous contr\u00f4le clinique sur les pores, les boutons et les points noirs.<\/p>\n<p>Boutons : -42%<\/p>\n<p>Points noirs : -37%<\/p>\n<p>Action globale sur :<\/p>\n<p>Marques de l&rsquo;acn\u00e9 : -62%<\/p>\n<p>Eclat : +26%<\/p>\n<p>Test\u00e9 sous contr\u00f4le dermatologique sur 50 femmes avec peau grasse \u00e0 tendance acn\u00e9ique.<\/p>\n<p><strong>Composition : <\/strong><\/p>\n<p>Les listes d\u2019ingr\u00e9dients entrant dans la composition des produits de notre marque sont r\u00e9guli\u00e8rement mises \u00e0 jour. Avant d\u2019utiliser un produit de notre marque, vous \u00eates invit\u00e9s \u00e0 lire la liste d\u2019ingr\u00e9dients figurant sur son emballage afin de vous assurer que les ingr\u00e9dients sont adapt\u00e9s \u00e0 votre utilisation personnelle.<\/p>\n<p>AQUA \/ WATER &#8211; GLYCERIN &#8211; SALICYLIC ACID &#8211; ISONONYL ISONONANOATE &#8211; BUTYLENE GLYCOL &#8211; KAOLIN &#8211; ZINC SULFATE &#8211; BIFIDA FERMENT LYSATE &#8211; SODIUM HYDROXIDE &#8211; SODIUM POLYACRYLATE &#8211; SODIUM HYALURONATE &#8211; SODIUM BENZOATE &#8211; PHENOXYETHANOL &#8211; ASCORBYL GLUCOSIDE &#8211; CAPRYLYL GLYCOL &#8211; HYDROLYZED ALGIN &#8211; TRISODIUM ETHYLENEDIAMINE DISUCCINATE &#8211; BIOSACCHARIDE GUM-1 &#8211; ACRYLATES\/C10-30 ALKYL ACRYLATE CROSSPOLYMER &#8211; PARFUM \/ FRAGRANCE.<\/p>\n","protected":false},"excerpt":{"rendered":"<p>NORMADERM Phytosolution Soin Double Correction corrige les imperfections du visage et purifie la peau.<\/p>\n<p><strong>\u2022 Besoin : <\/strong> Corriger | Purifier | Peaux grasses \u00e0 tendance acn\u00e9ique.<\/p>\n<p><strong>\u2022 Ingr\u00e9dients Cl\u00e9s : <\/strong> Acide Salicylique pour exfolier en douceur | Acide Hyaluronique pour hydrater et lisser | Phycosaccharide pour r\u00e9duire l&rsquo;exc\u00e8s de s\u00e9bum.<\/p>\n<p>\u2022 <strong>S\u00e9curit\u00e9 : <\/strong> Hypoallerg\u00e9nique | Non-Com\u00e9god\u00e8ne | Convient aux peaux sensibles.<\/p>\n<p><strong>\u2022 Utilisation : <\/strong> Appliquer matin et soir sur une peau propre et s\u00e8che. Visage.<\/p>\n","protected":false},"featured_media":9859,"comment_status":"open","ping_status":"closed","template":"","meta":{"_joinchat":[]},"pwb-brand":[118],"product_cat":[82,73,101,128,126,127],"product_tag":[],"brands":[{"id":118,"name":"VICHY","slug":"vichy"}],"_links":{"self":[{"href":"https:\/\/santepara.ma\/index.php?rest_route=\/wp\/v2\/product\/80982"}],"collection":[{"href":"https:\/\/santepara.ma\/index.php?rest_route=\/wp\/v2\/product"}],"about":[{"href":"https:\/\/santepara.ma\/index.php?rest_route=\/wp\/v2\/types\/product"}],"replies":[{"embeddable":true,"href":"https:\/\/santepara.ma\/index.php?rest_route=%2Fwp%2Fv2%2Fcomments&post=80982"}],"wp:featuredmedia":[{"embeddable":true,"href":"https:\/\/santepara.ma\/index.php?rest_route=\/wp\/v2\/media\/9859"}],"wp:attachment":[{"href":"https:\/\/santepara.ma\/index.php?rest_route=%2Fwp%2Fv2%2Fmedia&parent=80982"}],"wp:term":[{"taxonomy":"pwb-brand","embeddable":true,"href":"https:\/\/santepara.ma\/index.php?rest_route=%2Fwp%2Fv2%2Fpwb-brand&post=80982"},{"taxonomy":"product_cat","embeddable":true,"href":"https:\/\/santepara.ma\/index.php?rest_route=%2Fwp%2Fv2%2Fproduct_cat&post=80982"},{"taxonomy":"product_tag","embeddable":true,"href":"https:\/\/santepara.ma\/index.php?rest_route=%2Fwp%2Fv2%2Fproduct_tag&post=80982"}],"curies":[{"name":"wp","href":"https:\/\/api.w.org\/{rel}","templated":true}]}}