{"id":80984,"date":"2023-08-08T23:35:55","date_gmt":"2023-08-08T22:35:55","guid":{"rendered":"https:\/\/santepara.ma\/?product=vichy-liftactiv-supreme-yeux-soin-correcteur-anti-rides-et-fermete-15ml"},"modified":"2024-02-22T16:19:24","modified_gmt":"2024-02-22T15:19:24","slug":"vichy-liftactiv-supreme-yeux-soin-correcteur-anti-rides-et-fermete-15ml","status":"publish","type":"product","link":"https:\/\/santepara.ma\/?product=vichy-liftactiv-supreme-yeux-soin-correcteur-anti-rides-et-fermete-15ml","title":{"rendered":"Vichy Liftactiv Supreme Yeux Soin Correcteur Anti-Rides et Fermet\u00e9 | 15ml"},"content":{"rendered":"<p><strong>Caract\u00e9ristiques : <\/strong><\/p>\n<p>Soin anti-\u00e2ge pour les yeux qui est assez doux pour \u00eatre appliqu\u00e9 sur toute la zone d\u00e9licate du regard, y compris le contour des yeux. Son effet liftant a une action anti-\u00e2ge sur le contour des yeux. Liftactiv Yeux r\u00e9duit l&rsquo;apparition de rides &amp; ridules, agit sur les poches sous les yeux et permet de r\u00e9duire les cernes.<\/p>\n<p><strong>S\u00e9curit\u00e9 : <\/strong><\/p>\n<p>&#8211; Hypoallerg\u00e9nique.<\/p>\n<p>&#8211; Sans Parfum.<\/p>\n<p>&#8211; Test\u00e9 sous contr\u00f4les dermatologique et ophtalmologique.<\/p>\n<p><strong>Ingr\u00e9dients &amp; Principes Actifs Cl\u00e9s : <\/strong><\/p>\n<p>&#8211; Rhamnose : sucre v\u00e9g\u00e9tal 100% naturel \u00e0 la fois apaisant et anti-\u00e2ge, capable de stimuler le Derme Source, moteur de jeunesse de toute la peau, pour une correction anti-\u00e2ge int\u00e9grale : rides et fermet\u00e9.<\/p>\n<p>&#8211; Caf\u00e9ine : anti-cernes, favorise la microcirculation cutan\u00e9e et le drainage anti-eau.<\/p>\n<p>&#8211; Escine (extrait de marron d\u2019Inde) : anti-poches, anti-gonflements, d\u00e9congestionne et apaise.<\/p>\n<p><strong>Conseils d&rsquo;Utilisation : <\/strong><\/p>\n<p>&#8211; Appliquez matin et soir par touches l\u00e9g\u00e8res sur l\u2019int\u00e9gralit\u00e9 du contour de l\u2019oeil (cernes, paupi\u00e8re mobile jusqu\u2019\u00e0 l\u2019arcade sourcili\u00e8re, patte d\u2019oie).<\/p>\n<p>&#8211; \u00c9ffleurez d\u00e9licatement la peau (sans exercer de pression), de l\u2019int\u00e9rieur vers l\u2019ext\u00e9rieur de l\u2019oeil, puis pianotez tout aussi doucement.<\/p>\n<p>&#8211; Terminez l\u2019application sur la patte d\u2019oie. LiftActiv Yeux peut \u00eatre appliqu\u00e9 jusqu\u2019\u00e0 la lisi\u00e8re des cils.<\/p>\n<p><strong>Composition : <\/strong><\/p>\n<p>Les listes d\u2019ingr\u00e9dients entrant dans la composition des produits de notre marque sont r\u00e9guli\u00e8rement mises \u00e0 jour. Avant d\u2019utiliser un produit de notre marque, vous \u00eates invit\u00e9s \u00e0 lire la liste d\u2019ingr\u00e9dients figurant sur son emballage afin de vous assurer que les ingr\u00e9dients sont adapt\u00e9s \u00e0 votre utilisation personnelle.<\/p>\n<p>AQUA \/ WATER &#8211; DIMETHICONE &#8211; HYDROGENATED POLYISOBUTENE &#8211; GLYCERIN &#8211; CETYL ALCOHOL &#8211; GLYCERYL STEARATE &#8211; POLYMETHYL METHACRYLATE &#8211; PEG-40 STEARATE &#8211; CERA ALBA \/ BEESWAX &#8211; POTASSIUM CETYL PHOSPHATE &#8211; STEARIC ACID &#8211; STEARYL ALCOHOL &#8211; SORBITAN TRISTEARATE &#8211; TRIETHANOLAMINE &#8211; CAFFEINE &#8211; METHYLPARABEN &#8211; SILICA &#8211; SODIUM BENZOATE &#8211; SODIUM DEXTRAN SULFATE &#8211; MYRISTYL ALCOHOL &#8211; ESCIN &#8211; PALMITIC ACID &#8211; RHAMNOSE &#8211; PHENOXYETHANOL &#8211; ADENOSINE &#8211; MAGNESIUM ASCORBYL PHOSPHATE &#8211; TOCOPHERYL ACETATE &#8211; POLOXAMER 338 &#8211; ASCORBYL GLUCOSIDE &#8211; HYDROLYZED RICE PROTEIN &#8211; PENTYLENE GLYCOL.<\/p>\n","protected":false},"excerpt":{"rendered":"<p>LIFTACTIV Supreme Yeux est un soin re-tenseur anti-rides qui offre \u00e0 votre regard un lifting naturel. Conseill\u00e9 aux femmes d\u00e8s 40 ans.<\/p>\n<p><strong>\u2022 Besoin : <\/strong> Rides, cernes, poches | Yeux sensibles.<\/p>\n<p><strong>\u2022 Ingr\u00e9dients Cl\u00e9s : <\/strong> Rhamnose pour corriger les rides | Caf\u00e9ine pour r\u00e9duire les cernes | Escine pour r\u00e9duire les poches.<\/p>\n<p>\u2022 <strong>S\u00e9curit\u00e9 : <\/strong> Hypoallerg\u00e9nique | Sans Parfum.<\/p>\n<p><strong>\u2022 Utilisation : <\/strong> Appliquer matin et soir en tapotant doucement. Contour des yeux.<\/p>\n","protected":false},"featured_media":9872,"comment_status":"open","ping_status":"closed","template":"","meta":{"_joinchat":[]},"pwb-brand":[118],"product_cat":[73,132,86,133],"product_tag":[],"brands":[{"id":118,"name":"VICHY","slug":"vichy"}],"_links":{"self":[{"href":"https:\/\/santepara.ma\/index.php?rest_route=\/wp\/v2\/product\/80984"}],"collection":[{"href":"https:\/\/santepara.ma\/index.php?rest_route=\/wp\/v2\/product"}],"about":[{"href":"https:\/\/santepara.ma\/index.php?rest_route=\/wp\/v2\/types\/product"}],"replies":[{"embeddable":true,"href":"https:\/\/santepara.ma\/index.php?rest_route=%2Fwp%2Fv2%2Fcomments&post=80984"}],"wp:featuredmedia":[{"embeddable":true,"href":"https:\/\/santepara.ma\/index.php?rest_route=\/wp\/v2\/media\/9872"}],"wp:attachment":[{"href":"https:\/\/santepara.ma\/index.php?rest_route=%2Fwp%2Fv2%2Fmedia&parent=80984"}],"wp:term":[{"taxonomy":"pwb-brand","embeddable":true,"href":"https:\/\/santepara.ma\/index.php?rest_route=%2Fwp%2Fv2%2Fpwb-brand&post=80984"},{"taxonomy":"product_cat","embeddable":true,"href":"https:\/\/santepara.ma\/index.php?rest_route=%2Fwp%2Fv2%2Fproduct_cat&post=80984"},{"taxonomy":"product_tag","embeddable":true,"href":"https:\/\/santepara.ma\/index.php?rest_route=%2Fwp%2Fv2%2Fproduct_tag&post=80984"}],"curies":[{"name":"wp","href":"https:\/\/api.w.org\/{rel}","templated":true}]}}