{"id":80995,"date":"2023-08-08T23:35:57","date_gmt":"2023-08-08T22:35:57","guid":{"rendered":"https:\/\/santepara.ma\/?product=vichy-capital-soleil-soin-anti-taches-teinte-3en1-spf50-tous-types-de-peaux-50ml"},"modified":"2024-02-22T16:19:25","modified_gmt":"2024-02-22T15:19:25","slug":"vichy-capital-soleil-soin-anti-taches-teinte-3en1-spf50-tous-types-de-peaux-50ml","status":"publish","type":"product","link":"https:\/\/santepara.ma\/?product=vichy-capital-soleil-soin-anti-taches-teinte-3en1-spf50-tous-types-de-peaux-50ml","title":{"rendered":"Vichy Capital Soleil Soin Anti-Taches Teint\u00e9 3en1 SPF50+ Tous Types de Peaux | 50ml"},"content":{"rendered":"<p><strong>Caract\u00e9ristiques : <\/strong><\/p>\n<p>Gr\u00e2ce \u00e0 son fini non gras, la cr\u00e8me Vichy Id\u00e9al Soleil est tr\u00e8s agr\u00e9able \u00e0 appliquer. Tr\u00e8s polyvalente, cette cr\u00e8me anti taches combine 3 actions :<\/p>\n<p>&#8211; Elle unifie la peau.<\/p>\n<p>&#8211; Elle corrige les taches pr\u00e9sentes sur l\u2019\u00e9piderme.<\/p>\n<p>&#8211; Elle prot\u00e8ge la peau des rayons UVA et UVB avec un indice SPF 50+, qui permet de s&rsquo;approcher au maximum d&rsquo;un \u00e9cran total.<\/p>\n<p><strong>S\u00e9curit\u00e9 : <\/strong><\/p>\n<p>&#8211; Hypoallerg\u00e9nique.<\/p>\n<p>&#8211; Sans Parab\u00e8ne.<\/p>\n<p>&#8211; Test\u00e9 sur peaux sensibles sous contr\u00f4le dermatologique.<\/p>\n<p><strong>Ingr\u00e9dients &amp; Principes Actifs Cl\u00e9s : <\/strong><\/p>\n<p>&#8211; Pigments min\u00e9raux, qui sont des colorants naturels.<\/p>\n<p>&#8211; PhE-R\u00e9sorcinol : lutte efficacement contre les imperfections qui apparaissent sur la peau.<\/p>\n<p>&#8211; Filtres anti-UV : assurent un indice de protection tr\u00e8s \u00e9lev\u00e9.<\/p>\n<p><strong>Conseils d&rsquo;Utilisation : <\/strong><\/p>\n<p>Appliquez sur le visage, le cou et le d\u00e9collet\u00e9, en prenant soin d\u2019\u00e9viter le contour des yeux. L&rsquo;application doit \u00eatre renouvel\u00e9e fr\u00e9quemment et de fa\u00e7on g\u00e9n\u00e9reuse.<\/p>\n<p><strong>Efficacit\u00e9 : <\/strong><\/p>\n<p>Efficacit\u00e9 cliniquement prouv\u00e9e :<\/p>\n<p>19,2% des taches sont att\u00e9nu\u00e9es apr\u00e8s 8 semaines d&rsquo;utilisation. Protection renforc\u00e9e jusqu&rsquo;aux UVA longs.<\/p>\n<p><strong>Composition : <\/strong><\/p>\n<p>Les listes d\u2019ingr\u00e9dients entrant dans la composition des produits de notre marque sont r\u00e9guli\u00e8rement mises \u00e0 jour. Avant d\u2019utiliser un produit de notre marque, vous \u00eates invit\u00e9s \u00e0 lire la liste d\u2019ingr\u00e9dients figurant sur son emballage afin de vous assurer que les ingr\u00e9dients sont adapt\u00e9s \u00e0 votre utilisation personnelle.<\/p>\n<p>AQUA \/ WATER &#8211; CI 77891 \/ TITANIUM DIOXIDE &#8211; HOMOSALATE &#8211; SILICA &#8211; ETHYLHEXYL SALICYLATE &#8211; ETHYLHEXYL TRIAZONE &#8211; C12-15 ALKYL BENZOATE &#8211; BIS-ETHYLHEXYLOXYPHENOL METHOXYPHENYL TRIAZINE &#8211; DROMETRIZOLE TRISILOXANE &#8211; BUTYL METHOXYDIBENZOYLMETHANE &#8211; GLYCERIN &#8211; ALUMINUM STARCH OCTENYLSUCCINATE &#8211; OCTOCRYLENE &#8211; PENTYLENE GLYCOL &#8211; STYRENE\/ACRYLATES COPOLYMER &#8211; CI 77491, CI 77492, CI 77499 \/ IRON OXIDES &#8211; POTASSIUM CETYL PHOSPHATE &#8211; PARFUM \/ FRAGRANCE &#8211; CAPRYLYL METHICONE &#8211; ACRYLATES\/C10-30 ALKYL ACRYLATE CROSSPOLYMER &#8211; ALUMINUM HYDROXIDE &#8211; BUTYLENE GLYCOL &#8211; CAPRYLYL GLYCOL &#8211; CINNAMOMUM CASSIA BARK EXTRACT &#8211; DIMETHICONE &#8211; DISODIUM EDTA &#8211; INULIN LAURYL CARBAMATE &#8211; PEG-8 LAURATE &#8211; PHENOXYETHANOL &#8211; PHENYLETHYL RESORCINOL &#8211; POTERIUM OFFICINALE ROOT EXTRACT &#8211; STEARIC ACID &#8211; STEARYL ALCOHOL &#8211; TEREPHTHALYLIDENE DICAMPHOR SULFONIC ACID &#8211; TITANIUM DIOXIDE [NANO] \/ TITANIUM DIOXIDE &#8211; TOCOPHEROL &#8211; TRIETHANOLAMINE &#8211; XANTHAN GUM &#8211; ZINGIBER OFFICINALE ROOT EXTRACT \/ GINGER ROOT EXTRACT.<\/p>\n","protected":false},"excerpt":{"rendered":"<p>CAPITAL SOLEIL Soin Anti-Taches Teint\u00e9 3en1 prot\u00e8ge, unifie et corrige le teint.<\/p>\n<p>\u2022 Indice SPF : 50+ (UVA\/UVB)<\/p>\n<p><strong>\u2022 Besoin : <\/strong> Prot\u00e9ger | Unifier | Corriger | Tous types de peaux.<\/p>\n<p><strong>\u2022 Ingr\u00e9dients Cl\u00e9s : <\/strong> PhE-R\u00e9sorcinol pour lutter contre les imperfections | Filtres anti-UV pour prot\u00e9ger | Pigments Min\u00e9raux pour apporter de la couleur.<\/p>\n<p>\u2022 <strong>S\u00e9curit\u00e9 : <\/strong> Hypoallerg\u00e9nique | Sans Parab\u00e8ne.<\/p>\n<p><strong>\u2022 Utilisation : <\/strong> Appliquer avant l&rsquo;exposition. Renouveler fr\u00e9quemment. Visage et Cou.<\/p>\n","protected":false},"featured_media":9910,"comment_status":"open","ping_status":"closed","template":"","meta":{"_joinchat":[]},"pwb-brand":[118],"product_cat":[73,141,142,114],"product_tag":[],"brands":[{"id":118,"name":"VICHY","slug":"vichy"}],"_links":{"self":[{"href":"https:\/\/santepara.ma\/index.php?rest_route=\/wp\/v2\/product\/80995"}],"collection":[{"href":"https:\/\/santepara.ma\/index.php?rest_route=\/wp\/v2\/product"}],"about":[{"href":"https:\/\/santepara.ma\/index.php?rest_route=\/wp\/v2\/types\/product"}],"replies":[{"embeddable":true,"href":"https:\/\/santepara.ma\/index.php?rest_route=%2Fwp%2Fv2%2Fcomments&post=80995"}],"wp:featuredmedia":[{"embeddable":true,"href":"https:\/\/santepara.ma\/index.php?rest_route=\/wp\/v2\/media\/9910"}],"wp:attachment":[{"href":"https:\/\/santepara.ma\/index.php?rest_route=%2Fwp%2Fv2%2Fmedia&parent=80995"}],"wp:term":[{"taxonomy":"pwb-brand","embeddable":true,"href":"https:\/\/santepara.ma\/index.php?rest_route=%2Fwp%2Fv2%2Fpwb-brand&post=80995"},{"taxonomy":"product_cat","embeddable":true,"href":"https:\/\/santepara.ma\/index.php?rest_route=%2Fwp%2Fv2%2Fproduct_cat&post=80995"},{"taxonomy":"product_tag","embeddable":true,"href":"https:\/\/santepara.ma\/index.php?rest_route=%2Fwp%2Fv2%2Fproduct_tag&post=80995"}],"curies":[{"name":"wp","href":"https:\/\/api.w.org\/{rel}","templated":true}]}}