{"id":80996,"date":"2023-08-08T23:35:57","date_gmt":"2023-08-08T22:35:57","guid":{"rendered":"https:\/\/santepara.ma\/?product=vichy-dermo-tolerance-deodorant-mineral-48h-aerosol-sans-sels-daluminium-peau-sensible-et-reactive-125ml"},"modified":"2023-11-04T12:56:25","modified_gmt":"2023-11-04T11:56:25","slug":"vichy-dermo-tolerance-deodorant-mineral-48h-aerosol-sans-sels-daluminium-peau-sensible-et-reactive-125ml","status":"publish","type":"product","link":"https:\/\/santepara.ma\/?product=vichy-dermo-tolerance-deodorant-mineral-48h-aerosol-sans-sels-daluminium-peau-sensible-et-reactive-125ml","title":{"rendered":"Vichy Dermo-Tol\u00e9rance D\u00e9odorant Min\u00e9ral 48H A\u00e9rosol Sans Sels d&rsquo;Aluminium Peau Sensible et R\u00e9active | 125ml"},"content":{"rendered":"<p><strong>Caract\u00e9ristiques : <\/strong><\/p>\n<p>Humidit\u00e9, aur\u00e9oles, mauvaises odeurs, la transpiration excessive entra\u00eene des cons\u00e9quences d\u00e9sagr\u00e9ables qui peuvent vous limiter dans vos mouvements.<\/p>\n<p>Le d\u00e9odorant de Vichy vous aide \u00e0 contrer ces d\u00e9sagr\u00e9ments pendant 48H. Son application quotidienne permet de :<\/p>\n<p>&#8211; r\u00e9guler la transpiration des aisselles pour une sensation de fra\u00eecheur durable.<\/p>\n<p>&#8211; limiter le d\u00e9veloppement de traces et d&rsquo;aur\u00e9oles sur les v\u00eatements.<\/p>\n<p>&#8211; neutraliser les odeurs corporelles li\u00e9es \u00e0 la transpiration excessive tout en laissant un parfum d\u00e9licat sur votre peau.<\/p>\n<p>&#8211; r\u00e9duire les irritations cutan\u00e9es gr\u00e2ce \u00e0 sa formule haute tol\u00e9rance.<\/p>\n<p><strong>S\u00e9curit\u00e9 : <\/strong><\/p>\n<p>&#8211; Hypoallerg\u00e9nique.<\/p>\n<p>&#8211; Sans Parab\u00e8ne.<\/p>\n<p>&#8211; Sans Ethanol.<\/p>\n<p>&#8211; Sans Sels d&rsquo;Aluminium.<\/p>\n<p><strong>Ingr\u00e9dients &amp; Principes Actifs Cl\u00e9s : <\/strong><\/p>\n<p>&#8211; Eau Thermale de Vichy : poss\u00e8de des vertus r\u00e9g\u00e9n\u00e9rantes, apaisantes et hydratantes. Les min\u00e9raux qui la composent contribuent \u00e0 renforcer la peau et la prot\u00e9ger du dess\u00e8chement.<\/p>\n<p>&#8211; Gluconate de Zinc : compos\u00e9 anti-bact\u00e9rien et anti-odeur efficace. Il limite la prolif\u00e9ration des bact\u00e9ries \u00e0 l&rsquo;origine des mauvaises odeurs. V\u00e9ritable antioxydant, il purifie et assainit la peau.<\/p>\n<p>&#8211; Provitamine B5 (Panth\u00e9nol) : calme les irritations et participe \u00e0 la r\u00e9g\u00e9n\u00e9ration cellulaire des tissus cutan\u00e9s gr\u00e2ce \u00e0 ses propri\u00e9t\u00e9s r\u00e9paratrices et apaisantes. Ses vertus hydratantes adoucissent l&rsquo;\u00e9piderme et pr\u00e9servent son \u00e9quilibre hydrique naturel.<\/p>\n<p>&#8211; Acide Citrique : aide \u00e0 stabiliser le pH de la peau. Il permet de garantir un pH neutre mieux tol\u00e9r\u00e9 par les peaux sensibles.<\/p>\n<p><strong>Conseils d&rsquo;Utilisation : <\/strong><\/p>\n<p>Afin d\u2019optimiser son efficacit\u00e9, utilisez le d\u00e9odorant Vichy apr\u00e8s avoir nettoy\u00e9 et s\u00e9ch\u00e9 votre peau.<\/p>\n<p>Pulv\u00e9risez le soin de mani\u00e8re uniforme sur l\u2019ensemble de vos aisselles. Il est conseill\u00e9 de se positionner \u00e0 environ 15 cm de distance avec la peau avant d\u2019activer l\u2019a\u00e9rosol.<\/p>\n<p><strong>Composition : <\/strong><\/p>\n<p>Les listes d\u2019ingr\u00e9dients entrant dans la composition des produits de notre marque sont r\u00e9guli\u00e8rement mises \u00e0 jour. Avant d\u2019utiliser un produit de notre marque, vous \u00eates invit\u00e9s \u00e0 lire la liste d\u2019ingr\u00e9dients figurant sur son emballage afin de vous assurer que les ingr\u00e9dients sont adapt\u00e9s \u00e0 votre utilisation personnelle.<\/p>\n<p>ISOBUTANE &#8211; ISOPROPYL PALMITATE &#8211; ISODODECANE &#8211; DIMETHICONE &#8211; COCOS NUCIFERA OIL \/ COCONUT OIL &#8211; MAGNESIUM OXIDE &#8211; DISTEARDIMONIUM HECTORITE &#8211; PANTHENOL &#8211; PROPYLENE CARBONATE &#8211; DIMETHICONOL &#8211; CALCIUM CARBONATE &#8211; SODIUM CHLORIDE &#8211; MAGNESIUM GLUCONATE &#8211; PARFUM \/ FRAGRANCE.<\/p>\n","protected":false},"excerpt":{"rendered":"<p>DERMO-TOLERANCE D\u00e9odorant Min\u00e9ral 48H est un d\u00e9odorant a\u00e9rosol qui prot\u00e8ge contre la respiration et apaise les irritations cutan\u00e9es.<\/p>\n<p><strong>\u2022 Besoin : <\/strong> Peaux sensibles et r\u00e9actives aux sels d&rsquo;aluminium.<\/p>\n<p><strong>\u2022 Ingr\u00e9dients Cl\u00e9s : <\/strong> Gluconate de Zinc pour purifier et assainir | Provitamine B5 pour calmer les irritations | Acide Citrique pour stabiliser le pH de la peau.<\/p>\n<p>\u2022 <strong>S\u00e9curit\u00e9 : <\/strong> Hypoallerg\u00e9nique | Sans Parab\u00e8ne | Sans Sels d&rsquo;Aluminium.<\/p>\n<p><strong>\u2022 Utilisation : <\/strong> Appliquer tous les matins sur des aisselles propres et s\u00e8ches.<\/p>\n","protected":false},"featured_media":9916,"comment_status":"open","ping_status":"closed","template":"","meta":{"_joinchat":[]},"pwb-brand":[118],"product_cat":[129,73,130,131],"product_tag":[],"brands":[{"id":118,"name":"VICHY","slug":"vichy"}],"_links":{"self":[{"href":"https:\/\/santepara.ma\/index.php?rest_route=\/wp\/v2\/product\/80996"}],"collection":[{"href":"https:\/\/santepara.ma\/index.php?rest_route=\/wp\/v2\/product"}],"about":[{"href":"https:\/\/santepara.ma\/index.php?rest_route=\/wp\/v2\/types\/product"}],"replies":[{"embeddable":true,"href":"https:\/\/santepara.ma\/index.php?rest_route=%2Fwp%2Fv2%2Fcomments&post=80996"}],"wp:featuredmedia":[{"embeddable":true,"href":"https:\/\/santepara.ma\/index.php?rest_route=\/wp\/v2\/media\/9916"}],"wp:attachment":[{"href":"https:\/\/santepara.ma\/index.php?rest_route=%2Fwp%2Fv2%2Fmedia&parent=80996"}],"wp:term":[{"taxonomy":"pwb-brand","embeddable":true,"href":"https:\/\/santepara.ma\/index.php?rest_route=%2Fwp%2Fv2%2Fpwb-brand&post=80996"},{"taxonomy":"product_cat","embeddable":true,"href":"https:\/\/santepara.ma\/index.php?rest_route=%2Fwp%2Fv2%2Fproduct_cat&post=80996"},{"taxonomy":"product_tag","embeddable":true,"href":"https:\/\/santepara.ma\/index.php?rest_route=%2Fwp%2Fv2%2Fproduct_tag&post=80996"}],"curies":[{"name":"wp","href":"https:\/\/api.w.org\/{rel}","templated":true}]}}