{"id":81022,"date":"2023-08-08T23:36:04","date_gmt":"2023-08-08T22:36:04","guid":{"rendered":"https:\/\/santepara.ma\/?product=vichy-dercos-aminexil-clinical-cure-anti-chute-femmes-21-ampoules-21-x-6ml"},"modified":"2024-02-22T16:19:26","modified_gmt":"2024-02-22T15:19:26","slug":"vichy-dercos-aminexil-clinical-cure-anti-chute-femmes-21-ampoules-21-x-6ml","status":"publish","type":"product","link":"https:\/\/santepara.ma\/?product=vichy-dercos-aminexil-clinical-cure-anti-chute-femmes-21-ampoules-21-x-6ml","title":{"rendered":"Vichy Dercos Aminexil Clinical Cure Anti-Chute Femmes 21 Ampoules | 21 x 6ml"},"content":{"rendered":"<p><strong>Caract\u00e9ristiques : <\/strong><\/p>\n<p>Il est normal qu\u2019une femme perde en moyenne 100 cheveux par jour. Au-del\u00e0, il faut \u00eatre vigilant et r\u00e9soudre ce probl\u00e8me au plus vite. Comment ? En recourant \u00e0 un traitement anti-chute pour renforcer la fibre capillaire et stimuler la repousse. Aminexil clinical 5 est une innovation Dercos destin\u00e9e aux femmes qui souhaitent des cheveux plus fort, plus r\u00e9sistants et une chevelure plus dense.<\/p>\n<p>Souvent li\u00e9e \u00e0 des perturbations hormonales (comme la m\u00e9nopause et la grossesse), ou simplement caus\u00e9e par le stress, les carences ou les changements de saison, la perte des cheveux peut devenir probl\u00e9matique chez la femme si elle n\u2019est pas trait\u00e9e. Gr\u00e2ce \u00e0 l\u2019invention Vichy Dercos, il est possible de stopper la chute capillaire et de stimuler le cuir chevelu.<\/p>\n<p>&#8211; Renforce l\u2019ancrage dans le cuir chevelu.<\/p>\n<p>&#8211; Favorise une fibre forte et r\u00e9sistante.<\/p>\n<p>&#8211; R\u00e9duit les micro-d\u00e9s\u00e9quilibres du cuir chevelu, et renforce sa capacit\u00e9 de r\u00e9sistance.<\/p>\n<p><strong>S\u00e9curit\u00e9 : <\/strong><\/p>\n<p>&#8211; Tol\u00e9rance optimale.<\/p>\n<p>&#8211; Hypoallerg\u00e9nique.<\/p>\n<p>&#8211; Test\u00e9 sur cuir chevelu sensible.<\/p>\n<p><strong>Ingr\u00e9dients &amp; Principes Actifs Cl\u00e9s : <\/strong><\/p>\n<p>&#8211; Aminexil : gaine les tissus qui entourent la racine, permettant de cette mani\u00e8re de renforcer la souplesse et la perm\u00e9abilit\u00e9 de la fibre capillaire.<\/p>\n<p>&#8211; Arginine : acide amin\u00e9 qui permet une circulation naturelle au niveau des racines. Mieux irrigu\u00e9es, celles-ci re\u00e7oivent les nutriments dont elles ont besoin, ce qui encourage la pousse capillaire.<\/p>\n<p>&#8211; SP94 : cet actif conserve la souplesse et l&rsquo;\u00e9lasticit\u00e9 des tissus du cheveux. De plus, il intervient dans la densit\u00e9 de la fibre capillaire.<\/p>\n<p>&#8211; Octopirox : cet actif limite la formation de pellicules sur le cuir chevelu, et diminue les d\u00e9mangeaisons et les irritations.<\/p>\n<p>&#8211; Vitamines PP : encourage la production de k\u00e9ratine qui permet de gainer le cheveu et de lutter contre la perte en le r\u00e9parant en profondeur.<\/p>\n<p>&#8211; Vitamine B6 : permet de fortifier les cheveux et de retrouver leur brillance naturelle.<\/p>\n<p>&#8211; Eau Thermale Min\u00e9ralisante de Vichy : r\u00e9g\u00e9n\u00e8re et r\u00e9\u00e9quilibre la peau. De plus, elle apaise les irritations et soulage les peaux fragilis\u00e9es.<\/p>\n<p><strong>Conseils d&rsquo;Utilisation : <\/strong><\/p>\n<p>Appliquer sur l&rsquo;ensemble du cuir chevelu.<\/p>\n<p>Appliquer la formule en massant en zig zag avec l\u2019embout pour stimuler le cuir chevelu. Impr\u00e9gner le cuir chevelu en profondeur : presser les mains sur le cr\u00e2ne et faire glisser sur le cuir chevelu par l\u00e9gers mouvements verticaux. Ne pas rincer.<\/p>\n<p>&#8211; En cure intensive : 1 fiole par jour pendant 6 semaines. Peut s\u2019appliquer sur cheveux secs ou mouill\u00e9s.<\/p>\n<p>&#8211; En cure d\u2019entretien : 3 fioles par semaine.<\/p>\n<p>Usage externe. Ne pas avaler. \u00c9viter d&rsquo;appliquer sur une peau irrit\u00e9e ou vers les yeux. En cas de contact avec les yeux, les rincer imm\u00e9diatement.<\/p>\n<p><strong>Efficacit\u00e9 : <\/strong><\/p>\n<p>EFFICACITE ANTI-CHUTE MESUR\u00c9E ET CONSTAT\u00c9E EN 6 SEMAINES<\/p>\n<p>Cliniquement prouv\u00e9. La chute est frein\u00e9e.<\/p>\n<p>Apr\u00e8s 3 semaines, le cuir chevelu est renforc\u00e9. Les cheveux retrouvent r\u00e9sistance et force.<\/p>\n<p><strong>Composition : <\/strong><\/p>\n<p>Les listes d\u2019ingr\u00e9dients entrant dans la composition des produits de notre marque sont r\u00e9guli\u00e8rement mises \u00e0 jour. Avant d\u2019utiliser un produit de notre marque, vous \u00eates invit\u00e9s \u00e0 lire la liste d\u2019ingr\u00e9dients figurant sur son emballage afin de vous assurer que les ingr\u00e9dients sont adapt\u00e9s \u00e0 votre utilisation personnelle.<\/p>\n<p>AQUA \/ WATER &#8211; ALCOHOL DENAT. &#8211; DIAMINOPYRIMIDINE OXIDE &#8211; ACRYLATES\/BEHENETH-25 METHACRYLATE COPOLYMER &#8211; AMINOMETHYL PROPANOL &#8211; ARGININE &#8211; BHT &#8211; CAFFEINE &#8211; LACTIC ACID &#8211; NIACINAMIDE &#8211; PEG-40 HYDROGENATED CASTOR OIL &#8211; PIROCTONE OLAMINE &#8211; PYRIDOXINE HCl &#8211; SAFFLOWER GLUCOSIDE &#8211; SODIUM CITRATE &#8211; TOCOPHEROL &#8211; PARFUM \/ FRAGRANCE.<\/p>\n","protected":false},"excerpt":{"rendered":"<p>DERCOS TECHNIQUE Aminexil Clinical Femmes traite et stoppe la chute de cheveux chez la femme.<\/p>\n<p><strong>\u2022 Besoin : <\/strong> Chute de cheveux | Femmes.<\/p>\n<p><strong>\u2022 Ingr\u00e9dients Cl\u00e9s : <\/strong> Aminexil pour gainer les tissus capillaires | Arginine pour am\u00e9liorer la circulation au niveau des racines | SP94 pour densifier | Vitamine B6 pour fortifier.<\/p>\n<p>\u2022 <strong>S\u00e9curit\u00e9 : <\/strong> Hypoallerg\u00e9nique | Test\u00e9 sur cuir chevelu sensible.<\/p>\n<p><strong>\u2022 Utilisation : <\/strong> Appliquer 1 ampoule par jour pendant 6 semaines en cure intensive. En cure d&rsquo;entretien, appliquer 3 ampoules par semaine. Ne pas rincer.<\/p>\n","protected":false},"featured_media":10034,"comment_status":"open","ping_status":"closed","template":"","meta":{"_joinchat":[]},"pwb-brand":[118],"product_cat":[70,72,151,73,152,77],"product_tag":[],"brands":[{"id":118,"name":"VICHY","slug":"vichy"}],"_links":{"self":[{"href":"https:\/\/santepara.ma\/index.php?rest_route=\/wp\/v2\/product\/81022"}],"collection":[{"href":"https:\/\/santepara.ma\/index.php?rest_route=\/wp\/v2\/product"}],"about":[{"href":"https:\/\/santepara.ma\/index.php?rest_route=\/wp\/v2\/types\/product"}],"replies":[{"embeddable":true,"href":"https:\/\/santepara.ma\/index.php?rest_route=%2Fwp%2Fv2%2Fcomments&post=81022"}],"wp:featuredmedia":[{"embeddable":true,"href":"https:\/\/santepara.ma\/index.php?rest_route=\/wp\/v2\/media\/10034"}],"wp:attachment":[{"href":"https:\/\/santepara.ma\/index.php?rest_route=%2Fwp%2Fv2%2Fmedia&parent=81022"}],"wp:term":[{"taxonomy":"pwb-brand","embeddable":true,"href":"https:\/\/santepara.ma\/index.php?rest_route=%2Fwp%2Fv2%2Fpwb-brand&post=81022"},{"taxonomy":"product_cat","embeddable":true,"href":"https:\/\/santepara.ma\/index.php?rest_route=%2Fwp%2Fv2%2Fproduct_cat&post=81022"},{"taxonomy":"product_tag","embeddable":true,"href":"https:\/\/santepara.ma\/index.php?rest_route=%2Fwp%2Fv2%2Fproduct_tag&post=81022"}],"curies":[{"name":"wp","href":"https:\/\/api.w.org\/{rel}","templated":true}]}}