{"id":81027,"date":"2023-08-08T23:36:05","date_gmt":"2023-08-08T22:36:05","guid":{"rendered":"https:\/\/santepara.ma\/?product=dercos-densi-solution-baume-epaisseur-regenerant-200ml"},"modified":"2024-02-22T16:19:29","modified_gmt":"2024-02-22T15:19:29","slug":"dercos-densi-solution-baume-epaisseur-regenerant-200ml","status":"publish","type":"product","link":"https:\/\/santepara.ma\/?product=dercos-densi-solution-baume-epaisseur-regenerant-200ml","title":{"rendered":"Dercos densi-solution baume epaisseur regenerant 200ml"},"content":{"rendered":"<p><strong>Caract\u00e9ristiques : <\/strong><\/p>\n<p>L&rsquo;apr\u00e8s-shampooing Dercos Densi-Solutions des laboratoires Vichy est con\u00e7u pour les chevelures clairsem\u00e9es manquant de force. Sa texture de baume pour les cheveux renforce son pouvoir \u00e9paississant et r\u00e9g\u00e9n\u00e9rant. Son action pr\u00e9sente plusieurs effets b\u00e9n\u00e9fiques :<\/p>\n<p>&#8211; renforcement de la tonicit\u00e9 de la fibre capillaire permettant une revitalisation du cheveu d\u00e8s sa racine.<\/p>\n<p>&#8211; augmentation du volume des cheveux.<\/p>\n<p>&#8211; am\u00e9lioration de la r\u00e9sistance capillaire.<\/p>\n<p>&#8211; d\u00e9m\u00ealage de la chevelure facilit\u00e9.<\/p>\n<p>&#8211; hydratation du cuir chevelu.<\/p>\n<p>Fondant rapidement, il apporte une sensation de fra\u00eecheur imm\u00e9diate sur le cuir chevelu. Enfin, sa texture de baume en fait un excellent soin pour les cheveux secs.<\/p>\n<p><strong>S\u00e9curit\u00e9 : <\/strong><\/p>\n<p>&#8211; Sans Sulfates.<\/p>\n<p>&#8211; Sans Parab\u00e8ne.<\/p>\n<p>&#8211; Sans Silicone.<\/p>\n<p>&#8211; Test\u00e9 sous contr\u00f4le dermatologique.<\/p>\n<p>&#8211; Convient aux cuirs chevelus sensibles.<\/p>\n<p><strong>Ingr\u00e9dients &amp; Principes Actifs Cl\u00e9s : <\/strong><\/p>\n<p>&#8211; Rhamnose : sucre v\u00e9g\u00e9tal, am\u00e9liore la tonicit\u00e9 de la fibre capillaire et redonne ainsi de la vitalit\u00e9 \u00e0 la chevelure.<\/p>\n<p>&#8211; C\u00e9ramide renforce et prot\u00e8ge le cheveu.<\/p>\n<p>&#8211; Huile Essentielle de Menthe Poivr\u00e9e : stimule les bulbes capillaires du cuir chevelu pour des cheveux plus forts et plus \u00e9pais.<\/p>\n<p><strong>Conseils d&rsquo;Utilisation : <\/strong><\/p>\n<p>Apr\u00e8s le shampooing, appliquez le soin pour la densit\u00e9 des cheveux de la racine jusqu&rsquo;aux pointes en effectuant un l\u00e9ger massage. Laissez poser une minute puis rincez abondamment.<\/p>\n<p><strong>Efficacit\u00e9 : <\/strong><\/p>\n<p>Les cheveux sont 3,8 fois plus brillants d\u00e8s la premi\u00e8re application*.<\/p>\n<p>+62% de volume capillaire*.<\/p>\n<p>94% constatent des cheveux r\u00e9\u00e9paissis et 93 % des cheveux plus forts**.<\/p>\n<p>*Test instrumental apr\u00e8s une application du Shampooing Epaisseur + Baume Epaisseur<\/p>\n<p>** Test consommateur \u2013 pourcentage de satisfaction \u2013 shampooing + baume + soin concentr\u00e9 &#8211; 138 sujets &#8211; 6 semaines.<\/p>\n<p><strong>Composition : <\/strong><\/p>\n<p>Les listes d\u2019ingr\u00e9dients entrant dans la composition des produits de notre marque sont r\u00e9guli\u00e8rement mises \u00e0 jour. Avant d\u2019utiliser un produit de notre marque, vous \u00eates invit\u00e9s \u00e0 lire la liste d\u2019ingr\u00e9dients figurant sur son emballage afin de vous assurer que les ingr\u00e9dients sont adapt\u00e9s \u00e0 votre utilisation personnelle.<\/p>\n<p>AQUA \/ WATER &#8211; HYDROXYPROPYL STARCH PHOSPHATE &#8211; GLYCERIN &#8211; QUATERNIUM-87 &#8211; STEARYL ALCOHOL &#8211; BEHENTRIMONIUM CHLORIDE &#8211; CANDELILLA CERA \/ CANDELILLA WAX &#8211; CAPRYLYL GLYCOL &#8211; CETYL ESTERS &#8211; GERANIOL &#8211; HEXYL CINNAMAL &#8211; ISONONYL ISONONANOATE &#8211; ISOPROPYL ALCOHOL &#8211; LIMONENE &#8211; LINALOOL &#8211; MENTHA PIPERITA OIL \/ PEPPERMINT OIL &#8211; MENTHOL &#8211; 2-OLEAMIDO-1,3-OCTADECANEDIOL &#8211; PHENOXYETHANOL &#8211; PROPYLENE GLYCOL &#8211; RHAMNOSE &#8211; SODIUM HYDROXIDE &#8211; TOCOPHERYL ACETATE &#8211; PARFUM \/ FRAGRANCE.<\/p>\n","protected":false},"excerpt":{"rendered":"<p>DERCOS TECHNIQUE Densi-Solutions Baume Epaisseur est un apr\u00e8s-shampooing qui renforce les cheveux afin d&rsquo;augmenter la r\u00e9sistance capillaire.<\/p>\n<p><strong>\u2022 Besoin : <\/strong> Perte de cheveux | Femmes.<\/p>\n<p><strong>\u2022 Ingr\u00e9dients Cl\u00e9s : <\/strong> Rhamnose pour tonifier le cheveu | C\u00e9ramide pour renforcer et prot\u00e9ger | Huile Essentielle de Menthe Poivr\u00e9e pour stimuler le cuir chevelu.<\/p>\n<p>\u2022 <strong>S\u00e9curit\u00e9 : <\/strong> Sans Sulfates | Sans Parab\u00e8ne | Convient au cuir chevelu sensible.<\/p>\n<p><strong>\u2022 Utilisation : <\/strong> Appliquer de la racine jusqu&rsquo;au pointes, laisser poser puis rincer.<\/p>\n","protected":false},"featured_media":10067,"comment_status":"open","ping_status":"closed","template":"","meta":{"_joinchat":[]},"pwb-brand":[118],"product_cat":[71,72,73,74,75,77,78],"product_tag":[],"brands":[{"id":118,"name":"VICHY","slug":"vichy"}],"_links":{"self":[{"href":"https:\/\/santepara.ma\/index.php?rest_route=\/wp\/v2\/product\/81027"}],"collection":[{"href":"https:\/\/santepara.ma\/index.php?rest_route=\/wp\/v2\/product"}],"about":[{"href":"https:\/\/santepara.ma\/index.php?rest_route=\/wp\/v2\/types\/product"}],"replies":[{"embeddable":true,"href":"https:\/\/santepara.ma\/index.php?rest_route=%2Fwp%2Fv2%2Fcomments&post=81027"}],"wp:featuredmedia":[{"embeddable":true,"href":"https:\/\/santepara.ma\/index.php?rest_route=\/wp\/v2\/media\/10067"}],"wp:attachment":[{"href":"https:\/\/santepara.ma\/index.php?rest_route=%2Fwp%2Fv2%2Fmedia&parent=81027"}],"wp:term":[{"taxonomy":"pwb-brand","embeddable":true,"href":"https:\/\/santepara.ma\/index.php?rest_route=%2Fwp%2Fv2%2Fpwb-brand&post=81027"},{"taxonomy":"product_cat","embeddable":true,"href":"https:\/\/santepara.ma\/index.php?rest_route=%2Fwp%2Fv2%2Fproduct_cat&post=81027"},{"taxonomy":"product_tag","embeddable":true,"href":"https:\/\/santepara.ma\/index.php?rest_route=%2Fwp%2Fv2%2Fproduct_tag&post=81027"}],"curies":[{"name":"wp","href":"https:\/\/api.w.org\/{rel}","templated":true}]}}