{"id":81055,"date":"2023-08-08T23:36:12","date_gmt":"2023-08-08T22:36:12","guid":{"rendered":"https:\/\/santepara.ma\/?product=vichy-uv-protect-brume-hydratante-invisible-spf50-tous-types-de-peaux-75ml"},"modified":"2024-02-22T16:19:27","modified_gmt":"2024-02-22T15:19:27","slug":"vichy-uv-protect-brume-hydratante-invisible-spf50-tous-types-de-peaux-75ml","status":"publish","type":"product","link":"https:\/\/santepara.ma\/?product=vichy-uv-protect-brume-hydratante-invisible-spf50-tous-types-de-peaux-75ml","title":{"rendered":"Vichy UV PROTECT Brume Hydratante Invisible SPF50 Tous Types de Peaux | 75ml"},"content":{"rendered":"<p><strong>Caract\u00e9ristiques : <\/strong><\/p>\n<p>La brume hydratante invisible SPF50 anti-UV est la premi\u00e8re brume hydratante de Vichy qui vous prot\u00e8ge contre les rayons UV pendant toute l&rsquo;ann\u00e9e et emp\u00eache l&rsquo;apparition de taches brunes. Sa formule contient l&rsquo;extrait de la baicaline et est enrichie d\u2019antioxydants dont la peau a besoin pour se prot\u00e9ger.<\/p>\n<p>&#8211; Hydrate la peau imm\u00e9diatement.<\/p>\n<p>&#8211; Pr\u00e9vient les taches brunes.<\/p>\n<p>&#8211; Prot\u00e8ge contre les rayons UV.<\/p>\n<p>&#8211; Protection solaire facile \u00e0 utiliser lors de vos d\u00e9placements.<\/p>\n<p><strong>S\u00e9curit\u00e9 : <\/strong><\/p>\n<p>&#8211; R\u00e9cipient sous pression: Peut \u00e9clater si chauff\u00e9. Tenir \u00e0 l&rsquo;\u00e9cart de la chaleur, des surfaces chaudes, des \u00e9tincelles, des flammes nues et de toute autre source d&rsquo;inflammation. Ne pas percer ou br\u00fbler, m\u00eame apr\u00e8s utilisation. Prot\u00e9ger du soleil. Ne pas exposer \u00e0 des temp\u00e9ratures sup\u00e9rieures \u00e0 50 \u00b0 C.<\/p>\n<p>&#8211; A garder hors de la port\u00e9e des enfants.<\/p>\n<p>&#8211; \u00c9viter de vaporiser sur les yeux ou sur une peau irrit\u00e9e et d\u2019inhaler d\u00e9lib\u00e9r\u00e9ment.<\/p>\n<p>&#8211; Ne pas utiliser \u00e0 d&rsquo;autres fins que celles auxquelles le produit est destin\u00e9.<\/p>\n<p>&#8211; Ne pas utiliser dans un espace confin\u00e9.<\/p>\n<p><strong>Ingr\u00e9dients &amp; Principes Actifs Cl\u00e9s : <\/strong> \u00b5<\/p>\n<p>Un extrait de Graines de Karit\u00e9 d&rsquo;origine v\u00e9g\u00e9tale combin\u00e9 \u00e0 deux antioxydants, \u00e0 savoir, l\u2019Extrait de Racine de Baicaline de Chine et la Vitamine E, pour vous aider \u00e0 emp\u00eacher l&rsquo;oxydation de la peau caus\u00e9e par la pollution.<\/p>\n<p><strong>Conseils d&rsquo;Utilisation : <\/strong><\/p>\n<p>Fermer les yeux et pincer les l\u00e8vres pendant l&rsquo;application. Pulv\u00e9riser g\u00e9n\u00e9reusement et de mani\u00e8re \u00e9gale sur tout le visage dans un mouvement horizontal et d\u2019une distance minimum de 15 cm.<\/p>\n<p>En cas de contact avec les l\u00e8vres, il est conseill\u00e9 d\u2019essuyez l&rsquo;exc\u00e8s du produit.<\/p>\n<p><strong>Composition : <\/strong><\/p>\n<p>Les listes d\u2019ingr\u00e9dients entrant dans la composition des produits de notre marque sont r\u00e9guli\u00e8rement mises \u00e0 jour. Avant d\u2019utiliser un produit de notre marque, vous \u00eates invit\u00e9s \u00e0 lire la liste d\u2019ingr\u00e9dients figurant sur son emballage afin de vous assurer que les ingr\u00e9dients sont adapt\u00e9s \u00e0 votre utilisation personnelle.<\/p>\n<p>BUTANE &#8211; AQUA \/ WATER &#8211; HOMOSALATE &#8211; OCTOCRYLENE &#8211; GLYCERIN &#8211; DIMETHICONE &#8211; DICAPRYLYL CARBONATE &#8211; NYLON-12 &#8211; DIISOPROPYL SEBACATE &#8211; ETHYLHEXYL SALICYLATE &#8211; DROMETRIZOLE TRISILOXANE &#8211; BUTYL METHOXYDIBENZOYLMETHANE &#8211; STYRENE\/ACRYLATES COPOLYMER &#8211; p-ANISIC ACID &#8211; BUTYLENE GLYCOL &#8211; BUTYROSPERMUM PARKII SEEDCAKE EXTRACT \/ SHEA SEEDCAKE EXTRACT &#8211; CAPRYLYL GLYCOL &#8211; CITRIC ACID &#8211; CYCLOHEXASILOXANE &#8211; DISODIUM EDTA &#8211; ETHYLHEXYL TRIAZONE &#8211; METHYL METHACRYLATE CROSSPOLYMER &#8211; PEG-32 &#8211; PEG-8 LAURATE &#8211; PENTYLENE GLYCOL &#8211; PHENOXYETHANOL &#8211; POLY C10-30 ALKYL ACRYLATE &#8211; POLYGLYCERYL-6 POLYRICINOLEATE &#8211; SCUTELLARIA BAICALENSIS EXTRACT \/ SCUTELLARIA BAICALENSIS ROOT EXTRACT &#8211; SODIUM CHLORIDE &#8211; TOCOPHEROL &#8211; TRIETHANOLAMINE &#8211; PARFUM \/ FRAGRANCE.<\/p>\n","protected":false},"excerpt":{"rendered":"<p>UV PROTECT Brume Hydratante Invisible hydrate, tout en prot\u00e8geant contre les rayons UV et emp\u00eache l&rsquo;apparition de taches brunes.<\/p>\n<p>\u2022 Indice SPF : 50<\/p>\n<p><strong>\u2022 Besoin : <\/strong> Hydrater, prot\u00e9ger, couvrir | Tous types de peaux.<\/p>\n<p><strong>\u2022 Ingr\u00e9dients Cl\u00e9s : <\/strong> Vitamine E, extrait de Racine de Baicaline et Graines de Karit\u00e9 pour prot\u00e9ger de la pollution.<\/p>\n<p>\u2022 <strong>S\u00e9curit\u00e9 : <\/strong> R\u00e9cipient sous pression | Ne pas utiliser dans un espace confin\u00e9.<\/p>\n<p><strong>\u2022 Utilisation : <\/strong> Appliquer le matin apr\u00e8s votre routine. Eviter le contact avec les l\u00e8vres. Visage.<\/p>\n","protected":false},"featured_media":10188,"comment_status":"open","ping_status":"closed","template":"","meta":{"_joinchat":[]},"pwb-brand":[118],"product_cat":[139,73,141,110,114],"product_tag":[],"brands":[{"id":118,"name":"VICHY","slug":"vichy"}],"_links":{"self":[{"href":"https:\/\/santepara.ma\/index.php?rest_route=\/wp\/v2\/product\/81055"}],"collection":[{"href":"https:\/\/santepara.ma\/index.php?rest_route=\/wp\/v2\/product"}],"about":[{"href":"https:\/\/santepara.ma\/index.php?rest_route=\/wp\/v2\/types\/product"}],"replies":[{"embeddable":true,"href":"https:\/\/santepara.ma\/index.php?rest_route=%2Fwp%2Fv2%2Fcomments&post=81055"}],"wp:featuredmedia":[{"embeddable":true,"href":"https:\/\/santepara.ma\/index.php?rest_route=\/wp\/v2\/media\/10188"}],"wp:attachment":[{"href":"https:\/\/santepara.ma\/index.php?rest_route=%2Fwp%2Fv2%2Fmedia&parent=81055"}],"wp:term":[{"taxonomy":"pwb-brand","embeddable":true,"href":"https:\/\/santepara.ma\/index.php?rest_route=%2Fwp%2Fv2%2Fpwb-brand&post=81055"},{"taxonomy":"product_cat","embeddable":true,"href":"https:\/\/santepara.ma\/index.php?rest_route=%2Fwp%2Fv2%2Fproduct_cat&post=81055"},{"taxonomy":"product_tag","embeddable":true,"href":"https:\/\/santepara.ma\/index.php?rest_route=%2Fwp%2Fv2%2Fproduct_tag&post=81055"}],"curies":[{"name":"wp","href":"https:\/\/api.w.org\/{rel}","templated":true}]}}