{"id":81058,"date":"2023-08-08T23:36:13","date_gmt":"2023-08-08T22:36:13","guid":{"rendered":"https:\/\/santepara.ma\/?product=la-roche-posay-effaclar-mat-hydratant-sebo-regulateur-peau-grasse-et-sensible-40ml"},"modified":"2026-02-24T12:54:39","modified_gmt":"2026-02-24T11:54:39","slug":"la-roche-posay-effaclar-mat-hydratant-sebo-regulateur-peau-grasse-et-sensible-40ml","status":"publish","type":"product","link":"https:\/\/santepara.ma\/?product=la-roche-posay-effaclar-mat-hydratant-sebo-regulateur-peau-grasse-et-sensible-40ml","title":{"rendered":"La Roche-Posay Effaclar Mat Hydratant S\u00e9bo-R\u00e9gulateur Peau Grasse et Sensible | 40ml"},"content":{"rendered":"<p><strong>Caract\u00e9ristiques : <\/strong><\/p>\n<p>Boutons, brillances, pores dilat\u00e9s \u2026 Hydrater une peau mixte ou grasse peut vite devenir un casse-t\u00eate. Afin d&rsquo;hydrater les peaux produisant trop de s\u00e9bum tout en les r\u00e9\u00e9quilibrant, La Roche-Posay a cr\u00e9\u00e9 la cr\u00e8me Effaclar Mat s\u00e9bo-r\u00e9gulateur.<\/p>\n<p><strong>S\u00e9curit\u00e9 : <\/strong><\/p>\n<p>&#8211; Non-Com\u00e9dog\u00e8ne.<\/p>\n<p>&#8211; Convient aux peaux sensibles.<\/p>\n<p>&#8211; Test\u00e9 sous contr\u00f4le dermatologique.<\/p>\n<p><strong>Ingr\u00e9dients &amp; Principes Actifs Cl\u00e9s : <\/strong><\/p>\n<p>&#8211; Sebulyse : s\u00e9bo-r\u00e9gulateur dont l&rsquo;action est sup\u00e9rieure au zinc, neutralise la s\u00e9borrh\u00e9e \u00e0 sa source ;<\/p>\n<p>&#8211; Texture non grasse, compos\u00e9e de microsph\u00e8re absorbante et de perlite offre un \u00ab effet buvard \u00bb, pour une peau matifi\u00e9e et un toucher sec instantan\u00e9.<\/p>\n<p><strong>Conseils d&rsquo;Utilisation : <\/strong><\/p>\n<p>Appliquez matin et soir sur le visage pr\u00e9alablement nettoy\u00e9. Ce soin est une excellente base de maquillage.<\/p>\n<p>Evitez la zone du contour des yeux.<\/p>\n<p><strong>Efficacit\u00e9 : <\/strong><\/p>\n<p>ACTION ANTI-BRILLANCE<\/p>\n<p>100% Le produit ne laisse pas de film gras<\/p>\n<p>94% La peau est imm\u00e9diatement matifi\u00e9e<\/p>\n<p>90% Jour apr\u00e8s jour, la peau est matifi\u00e9e<\/p>\n<p>ACTION ANTI-PORES DILAT\u00c9S<\/p>\n<p>94% Le grain de peau est plus fin<\/p>\n<p>76% Les pores sont moins visibles<\/p>\n<p>POUR UNE MEILLEURE QUALIT\u00c9 DE PEAU<\/p>\n<p>98% Le teint est homog\u00e8ne<\/p>\n<p>96% La peau est plus lisse<\/p>\n<p>90% La peau para\u00eet plus saine<\/p>\n<p>*Test cosm\u00e9toclinique sous contr\u00f4le dermatologique, 4 semaines, auto \u00e9valuation, 150 femmes.<\/p>\n<p><strong>Composition : <\/strong><\/p>\n<p>Les listes d\u2019ingr\u00e9dients entrant dans la composition des produits de notre marque sont r\u00e9guli\u00e8rement mises \u00e0 jour. Avant d\u2019utiliser un produit de notre marque, vous \u00eates invit\u00e9s \u00e0 lire la liste d\u2019ingr\u00e9dients figurant sur son emballage afin de vous assurer que les ingr\u00e9dients sont adapt\u00e9s \u00e0 votre utilisation personnelle.<\/p>\n<p>AQUA \/ WATER, GLYCERIN, DIMETHICONE, ISOCETYL STEARATE, ALCOHOL DENAT., SILICA, DIMETHICONE\/VINYL DIMETHICONE CROSSPOLYMER, ACRYLAMIDE\/SODIUM ACRYLOYLDIMETHYLTAURATE COPOLYMER, METHYL METHACRYLATE CROSSPOLYMER, BUTYLENE GLYCOL, PEG-100 STEARATE, COCAMIDE MEA, SARCOSINE, GLYCERYL STEARATE, TRIETHANOLAMINE, ISOHEXADECANE, PERLITE, CAPRYLOYL SALICYLIC ACID, TETRASODIUM EDTA, PENTYLENE GLYCOL, POLYSORBATE 80, ACRYLATES\/C10-30 ALKYL ACRYLATE CROSSPOLYMER, SALICYLIC ACID, PARFUM \/ FRAGRANCE.<\/p>\n","protected":false},"excerpt":{"rendered":"<p>EFFACLAR Mat hydrate les peaux mixtes \u00e0 grasses sans laisser de brillance, resserre les pores et matifie le visage.<\/p>\n<p><strong>\u2022 Besoin : <\/strong> Hydrater | R\u00e9guler | Peaux grasses et sensibles.<\/p>\n<p><strong>\u2022 Ingr\u00e9dients Cl\u00e9s : <\/strong> Sebulyse pour r\u00e9duire l&rsquo;exc\u00e8s de s\u00e9bum | Microsph\u00e8re et Perlite pour effet mat et un toucher sec.<\/p>\n<p>\u2022 <strong>S\u00e9curit\u00e9 : <\/strong> Non-Com\u00e9dog\u00e8ne | Convient aux peaux sensibles.<\/p>\n<p><strong>\u2022 Utilisation : <\/strong> Appliquer matin et soir sur une peau nettoy\u00e9e. Visage.<\/p>\n","protected":false},"featured_media":10204,"comment_status":"open","ping_status":"closed","template":"","meta":{"_joinchat":[]},"pwb-brand":[186],"product_cat":[73,174,175,101,128],"product_tag":[],"brands":[{"id":186,"name":"LA ROCHE-POSAY","slug":"la-roche-posay"}],"_links":{"self":[{"href":"https:\/\/santepara.ma\/index.php?rest_route=\/wp\/v2\/product\/81058"}],"collection":[{"href":"https:\/\/santepara.ma\/index.php?rest_route=\/wp\/v2\/product"}],"about":[{"href":"https:\/\/santepara.ma\/index.php?rest_route=\/wp\/v2\/types\/product"}],"replies":[{"embeddable":true,"href":"https:\/\/santepara.ma\/index.php?rest_route=%2Fwp%2Fv2%2Fcomments&post=81058"}],"wp:featuredmedia":[{"embeddable":true,"href":"https:\/\/santepara.ma\/index.php?rest_route=\/wp\/v2\/media\/10204"}],"wp:attachment":[{"href":"https:\/\/santepara.ma\/index.php?rest_route=%2Fwp%2Fv2%2Fmedia&parent=81058"}],"wp:term":[{"taxonomy":"pwb-brand","embeddable":true,"href":"https:\/\/santepara.ma\/index.php?rest_route=%2Fwp%2Fv2%2Fpwb-brand&post=81058"},{"taxonomy":"product_cat","embeddable":true,"href":"https:\/\/santepara.ma\/index.php?rest_route=%2Fwp%2Fv2%2Fproduct_cat&post=81058"},{"taxonomy":"product_tag","embeddable":true,"href":"https:\/\/santepara.ma\/index.php?rest_route=%2Fwp%2Fv2%2Fproduct_tag&post=81058"}],"curies":[{"name":"wp","href":"https:\/\/api.w.org\/{rel}","templated":true}]}}