{"id":81069,"date":"2023-08-08T23:36:17","date_gmt":"2023-08-08T22:36:17","guid":{"rendered":"https:\/\/santepara.ma\/?product=la-roche-posay-pure-vitamin-c10-serum-anti-age-peau-sensible-30ml"},"modified":"2026-02-24T12:46:38","modified_gmt":"2026-02-24T11:46:38","slug":"la-roche-posay-pure-vitamin-c10-serum-anti-age-peau-sensible-30ml","status":"publish","type":"product","link":"https:\/\/santepara.ma\/?product=la-roche-posay-pure-vitamin-c10-serum-anti-age-peau-sensible-30ml","title":{"rendered":"La Roche-Posay Pure Vitamin C10 S\u00e9rum Anti-Age Peau Sensible | 30ml"},"content":{"rendered":"<p><strong>Caract\u00e9ristiques : <\/strong><\/p>\n<p>Pure Vitamin C10 S\u00e9rum de la Roche-Posay r\u00e9v\u00e8le l&rsquo;\u00e9clat des peaux sensibles.<\/p>\n<p><strong>S\u00e9curit\u00e9 : <\/strong><\/p>\n<p>&#8211; pH physiologique<\/p>\n<p>&#8211; Non-Com\u00e9dog\u00e8ne.<\/p>\n<p>&#8211; Convient aux peaux sensibles.<\/p>\n<p>&#8211; Test\u00e9 sous contr\u00f4le dermatologique.<\/p>\n<p><strong>Ingr\u00e9dients &amp; Principes Actifs Cl\u00e9s : <\/strong><\/p>\n<p>&#8211; 10% de Vitamine C Pure (aussi appel\u00e9e Acide Ascorbique) : rend la peau \u00e9clatante et lisse ridules et rides.<\/p>\n<p>&#8211; Acide Salicylique : d\u00e9sincruste les pores et r\u00e9duit l\u2019accumulation de s\u00e9bum. Favorise \u00e9galement l\u2019\u00e9limination des cellules mortes. Son action k\u00e9ratolytique contribue \u00e0 lisser et adoucir la surface de la peau.<\/p>\n<p>&#8211; Neurosensine : apaise les peaux sensibles.<\/p>\n<p>&#8211; L\u2019Eau Thermale de La Roche-Posay : riche en s\u00e9l\u00e9nium aux pouvoirs antioxydants et apaisants.<\/p>\n<p><strong>Conseils d&rsquo;Utilisation : <\/strong><\/p>\n<p>Appliquer le s\u00e9rum \u00e0 la vitamine C le matin sur l&rsquo;ensemble du visage.<\/p>\n<p>Eviter le contour des yeux. En cas de contact avec les yeux, rincer abondamment. Ne pas appliquer sur les peaux l\u00e9s\u00e9es et sur les plaies. En cas d\u2019inconforts, espacer les applications. L\u2019odeur de ce produit est li\u00e9e \u00e0 son efficacit\u00e9. Elle disparait d\u00e8s l\u2019application.<\/p>\n<p>Nous vous recommandons d&rsquo;appliquer une cr\u00e8me \u00e0 la vitamine C sur l&rsquo;ensemble du visage et un contour de yeux \u00e0 la vitamine C en journ\u00e9e pendant toute la p\u00e9riode d&rsquo;utilisation du s\u00e9rum et d&rsquo;\u00e9viter une exposition prolong\u00e9e au soleil.<\/p>\n<p><strong>Efficacit\u00e9 : <\/strong><\/p>\n<p>RESULTATS*<\/p>\n<p>71% les ridules sont r\u00e9duites<\/p>\n<p>71% le teint est plus lumineux<\/p>\n<p>84% la peau retrouve son \u00e9clat<\/p>\n<p>87% le grain de peau est affin\u00e9<\/p>\n<p>* Questionnaire d&rsquo;auto-\u00e9valuation, N=53, tous types de peau, \u00e9tude men\u00e9e sur 8 semaines<\/p>\n<p><strong>Composition : <\/strong><\/p>\n<p>Les listes d\u2019ingr\u00e9dients entrant dans la composition des produits de notre marque sont r\u00e9guli\u00e8rement mises \u00e0 jour. Avant d\u2019utiliser un produit de notre marque, vous \u00eates invit\u00e9s \u00e0 lire la liste d\u2019ingr\u00e9dients figurant sur son emballage afin de vous assurer que les ingr\u00e9dients sont adapt\u00e9s \u00e0 votre utilisation personnelle.<\/p>\n<p>AQUA \/WATER, ASCORBIC AC ID, CYCLOHEXAS I LOXANE, GLYCERIN, ALCOHOL DENAT., POTASSIUM HYDROXIDE, POLYMETHYLSILSESQUIOXANE, POLYSILICONE-11, DIMETHICONE, PROPYLENE GLYCOL, PENTAERYTHRITYL TETRAETHYLHEXANOATE, C13-14 ISOPARAFFIN, PEG-20 METHYL GLUCOSE SESQUISTEARATE, SODIUM HYALURONATE, ADENOSINE, POLOXAMER 338, AMMONIUM POLYACRYLOYLDIMETHYL TAURATE, DISODIUM EDTA, HYDROLYZED HYALURONIC ACID, CAPRYLYL GLYCOL, LAURETH-7, ACETYL DIPEPTIDE-1 CETYL ESTER, XANTHAN GUM, TOLUENE SULFONICACID, POLYACRYLAMIDE, TOCOPHEROL, SALICYLIC ACID, PARFUM \/ FRAGRANCE.<\/p>\n","protected":false},"excerpt":{"rendered":"<p>PURE VITAMIN C10 S\u00e9rum est un soin anti-rides et anti-oxydant pour donner de l&rsquo;\u00e9clat, lisser les rides, les ridules du visage et affiner le grain de peau.<\/p>\n<p><strong>\u2022 Besoin : <\/strong> Rides, manque d&rsquo;\u00e9clat, grain de peau irr\u00e9gulier | Peaux sensibles.<\/p>\n<p><strong>\u2022 Ingr\u00e9dients Cl\u00e9s : <\/strong> Vitamine C Pure pour donner de l&rsquo;\u00e9clat et lisser les rides | Acide Salicylique pour lisser et adoucir | Neurosensine pour apaiser.<\/p>\n<p>\u2022 <strong>S\u00e9curit\u00e9 : <\/strong> pH physiologique | Non-Com\u00e9dog\u00e8ne.<\/p>\n<p><strong>\u2022 Utilisation : <\/strong> Appliquer le matin. Visage et le Cou. \u00c9viter le contour de l\u2019\u0153il.<\/p>\n","protected":false},"featured_media":10251,"comment_status":"open","ping_status":"closed","template":"","meta":{"_joinchat":[]},"pwb-brand":[186],"product_cat":[73,183,132,128],"product_tag":[],"brands":[{"id":186,"name":"LA ROCHE-POSAY","slug":"la-roche-posay"}],"_links":{"self":[{"href":"https:\/\/santepara.ma\/index.php?rest_route=\/wp\/v2\/product\/81069"}],"collection":[{"href":"https:\/\/santepara.ma\/index.php?rest_route=\/wp\/v2\/product"}],"about":[{"href":"https:\/\/santepara.ma\/index.php?rest_route=\/wp\/v2\/types\/product"}],"replies":[{"embeddable":true,"href":"https:\/\/santepara.ma\/index.php?rest_route=%2Fwp%2Fv2%2Fcomments&post=81069"}],"wp:featuredmedia":[{"embeddable":true,"href":"https:\/\/santepara.ma\/index.php?rest_route=\/wp\/v2\/media\/10251"}],"wp:attachment":[{"href":"https:\/\/santepara.ma\/index.php?rest_route=%2Fwp%2Fv2%2Fmedia&parent=81069"}],"wp:term":[{"taxonomy":"pwb-brand","embeddable":true,"href":"https:\/\/santepara.ma\/index.php?rest_route=%2Fwp%2Fv2%2Fpwb-brand&post=81069"},{"taxonomy":"product_cat","embeddable":true,"href":"https:\/\/santepara.ma\/index.php?rest_route=%2Fwp%2Fv2%2Fproduct_cat&post=81069"},{"taxonomy":"product_tag","embeddable":true,"href":"https:\/\/santepara.ma\/index.php?rest_route=%2Fwp%2Fv2%2Fproduct_tag&post=81069"}],"curies":[{"name":"wp","href":"https:\/\/api.w.org\/{rel}","templated":true}]}}