{"id":81136,"date":"2023-08-08T23:36:32","date_gmt":"2023-08-08T22:36:32","guid":{"rendered":"https:\/\/santepara.ma\/?product=la-roche-posay-hydraphase-ha-riche-creme-hydratante-peau-seche-a-tres-seche-50ml"},"modified":"2026-02-24T11:44:20","modified_gmt":"2026-02-24T10:44:20","slug":"la-roche-posay-hydraphase-ha-riche-creme-hydratante-peau-seche-a-tres-seche-50ml","status":"publish","type":"product","link":"https:\/\/santepara.ma\/?product=la-roche-posay-hydraphase-ha-riche-creme-hydratante-peau-seche-a-tres-seche-50ml","title":{"rendered":"La Roche-Posay Hydraphase HA Riche Cr\u00e8me Hydratante Peau S\u00e8che \u00e0 Tr\u00e8s S\u00e8che | 50ml"},"content":{"rendered":"<p><strong>Caract\u00e9ristiques : <\/strong><\/p>\n<p>Votre peau est sensible et d\u00e9shydrat\u00e9e, et parce que chaque jour les conditions climatiques et le stress rendent votre teint terne, vous souhaitez lui apporter l\u2019\u00e9clat et le r\u00e9confort qu\u2019elle m\u00e9rite. Alors c\u2019est la cr\u00e8me HYDRAPHASE Cr\u00e8me Riche de La Roche-Posay dont vous avez besoin.<\/p>\n<p>Compos\u00e9e d\u2019acide hyaluronique qui permet de retenir l\u2019eau \u00e0 l\u2019int\u00e9rieur des cellules de la peau, elle favorise le maintien d\u2019une bonne hydratation pendant 72 heures. Votre peau est renforc\u00e9e, repulp\u00e9e et \u00e9clatante de beaut\u00e9.<\/p>\n<p><strong>S\u00e9curit\u00e9 : <\/strong><\/p>\n<p>&#8211; Tol\u00e9rance test\u00e9e sous contr\u00f4le dermatologique.<\/p>\n<p><strong>Ingr\u00e9dients &amp; Principes Actifs Cl\u00e9s : <\/strong><\/p>\n<p>&#8211; Acide Hyaluronique : d&rsquo;origine naturelle et issu de la technologie verte, puissant actif hydratant pour repulper la peau et ravive l&rsquo;\u00e9clat du teint.<\/p>\n<p>&#8211; Eau Thermale de la Roche-Posay : provient d&rsquo;une source renouvelable, pour apaiser et adoucir la peau.<\/p>\n<p><strong>Conseils d&rsquo;Utilisation : <\/strong><\/p>\n<p>&#8211; Appliquer le soin matin et\/ou soir, au quotidien.<\/p>\n<p>&#8211; Appliquer sur le visage et le cou, sur une peau propre et s\u00e8che.<\/p>\n<p><strong>Efficacit\u00e9 : <\/strong><\/p>\n<p>R\u00c9SULTAT CLINIQUE SUR L&rsquo;HYDRATION *<\/p>\n<p>+58% Am\u00e9lioration de l&rsquo;hydratation 30 minutes seulement apr\u00e8s la premi\u00e8re application.<\/p>\n<p>EFFICACIT\u00c9 CLINIQUEMENT PROUV\u00c9E**<\/p>\n<p>80% La peau para\u00eet imm\u00e9diatement plus douce.<\/p>\n<p>96% La peau semble imm\u00e9diatement hydrat\u00e9e.<\/p>\n<p>82% La peau est imm\u00e9diatement plus confortable.<\/p>\n<p>\u200b<\/p>\n<p>*Test de corn\u00e9om\u00e9trie sur 24 femmes \u00e2g\u00e9es de 40 \u00e0 65 ans pr\u00e9sentant une peau s\u00e8che. Une application. \u200b<\/p>\n<p>**Etude cosm\u00e9toclinique sur 108 femmes, r\u00e9sidant en France, \u00e2g\u00e9es de 25 \u00e0 45 ans \u00e0 la peau sensible.<\/p>\n<p><strong>Composition : <\/strong><\/p>\n<p>Les listes d\u2019ingr\u00e9dients entrant dans la composition des produits de notre marque sont r\u00e9guli\u00e8rement mises \u00e0 jour. Avant d\u2019utiliser un produit de notre marque, vous \u00eates invit\u00e9s \u00e0 lire la liste d\u2019ingr\u00e9dients figurant sur son emballage afin de vous assurer que les ingr\u00e9dients sont adapt\u00e9s \u00e0 votre utilisation personnelle.<\/p>\n<p>AQUA \/WATER \/ EAU, GLYCERIN, ISOPROPYL PALMITATE, BUTYROSPERMUM PARKII BUTTER \/ SHEA BUTTER, LAUROYL LYSINE, CETYL ALCOHOL, UREA, PEG-100 STEARATE, GLYCERYL STEARATE, CERA ALBA \/ BEESWAX \/ CIRE DABEILLE, PENTYLENE GLYCOL, STEARIC ACID, CARBOMER, GLYCERYL ACRYLATE\/ACRYLIC ACID COPOLYMER, SODIUM HYALURONATE, SODIUM HYDROXIDE, MYRISTIC ACID, PALMITIC ACID, HYDROLYZED HYALURONIC ACID, CAPRYLYL GLYCOL, CITRIC ACID, TRISODIUM ETHYLENEDIAMINE DISUCCINATE, XANTHAN GUM, POLYSORBATE 60, PENTAERYTHRITYL TETRA-DI-T-BUTYL HYDROXYHYDROCINNAMATE, CHLORPHENESIN, PARFUM \/ FRAGRANCE.<\/p>\n","protected":false},"excerpt":{"rendered":"<p>HYDRAPHASE HA repulpe, renforce et hydrate votre peau pendant 72H.<\/p>\n<p><strong>\u2022 Besoin : <\/strong> Hydrater | Peaux s\u00e8ches \u00e0 tr\u00e8s s\u00e8ches.<\/p>\n<p><strong>\u2022 Ingr\u00e9dients Cl\u00e9s : <\/strong> Acide Hyaluronique pour repulper et raviver l&rsquo;\u00e9clat | Eau Thermale de la Roche-Posay pour apaiser et adoucir.<\/p>\n<p>\u2022 <strong>S\u00e9curit\u00e9 : <\/strong> Convient aux peaux sensibles.<\/p>\n<p><strong>\u2022 Utilisation : <\/strong> Appliquer matin et soir sur une peau s\u00e8che. Visage et cou.<\/p>\n","protected":false},"featured_media":10509,"comment_status":"open","ping_status":"closed","template":"","meta":{"_joinchat":[]},"pwb-brand":[186],"product_cat":[82,73,174,85,83],"product_tag":[],"brands":[{"id":186,"name":"LA ROCHE-POSAY","slug":"la-roche-posay"}],"_links":{"self":[{"href":"https:\/\/santepara.ma\/index.php?rest_route=\/wp\/v2\/product\/81136"}],"collection":[{"href":"https:\/\/santepara.ma\/index.php?rest_route=\/wp\/v2\/product"}],"about":[{"href":"https:\/\/santepara.ma\/index.php?rest_route=\/wp\/v2\/types\/product"}],"replies":[{"embeddable":true,"href":"https:\/\/santepara.ma\/index.php?rest_route=%2Fwp%2Fv2%2Fcomments&post=81136"}],"wp:featuredmedia":[{"embeddable":true,"href":"https:\/\/santepara.ma\/index.php?rest_route=\/wp\/v2\/media\/10509"}],"wp:attachment":[{"href":"https:\/\/santepara.ma\/index.php?rest_route=%2Fwp%2Fv2%2Fmedia&parent=81136"}],"wp:term":[{"taxonomy":"pwb-brand","embeddable":true,"href":"https:\/\/santepara.ma\/index.php?rest_route=%2Fwp%2Fv2%2Fpwb-brand&post=81136"},{"taxonomy":"product_cat","embeddable":true,"href":"https:\/\/santepara.ma\/index.php?rest_route=%2Fwp%2Fv2%2Fproduct_cat&post=81136"},{"taxonomy":"product_tag","embeddable":true,"href":"https:\/\/santepara.ma\/index.php?rest_route=%2Fwp%2Fv2%2Fproduct_tag&post=81136"}],"curies":[{"name":"wp","href":"https:\/\/api.w.org\/{rel}","templated":true}]}}