{"id":81153,"date":"2023-08-08T23:36:35","date_gmt":"2023-08-08T22:36:35","guid":{"rendered":"https:\/\/santepara.ma\/?product=vichy-dercos-densi-solutions-shampoing-anti-chute-epaisseur-et-resistance-250ml"},"modified":"2024-02-22T16:19:26","modified_gmt":"2024-02-22T15:19:26","slug":"vichy-dercos-densi-solutions-shampoing-anti-chute-epaisseur-et-resistance-250ml","status":"publish","type":"product","link":"https:\/\/santepara.ma\/?product=vichy-dercos-densi-solutions-shampoing-anti-chute-epaisseur-et-resistance-250ml","title":{"rendered":"Vichy Dercos Densi-Solutions Shampoing Anti-Chute Epaisseur et R\u00e9sistance | 250ml"},"content":{"rendered":"<p><strong>Caract\u00e9ristiques : <\/strong><\/p>\n<p>Le shampooing pour donner du volume des laboratoires Vichy fait partie de la gamme Dercos Densi-Solutions con\u00e7ue pour les chevelures en qu\u00eate de mati\u00e8re. Ce soin contre la perte de masse capillaire est formul\u00e9 pour apporter plusieurs effets b\u00e9n\u00e9fiques :<\/p>\n<p>&#8211; \u00e9paississement de la fibre capillaire et une augmentation du volume des cheveux gr\u00e2ce \u00e0 une action sur les longueurs.<\/p>\n<p>&#8211; am\u00e9lioration de la r\u00e9sistance capillaire pour rendre les cheveux plus forts, moins cassants.<\/p>\n<p>&#8211; assainissement du cuir chevelu pour \u00e9vacuer les impuret\u00e9s et favoriser la revitalisation du cheveu d\u00e8s sa racine.<\/p>\n<p>&#8211; augmentation du nombre de cheveux.<\/p>\n<p>Agr\u00e9able \u00e0 appliquer, il apporte une sensation de fra\u00eecheur gr\u00e2ce \u00e0 son parfum d\u00e9licat. La texture l\u00e9g\u00e8re et mousseuse de ce soin pour les cheveux permet un rin\u00e7age facile.<\/p>\n<p><strong>S\u00e9curit\u00e9 : <\/strong><\/p>\n<p>&#8211; Sans Parab\u00e8ne.<\/p>\n<p>&#8211; Sans Silicone.<\/p>\n<p>&#8211; Sans Colorants.<\/p>\n<p>&#8211; Test\u00e9 sous contr\u00f4le dermatologique.<\/p>\n<p><strong>Ingr\u00e9dients &amp; Principes Actifs Cl\u00e9s : <\/strong><\/p>\n<p>&#8211; Rhamnose : sucre v\u00e9g\u00e9tal, renforce la fibre capillaire et redonne ainsi de la vitalit\u00e9 \u00e0 la chevelure.<\/p>\n<p>&#8211; Filloxane : mol\u00e9cule aux propri\u00e9t\u00e9s densifiantes, agit au c\u0153ur de la fibre du cheveu pour lui apporter de l&rsquo;\u00e9paisseur.<\/p>\n<p><strong>Conseils d&rsquo;Utilisation : <\/strong><\/p>\n<p>&#8211; Appliquez sur les racines et les longueurs de vos cheveux, apr\u00e8s les avoir coiff\u00e9s et mouill\u00e9s.<\/p>\n<p>&#8211; Proc\u00e9dez ensuite \u00e0 un massage l\u00e9ger par des gestes circulaires doux sur l&rsquo;ensemble du cuir chevelu pendant quelques minutes, afin de stimuler la circulation sanguine.<\/p>\n<p>&#8211; Rincez abondamment.<\/p>\n<p>L&rsquo;application peut \u00eatre r\u00e9p\u00e9t\u00e9e r\u00e9guli\u00e8rement.<\/p>\n<p><strong>Efficacit\u00e9 : <\/strong><\/p>\n<p>+ 40% de volume d\u00e8s la premi\u00e8re application*. Donne du volume et de la densit\u00e9 lorsque le produit est utilis\u00e9 dans sa routine compl\u00e8te (Baume r\u00e9g\u00e9n\u00e9rant &amp; Concentr\u00e9 cr\u00e9ateur de masse capillaire)*.<\/p>\n<p>94% des consommateurs ont per\u00e7ue leur chevelure \u00e9paissie en 6 semaines**<\/p>\n<p>*Test instrumental apr\u00e8s une application.<\/p>\n<p>** Test consommateur \u2013pourcentage de satisfaction \u2013 shampooing + baume + soin concentr\u00e9 &#8211; 138 sujets &#8211; 6 semaines.<\/p>\n<p><strong>Composition : <\/strong><\/p>\n<p>Les listes d\u2019ingr\u00e9dients entrant dans la composition des produits de notre marque sont r\u00e9guli\u00e8rement mises \u00e0 jour. Avant d\u2019utiliser un produit de notre marque, vous \u00eates invit\u00e9s \u00e0 lire la liste d\u2019ingr\u00e9dients figurant sur son emballage afin de vous assurer que les ingr\u00e9dients sont adapt\u00e9s \u00e0 votre utilisation personnelle.<\/p>\n<p>AQUA \/ WATER &#8211; SODIUM LAURETH SULFATE &#8211; COCAMIDOPROPYL BETAINE &#8211; SODIUM LAURYL SULFATE &#8211; LAURETH-5 CARBOXYLIC ACID &#8211; AMINOPROPYL TRIETHOXYSILANE &#8211; AMODIMETHICONE &#8211; C11-15 PARETH-7 &#8211; CARAMEL &#8211; CHLORPHENESIN &#8211; CITRIC ACID &#8211; DISODIUM EDTA &#8211; GERANIOL &#8211; GLYCERIN &#8211; HEXYL CINNAMAL &#8211; ISOEUGENOL &#8211; LACTIC ACID &#8211; LAURETH-9 &#8211; LIMONENE &#8211; LINALOOL &#8211; MENTHA PIPERITA OIL \/ PEPPERMINT OIL &#8211; MENTHOL &#8211; PEG-55 PROPYLENE GLYCOL OLEATE &#8211; PEG-60 HYDROGENATED CASTOR OIL &#8211; PHENOXYETHANOL &#8211; PIROCTONE OLAMINE &#8211; POLYQUATERNIUM-67 &#8211; PPG-5-CETETH-20 &#8211; PROPYLENE GLYCOL &#8211; RHAMNOSE &#8211; SALICYLIC ACID &#8211; SODIUM CHLORIDE &#8211; SODIUM HYDROXIDE &#8211; SORBIC ACID &#8211; TOCOPHERYL ACETATE &#8211; TRIDECETH-12 &#8211; PARFUM \/ FRAGRANCE.<\/p>\n","protected":false},"excerpt":{"rendered":"<p>DERCOS TECHNIQUE Densi-Solutions Shampooing augmente le volume et l&rsquo;\u00e9paisseur de votre chevelure.<\/p>\n<p><strong>\u2022 Besoin : <\/strong> Chute de cheveux | Femmes.<\/p>\n<p><strong>\u2022 Ingr\u00e9dients Cl\u00e9s : <\/strong> Rhamnose pour renforcer | Filloxane pour densifier et \u00e9paissir.<\/p>\n<p>\u2022 <strong>S\u00e9curit\u00e9 : <\/strong> Sans Parab\u00e8ne.<\/p>\n<p><strong>\u2022 Utilisation : <\/strong> Appliquer sur les racine et les longueurs, masser puis rincer.<\/p>\n","protected":false},"featured_media":10578,"comment_status":"open","ping_status":"closed","template":"","meta":{"_joinchat":[]},"pwb-brand":[118],"product_cat":[73,144,77,78],"product_tag":[],"brands":[{"id":118,"name":"VICHY","slug":"vichy"}],"_links":{"self":[{"href":"https:\/\/santepara.ma\/index.php?rest_route=\/wp\/v2\/product\/81153"}],"collection":[{"href":"https:\/\/santepara.ma\/index.php?rest_route=\/wp\/v2\/product"}],"about":[{"href":"https:\/\/santepara.ma\/index.php?rest_route=\/wp\/v2\/types\/product"}],"replies":[{"embeddable":true,"href":"https:\/\/santepara.ma\/index.php?rest_route=%2Fwp%2Fv2%2Fcomments&post=81153"}],"wp:featuredmedia":[{"embeddable":true,"href":"https:\/\/santepara.ma\/index.php?rest_route=\/wp\/v2\/media\/10578"}],"wp:attachment":[{"href":"https:\/\/santepara.ma\/index.php?rest_route=%2Fwp%2Fv2%2Fmedia&parent=81153"}],"wp:term":[{"taxonomy":"pwb-brand","embeddable":true,"href":"https:\/\/santepara.ma\/index.php?rest_route=%2Fwp%2Fv2%2Fpwb-brand&post=81153"},{"taxonomy":"product_cat","embeddable":true,"href":"https:\/\/santepara.ma\/index.php?rest_route=%2Fwp%2Fv2%2Fproduct_cat&post=81153"},{"taxonomy":"product_tag","embeddable":true,"href":"https:\/\/santepara.ma\/index.php?rest_route=%2Fwp%2Fv2%2Fproduct_tag&post=81153"}],"curies":[{"name":"wp","href":"https:\/\/api.w.org\/{rel}","templated":true}]}}