{"id":81154,"date":"2023-08-08T23:36:35","date_gmt":"2023-08-08T22:36:35","guid":{"rendered":"https:\/\/santepara.ma\/?product=vichy-dercos-shampoing-energisant-anti-chute-200ml"},"modified":"2024-02-22T16:19:23","modified_gmt":"2024-02-22T15:19:23","slug":"vichy-dercos-shampoing-energisant-anti-chute-200ml","status":"publish","type":"product","link":"https:\/\/santepara.ma\/?product=vichy-dercos-shampoing-energisant-anti-chute-200ml","title":{"rendered":"Vichy Dercos Shampoing Energisant Anti-Chute | 200ml"},"content":{"rendered":"<p><strong>Caract\u00e9ristiques : <\/strong><\/p>\n<p>Le soin lavant de cette gamme permet notamment, gr\u00e2ce \u00e0 des actifs brevet\u00e9s et efficaces :<\/p>\n<p>&#8211; de nettoyer en douceur les cheveux, pour les rendre souples et brillants.<\/p>\n<p>&#8211; de limiter la chute des cheveux en vitalisant le cuir chevelu.<\/p>\n<p>&#8211; de renforcer la fibre capillaire, pour faciliter le coiffage d&rsquo;un cheveu plus r\u00e9sistant.<\/p>\n<p>\u00c0 chaque lavage, vos cheveux et votre cuir chevelu gagnent en \u00e9nergie et en r\u00e9sistance, pour une chevelure plus dense et avec du volume.<\/p>\n<p><strong>S\u00e9curit\u00e9 : <\/strong><\/p>\n<p>&#8211; Hypoallerg\u00e9nique.<\/p>\n<p>&#8211; Sans Parab\u00e8ne.<\/p>\n<p>&#8211; Test\u00e9 sous contr\u00f4le dermatologique.<\/p>\n<p><strong>Ingr\u00e9dients &amp; Principes Actifs Cl\u00e9s : <\/strong><\/p>\n<p>&#8211; Aminexil : mol\u00e9cule brevet\u00e9e qui aide \u00e0 lutter contre la chute des cheveux.<\/p>\n<p>&#8211; Disodium Cocoamphodiacetate : agent nettoyant tr\u00e8s doux qui laisse le cheveu souple et brillant.<\/p>\n<p>&#8211; Vitamines B3 et B5 : renforcent la fibre capillaire et le follicule pileux, favorisant ainsi la repousse.<\/p>\n<p><strong>Conseils d&rsquo;Utilisation : <\/strong><\/p>\n<p>Aussi souvent que n\u00e9cessaire, lavez-vous les cheveux avec le shampooing \u00e9nergisant Dercos Energy de Vichy.<\/p>\n<p>&#8211; Sur vos cheveux mouill\u00e9s, appliquez une noisette de produit et faites mousser en massant d\u00e9licatement le cuir chevelu.<\/p>\n<p>&#8211; Laissez agir quelques instants avant de rincer abondamment.<\/p>\n<p>&#8211; D\u00e9m\u00ealez ensuite votre chevelure et au besoin appliquez le traitement anti-chute de la gamme.<\/p>\n<p><strong>Efficacit\u00e9 : <\/strong><\/p>\n<p>Les cheveux retrouvent vigueur et vitalit\u00e9 des racines jusqu&rsquo;aux pointes.<\/p>\n<p>Cheveux plus forts : pour 89% des sujets.<\/p>\n<p>Cheveux plus toniques : pour 90% des sujets.<\/p>\n<p><strong>Composition : <\/strong><\/p>\n<p>Les listes d\u2019ingr\u00e9dients entrant dans la composition des produits de notre marque sont r\u00e9guli\u00e8rement mises \u00e0 jour. Avant d\u2019utiliser un produit de notre marque, vous \u00eates invit\u00e9s \u00e0 lire la liste d\u2019ingr\u00e9dients figurant sur son emballage afin de vous assurer que les ingr\u00e9dients sont adapt\u00e9s \u00e0 votre utilisation personnelle.<\/p>\n<p>AQUA \/ WATER &#8211; SODIUM LAURETH SULFATE &#8211; CITRIC ACID &#8211; DISODIUM COCOAMPHODIACETATE &#8211; GLYCOL DISTEARATE &#8211; AMMONIUM HYDROXIDE &#8211; CARBOMER &#8211; DIAMINOPYRIMIDINE OXIDE &#8211; DISODIUM RICINOLEAMIDO MEA-SULFOSUCCINATE &#8211; HEXYLENE GLYCOL &#8211; NIACINAMIDE &#8211; PANTHENOL &#8211; PEG-55 PROPYLENE GLYCOL OLEATE &#8211; POLYQUATERNIUM-10 &#8211; PROPYLENE GLYCOL &#8211; PYRIDOXINE HCl &#8211; SALICYLIC ACID &#8211; SODIUM BENZOATE &#8211; SODIUM CHLORIDE &#8211; SODIUM HYDROXIDE &#8211; PARFUM \/ FRAGRANCE.<\/p>\n","protected":false},"excerpt":{"rendered":"<p>DERCOS TECHNIQUE Shampooing Energisant Anti-Chute limite la perte de cheveux. Votre chevelure gagne en densit\u00e9 et en r\u00e9sistance.<\/p>\n<p><strong>\u2022 Besoin : <\/strong> Chute de cheveux.<\/p>\n<p><strong>\u2022 Ingr\u00e9dients Cl\u00e9s : <\/strong> Aminexil pour lutter contre la chute des cheveux | Vitamine B3\/B5 pour renforcer et favoriser la repousse.<\/p>\n<p>\u2022 <strong>S\u00e9curit\u00e9 : <\/strong> Hypoallerg\u00e9nique | Sans Parab\u00e8ne.<\/p>\n<p><strong>\u2022 Utilisation : <\/strong> Usage fr\u00e9quent. Appliquer, mousser, laisser agir puis rincer.<\/p>\n","protected":false},"featured_media":10593,"comment_status":"open","ping_status":"closed","template":"","meta":{"_joinchat":[]},"pwb-brand":[118],"product_cat":[72,73,144,77],"product_tag":[],"brands":[{"id":118,"name":"VICHY","slug":"vichy"}],"_links":{"self":[{"href":"https:\/\/santepara.ma\/index.php?rest_route=\/wp\/v2\/product\/81154"}],"collection":[{"href":"https:\/\/santepara.ma\/index.php?rest_route=\/wp\/v2\/product"}],"about":[{"href":"https:\/\/santepara.ma\/index.php?rest_route=\/wp\/v2\/types\/product"}],"replies":[{"embeddable":true,"href":"https:\/\/santepara.ma\/index.php?rest_route=%2Fwp%2Fv2%2Fcomments&post=81154"}],"wp:featuredmedia":[{"embeddable":true,"href":"https:\/\/santepara.ma\/index.php?rest_route=\/wp\/v2\/media\/10593"}],"wp:attachment":[{"href":"https:\/\/santepara.ma\/index.php?rest_route=%2Fwp%2Fv2%2Fmedia&parent=81154"}],"wp:term":[{"taxonomy":"pwb-brand","embeddable":true,"href":"https:\/\/santepara.ma\/index.php?rest_route=%2Fwp%2Fv2%2Fpwb-brand&post=81154"},{"taxonomy":"product_cat","embeddable":true,"href":"https:\/\/santepara.ma\/index.php?rest_route=%2Fwp%2Fv2%2Fproduct_cat&post=81154"},{"taxonomy":"product_tag","embeddable":true,"href":"https:\/\/santepara.ma\/index.php?rest_route=%2Fwp%2Fv2%2Fproduct_tag&post=81154"}],"curies":[{"name":"wp","href":"https:\/\/api.w.org\/{rel}","templated":true}]}}