{"id":81155,"date":"2023-08-08T23:36:35","date_gmt":"2023-08-08T22:36:35","guid":{"rendered":"https:\/\/santepara.ma\/?product=vichy-dercos-neogenic-shampoing-redensifiant-perte-de-cheveux-200ml"},"modified":"2024-02-22T16:19:25","modified_gmt":"2024-02-22T15:19:25","slug":"vichy-dercos-neogenic-shampoing-redensifiant-perte-de-cheveux-200ml","status":"publish","type":"product","link":"https:\/\/santepara.ma\/?product=vichy-dercos-neogenic-shampoing-redensifiant-perte-de-cheveux-200ml","title":{"rendered":"Vichy Dercos Neogenic Shampoing Redensifiant Perte de Cheveux | 200ml"},"content":{"rendered":"<p><strong>Caract\u00e9ristiques : <\/strong><\/p>\n<p>Gr\u00e2ce \u00e0 leurs nombreuses recherches sur le follicule pileux et l&rsquo;environnement des cellules souches des bulbes, les laboratoires Vichy ont permis de constater que le bon fonctionnement du processus capillaire est d\u00e9termin\u00e9 selon le milieu dans lequel celles-ci se trouvent.<\/p>\n<p>Dercos Neogenic agit sur 5 param\u00e8tres pour une chevelure redensif\u00e9e : Volume, Densit\u00e9, Force, Tenue et Corps.<\/p>\n<p><strong>S\u00e9curit\u00e9 : <\/strong><\/p>\n<p>&#8211; Hypoallerg\u00e9nique.<\/p>\n<p>&#8211; Sans Parab\u00e8ne.<\/p>\n<p>&#8211; Test\u00e9 sous contr\u00f4le dermatologique.<\/p>\n<p><strong>Ingr\u00e9dients &amp; Principes Actifs Cl\u00e9s : <\/strong><\/p>\n<p>&#8211; Stemoxydine : mol\u00e9cule brevet\u00e9e agit sur l&rsquo;environnement par mim\u00e9tisme. Elle parvient de cette mani\u00e8re \u00e0 mimer les influences d&rsquo;un milieu hypoxique (un environnement \u00e0 faible teneur en oxyg\u00e8ne), b\u00e9n\u00e9fique pour le bon fonctionnement des cellules souches. R\u00e9veill\u00e9s, les bulbes en dormance s&rsquo;\u00e9veillent.<\/p>\n<p><strong>Conseils d&rsquo;Utilisation : <\/strong><\/p>\n<p>Appliquez sur les cheveux mouill\u00e9s et ensuite massez avec douceur le cuir chevelu en effectuant des mouvement circulaires.<\/p>\n<p>Ce shampoing peut \u00eatre utilis\u00e9 au quotidien.<\/p>\n<p><strong>Composition : <\/strong><\/p>\n<p>Les listes d\u2019ingr\u00e9dients entrant dans la composition des produits de notre marque sont r\u00e9guli\u00e8rement mises \u00e0 jour. Avant d\u2019utiliser un produit de notre marque, vous \u00eates invit\u00e9s \u00e0 lire la liste d\u2019ingr\u00e9dients figurant sur son emballage afin de vous assurer que les ingr\u00e9dients sont adapt\u00e9s \u00e0 votre utilisation personnelle.<\/p>\n<p>AQUA \/ WATER &#8211; AMMONIUM LAURYL SULFATE &#8211; COCAMIDOPROPYL BETAINE &#8211; SODIUM CHLORIDE &#8211; ALCOHOL DENAT. &#8211; BENZOIC ACID &#8211; CITRIC ACID &#8211; DIETHYLLUTIDINATE &#8211; HEXYLENE GLYCOL &#8211; HYDROXYPROPYL GUAR HYDROXYPROPYLTRIMONIUM CHLORIDE &#8211; POLYQUATERNIUM-30 &#8211; SALICYLIC ACID &#8211; SODIUM BENZOATE &#8211; SODIUM HYDROXIDE &#8211; PARFUM \/ FRAGRANCE.<\/p>\n","protected":false},"excerpt":{"rendered":"<p>DERCOS TECHNIQUE Neogenic Shampooing densifie le cheveu, le renforce et l\u2019\u00e9paissit en m\u00eame temps.<\/p>\n<p><strong>\u2022 Besoin : <\/strong> Perte de cheveux | Femmes et Hommes.<\/p>\n<p><strong>\u2022 Ingr\u00e9dients Cl\u00e9s : <\/strong> Stemoxydine pour r\u00e9veiller les bulbes capillaires dormantes.<\/p>\n<p>\u2022 <strong>S\u00e9curit\u00e9 : <\/strong> Hypoallerg\u00e9nique | Sans Parab\u00e8ne.<\/p>\n<p><strong>\u2022 Utilisation : <\/strong> Appliquer sur cheveux mouill\u00e9s, masser en douceur puis rincer.<\/p>\n","protected":false},"featured_media":10599,"comment_status":"open","ping_status":"closed","template":"","meta":{"_joinchat":[]},"pwb-brand":[118],"product_cat":[72,73,144,77,78],"product_tag":[],"brands":[{"id":118,"name":"VICHY","slug":"vichy"}],"_links":{"self":[{"href":"https:\/\/santepara.ma\/index.php?rest_route=\/wp\/v2\/product\/81155"}],"collection":[{"href":"https:\/\/santepara.ma\/index.php?rest_route=\/wp\/v2\/product"}],"about":[{"href":"https:\/\/santepara.ma\/index.php?rest_route=\/wp\/v2\/types\/product"}],"replies":[{"embeddable":true,"href":"https:\/\/santepara.ma\/index.php?rest_route=%2Fwp%2Fv2%2Fcomments&post=81155"}],"wp:featuredmedia":[{"embeddable":true,"href":"https:\/\/santepara.ma\/index.php?rest_route=\/wp\/v2\/media\/10599"}],"wp:attachment":[{"href":"https:\/\/santepara.ma\/index.php?rest_route=%2Fwp%2Fv2%2Fmedia&parent=81155"}],"wp:term":[{"taxonomy":"pwb-brand","embeddable":true,"href":"https:\/\/santepara.ma\/index.php?rest_route=%2Fwp%2Fv2%2Fpwb-brand&post=81155"},{"taxonomy":"product_cat","embeddable":true,"href":"https:\/\/santepara.ma\/index.php?rest_route=%2Fwp%2Fv2%2Fproduct_cat&post=81155"},{"taxonomy":"product_tag","embeddable":true,"href":"https:\/\/santepara.ma\/index.php?rest_route=%2Fwp%2Fv2%2Fproduct_tag&post=81155"}],"curies":[{"name":"wp","href":"https:\/\/api.w.org\/{rel}","templated":true}]}}