{"id":81164,"date":"2023-08-08T23:36:40","date_gmt":"2023-08-08T22:36:40","guid":{"rendered":"https:\/\/santepara.ma\/?product=abcderm-change-intensif-75-ml"},"modified":"2023-11-04T12:56:43","modified_gmt":"2023-11-04T11:56:43","slug":"abcderm-change-intensif-75-ml","status":"publish","type":"product","link":"https:\/\/santepara.ma\/?product=abcderm-change-intensif-75-ml","title":{"rendered":"AbcDerm Change Intensif &#8211; 75 ml"},"content":{"rendered":"","protected":false},"excerpt":{"rendered":"<p>P\u00e2te \u00e0 l&rsquo;eau apaisante des rougeurs du si\u00e8ge<\/p>\n","protected":false},"featured_media":10611,"comment_status":"open","ping_status":"closed","template":"","meta":{"_joinchat":[]},"pwb-brand":[219],"product_cat":[190],"product_tag":[],"brands":[{"id":219,"name":"ABCDERM","slug":"abcderm"}],"_links":{"self":[{"href":"https:\/\/santepara.ma\/index.php?rest_route=\/wp\/v2\/product\/81164"}],"collection":[{"href":"https:\/\/santepara.ma\/index.php?rest_route=\/wp\/v2\/product"}],"about":[{"href":"https:\/\/santepara.ma\/index.php?rest_route=\/wp\/v2\/types\/product"}],"replies":[{"embeddable":true,"href":"https:\/\/santepara.ma\/index.php?rest_route=%2Fwp%2Fv2%2Fcomments&post=81164"}],"wp:featuredmedia":[{"embeddable":true,"href":"https:\/\/santepara.ma\/index.php?rest_route=\/wp\/v2\/media\/10611"}],"wp:attachment":[{"href":"https:\/\/santepara.ma\/index.php?rest_route=%2Fwp%2Fv2%2Fmedia&parent=81164"}],"wp:term":[{"taxonomy":"pwb-brand","embeddable":true,"href":"https:\/\/santepara.ma\/index.php?rest_route=%2Fwp%2Fv2%2Fpwb-brand&post=81164"},{"taxonomy":"product_cat","embeddable":true,"href":"https:\/\/santepara.ma\/index.php?rest_route=%2Fwp%2Fv2%2Fproduct_cat&post=81164"},{"taxonomy":"product_tag","embeddable":true,"href":"https:\/\/santepara.ma\/index.php?rest_route=%2Fwp%2Fv2%2Fproduct_tag&post=81164"}],"curies":[{"name":"wp","href":"https:\/\/api.w.org\/{rel}","templated":true}]}}