{"id":81167,"date":"2023-08-08T23:36:41","date_gmt":"2023-08-08T22:36:41","guid":{"rendered":"https:\/\/santepara.ma\/?product=abcderm-cold-cream-visage-40-ml"},"modified":"2023-11-04T12:56:43","modified_gmt":"2023-11-04T11:56:43","slug":"abcderm-cold-cream-visage-40-ml","status":"publish","type":"product","link":"https:\/\/santepara.ma\/?product=abcderm-cold-cream-visage-40-ml","title":{"rendered":"Abcderm cold cream visage 40 ml"},"content":{"rendered":"","protected":false},"excerpt":{"rendered":"<p>Nourrit et prot\u00e8ge la peau de b\u00e9b\u00e9 et des enfants<\/p>\n","protected":false},"featured_media":10614,"comment_status":"open","ping_status":"closed","template":"","meta":{"_joinchat":[]},"pwb-brand":[219],"product_cat":[256],"product_tag":[],"brands":[{"id":219,"name":"ABCDERM","slug":"abcderm"}],"_links":{"self":[{"href":"https:\/\/santepara.ma\/index.php?rest_route=\/wp\/v2\/product\/81167"}],"collection":[{"href":"https:\/\/santepara.ma\/index.php?rest_route=\/wp\/v2\/product"}],"about":[{"href":"https:\/\/santepara.ma\/index.php?rest_route=\/wp\/v2\/types\/product"}],"replies":[{"embeddable":true,"href":"https:\/\/santepara.ma\/index.php?rest_route=%2Fwp%2Fv2%2Fcomments&post=81167"}],"wp:featuredmedia":[{"embeddable":true,"href":"https:\/\/santepara.ma\/index.php?rest_route=\/wp\/v2\/media\/10614"}],"wp:attachment":[{"href":"https:\/\/santepara.ma\/index.php?rest_route=%2Fwp%2Fv2%2Fmedia&parent=81167"}],"wp:term":[{"taxonomy":"pwb-brand","embeddable":true,"href":"https:\/\/santepara.ma\/index.php?rest_route=%2Fwp%2Fv2%2Fpwb-brand&post=81167"},{"taxonomy":"product_cat","embeddable":true,"href":"https:\/\/santepara.ma\/index.php?rest_route=%2Fwp%2Fv2%2Fproduct_cat&post=81167"},{"taxonomy":"product_tag","embeddable":true,"href":"https:\/\/santepara.ma\/index.php?rest_route=%2Fwp%2Fv2%2Fproduct_tag&post=81167"}],"curies":[{"name":"wp","href":"https:\/\/api.w.org\/{rel}","templated":true}]}}