{"id":81183,"date":"2023-08-08T23:36:43","date_gmt":"2023-08-08T22:36:43","guid":{"rendered":"https:\/\/santepara.ma\/?product=acm-novophane-shampooing-energisant-200-ml"},"modified":"2026-02-23T16:38:51","modified_gmt":"2026-02-23T15:38:51","slug":"acm-novophane-shampooing-energisant-200-ml","status":"publish","type":"product","link":"https:\/\/santepara.ma\/?product=acm-novophane-shampooing-energisant-200-ml","title":{"rendered":"Acm Novophane Shampooing \u00e9nergisant &#8211; 200 ml"},"content":{"rendered":"<p>Gr\u00e2ce \u00e0 son association de 6 vitamines aux propri\u00e9t\u00e9s stimulantes et fortifiantes pour les cheveux et le cuir chevelu, le shampooing \u00e9nergisant NOVOPHANE nettoie en douceur et apporte une action stimulante aux cheveux et cuirs chevelus fragilis\u00e9s. Il redonne volume, force et vigueur aux cheveux et peut s\u2019utiliser aussi souvent que n\u00e9cessaire.<\/p>\n<p>Doux et vitamin\u00e9, il est tr\u00e8s efficace en accompagnement d\u2019un traitement antichute ou en alternance de shampooings traitants, tels que l\u2019un de nos shampooings antipelliculaires.<\/p>\n<p>Il se rince facilement et favorise le d\u00e9m\u00ealage comme le coiffage.<\/p>\n","protected":false},"excerpt":{"rendered":"<div class=\"subtitle\">COMPL\u00c9MENT ID\u00c9AL DES SOINS ANTI-CHUTE.<\/div>\n<div class=\"product-information\">\n<div id=\"product-description-37\" class=\"product-description\">\n<p><strong>UN BAIN D\u2019\u00c9NERGIE, V\u00c9RITABLE SOURCE DE BEAUT\u00c9 ET DE VIGUEUR, DESTIN\u00c9 AUX CHEVEUX FINS, FRAGILES ET SANS VOLUME.<\/strong><\/p>\n<\/div>\n<\/div>\n","protected":false},"featured_media":10667,"comment_status":"open","ping_status":"closed","template":"","meta":{"_joinchat":[]},"pwb-brand":[225],"product_cat":[72,144],"product_tag":[],"brands":[{"id":225,"name":"ACM","slug":"acm"}],"_links":{"self":[{"href":"https:\/\/santepara.ma\/index.php?rest_route=\/wp\/v2\/product\/81183"}],"collection":[{"href":"https:\/\/santepara.ma\/index.php?rest_route=\/wp\/v2\/product"}],"about":[{"href":"https:\/\/santepara.ma\/index.php?rest_route=\/wp\/v2\/types\/product"}],"replies":[{"embeddable":true,"href":"https:\/\/santepara.ma\/index.php?rest_route=%2Fwp%2Fv2%2Fcomments&post=81183"}],"wp:featuredmedia":[{"embeddable":true,"href":"https:\/\/santepara.ma\/index.php?rest_route=\/wp\/v2\/media\/10667"}],"wp:attachment":[{"href":"https:\/\/santepara.ma\/index.php?rest_route=%2Fwp%2Fv2%2Fmedia&parent=81183"}],"wp:term":[{"taxonomy":"pwb-brand","embeddable":true,"href":"https:\/\/santepara.ma\/index.php?rest_route=%2Fwp%2Fv2%2Fpwb-brand&post=81183"},{"taxonomy":"product_cat","embeddable":true,"href":"https:\/\/santepara.ma\/index.php?rest_route=%2Fwp%2Fv2%2Fproduct_cat&post=81183"},{"taxonomy":"product_tag","embeddable":true,"href":"https:\/\/santepara.ma\/index.php?rest_route=%2Fwp%2Fv2%2Fproduct_tag&post=81183"}],"curies":[{"name":"wp","href":"https:\/\/api.w.org\/{rel}","templated":true}]}}