{"id":81244,"date":"2023-08-08T23:36:58","date_gmt":"2023-08-08T22:36:58","guid":{"rendered":"https:\/\/santepara.ma\/?product=addax-creme-keratoregulatrice-et-hydratante-pieds-100-ml"},"modified":"2023-11-04T12:56:52","modified_gmt":"2023-11-04T11:56:52","slug":"addax-creme-keratoregulatrice-et-hydratante-pieds-100-ml","status":"publish","type":"product","link":"https:\/\/santepara.ma\/?product=addax-creme-keratoregulatrice-et-hydratante-pieds-100-ml","title":{"rendered":"Addax Cr\u00e8me k\u00e9rator\u00e9gulatrice et hydratante pieds &#8211; 100 ml"},"content":{"rendered":"","protected":false},"excerpt":{"rendered":"<p>Hydrate les pieds tr\u00e8s secs \u00e0 peaux \u00e9paisses<\/p>\n","protected":false},"featured_media":10781,"comment_status":"open","ping_status":"closed","template":"","meta":{"_joinchat":[]},"pwb-brand":[229],"product_cat":[196,100],"product_tag":[],"brands":[{"id":229,"name":"ADDAX","slug":"addax"}],"_links":{"self":[{"href":"https:\/\/santepara.ma\/index.php?rest_route=\/wp\/v2\/product\/81244"}],"collection":[{"href":"https:\/\/santepara.ma\/index.php?rest_route=\/wp\/v2\/product"}],"about":[{"href":"https:\/\/santepara.ma\/index.php?rest_route=\/wp\/v2\/types\/product"}],"replies":[{"embeddable":true,"href":"https:\/\/santepara.ma\/index.php?rest_route=%2Fwp%2Fv2%2Fcomments&post=81244"}],"wp:featuredmedia":[{"embeddable":true,"href":"https:\/\/santepara.ma\/index.php?rest_route=\/wp\/v2\/media\/10781"}],"wp:attachment":[{"href":"https:\/\/santepara.ma\/index.php?rest_route=%2Fwp%2Fv2%2Fmedia&parent=81244"}],"wp:term":[{"taxonomy":"pwb-brand","embeddable":true,"href":"https:\/\/santepara.ma\/index.php?rest_route=%2Fwp%2Fv2%2Fpwb-brand&post=81244"},{"taxonomy":"product_cat","embeddable":true,"href":"https:\/\/santepara.ma\/index.php?rest_route=%2Fwp%2Fv2%2Fproduct_cat&post=81244"},{"taxonomy":"product_tag","embeddable":true,"href":"https:\/\/santepara.ma\/index.php?rest_route=%2Fwp%2Fv2%2Fproduct_tag&post=81244"}],"curies":[{"name":"wp","href":"https:\/\/api.w.org\/{rel}","templated":true}]}}