{"id":81316,"date":"2023-08-08T23:37:12","date_gmt":"2023-08-08T22:37:12","guid":{"rendered":"https:\/\/santepara.ma\/?product=avene-xeracalm-a-d-huile-lavante-relipidante-400-ml"},"modified":"2023-11-04T12:56:58","modified_gmt":"2023-11-04T11:56:58","slug":"avene-xeracalm-a-d-huile-lavante-relipidante-400-ml","status":"publish","type":"product","link":"https:\/\/santepara.ma\/?product=avene-xeracalm-a-d-huile-lavante-relipidante-400-ml","title":{"rendered":"Av\u00e8ne XeraCalm A.D Huile Lavante Relipidante &#8211; 400 ml"},"content":{"rendered":"","protected":false},"excerpt":{"rendered":"<p>Huile lavante relipidante.<\/p>\n<p>Peaux sensibles s\u00e8ches \u00e0 tr\u00e8s s\u00e8ches sujettes \u00e0 l&rsquo;ecz\u00e9ma atopique et aux d\u00e9mangeaisons.<\/p>\n<p>Nourrissons, enfants, adultes.<\/p>\n","protected":false},"featured_media":10923,"comment_status":"open","ping_status":"closed","template":"","meta":{"_joinchat":[]},"pwb-brand":[235],"product_cat":[98,96,92],"product_tag":[],"brands":[{"id":235,"name":"AV?NE","slug":"avne"}],"_links":{"self":[{"href":"https:\/\/santepara.ma\/index.php?rest_route=\/wp\/v2\/product\/81316"}],"collection":[{"href":"https:\/\/santepara.ma\/index.php?rest_route=\/wp\/v2\/product"}],"about":[{"href":"https:\/\/santepara.ma\/index.php?rest_route=\/wp\/v2\/types\/product"}],"replies":[{"embeddable":true,"href":"https:\/\/santepara.ma\/index.php?rest_route=%2Fwp%2Fv2%2Fcomments&post=81316"}],"wp:featuredmedia":[{"embeddable":true,"href":"https:\/\/santepara.ma\/index.php?rest_route=\/wp\/v2\/media\/10923"}],"wp:attachment":[{"href":"https:\/\/santepara.ma\/index.php?rest_route=%2Fwp%2Fv2%2Fmedia&parent=81316"}],"wp:term":[{"taxonomy":"pwb-brand","embeddable":true,"href":"https:\/\/santepara.ma\/index.php?rest_route=%2Fwp%2Fv2%2Fpwb-brand&post=81316"},{"taxonomy":"product_cat","embeddable":true,"href":"https:\/\/santepara.ma\/index.php?rest_route=%2Fwp%2Fv2%2Fproduct_cat&post=81316"},{"taxonomy":"product_tag","embeddable":true,"href":"https:\/\/santepara.ma\/index.php?rest_route=%2Fwp%2Fv2%2Fproduct_tag&post=81316"}],"curies":[{"name":"wp","href":"https:\/\/api.w.org\/{rel}","templated":true}]}}