{"id":81325,"date":"2023-08-08T23:37:13","date_gmt":"2023-08-08T22:37:13","guid":{"rendered":"https:\/\/santepara.ma\/?product=avene-couvrance-poudre-mosaique-soleil-9g"},"modified":"2023-11-04T12:56:59","modified_gmt":"2023-11-04T11:56:59","slug":"avene-couvrance-poudre-mosaique-soleil-9g","status":"publish","type":"product","link":"https:\/\/santepara.ma\/?product=avene-couvrance-poudre-mosaique-soleil-9g","title":{"rendered":"Av\u00e8ne Couvrance Poudre Mosa\u00efque Soleil &#8211; 9g"},"content":{"rendered":"","protected":false},"excerpt":{"rendered":"<p>Son rendu tr\u00e8s naturel permet de matifier, fixer ou sculpter le maquillage. Sans parfum, sans conservateur, sans paraben.<\/p>\n","protected":false},"featured_media":10950,"comment_status":"open","ping_status":"closed","template":"","meta":{"_joinchat":[]},"pwb-brand":[235],"product_cat":[233,234],"product_tag":[],"brands":[{"id":235,"name":"AV?NE","slug":"avne"}],"_links":{"self":[{"href":"https:\/\/santepara.ma\/index.php?rest_route=\/wp\/v2\/product\/81325"}],"collection":[{"href":"https:\/\/santepara.ma\/index.php?rest_route=\/wp\/v2\/product"}],"about":[{"href":"https:\/\/santepara.ma\/index.php?rest_route=\/wp\/v2\/types\/product"}],"replies":[{"embeddable":true,"href":"https:\/\/santepara.ma\/index.php?rest_route=%2Fwp%2Fv2%2Fcomments&post=81325"}],"wp:featuredmedia":[{"embeddable":true,"href":"https:\/\/santepara.ma\/index.php?rest_route=\/wp\/v2\/media\/10950"}],"wp:attachment":[{"href":"https:\/\/santepara.ma\/index.php?rest_route=%2Fwp%2Fv2%2Fmedia&parent=81325"}],"wp:term":[{"taxonomy":"pwb-brand","embeddable":true,"href":"https:\/\/santepara.ma\/index.php?rest_route=%2Fwp%2Fv2%2Fpwb-brand&post=81325"},{"taxonomy":"product_cat","embeddable":true,"href":"https:\/\/santepara.ma\/index.php?rest_route=%2Fwp%2Fv2%2Fproduct_cat&post=81325"},{"taxonomy":"product_tag","embeddable":true,"href":"https:\/\/santepara.ma\/index.php?rest_route=%2Fwp%2Fv2%2Fproduct_tag&post=81325"}],"curies":[{"name":"wp","href":"https:\/\/api.w.org\/{rel}","templated":true}]}}