{"id":81327,"date":"2023-08-08T23:37:14","date_gmt":"2023-08-08T22:37:14","guid":{"rendered":"https:\/\/santepara.ma\/?product=avene-tolerance-extreme-creme-d-e-f-i-50ml-eau-thermale-50ml-offerte"},"modified":"2026-03-27T16:24:29","modified_gmt":"2026-03-27T15:24:29","slug":"avene-tolerance-extreme-creme-d-e-f-i-50ml-eau-thermale-50ml-offerte","status":"publish","type":"product","link":"https:\/\/santepara.ma\/?product=avene-tolerance-extreme-creme-d-e-f-i-50ml-eau-thermale-50ml-offerte","title":{"rendered":"Av\u00e8ne Tol\u00e9rance Extr\u00eame Cr\u00e8me D.E.F.I &#8211; 50ml"},"content":{"rendered":"","protected":false},"excerpt":{"rendered":"<p>Hydrate et apaise en toute s\u00e9curit\u00e9 les peaux hypersensibles et allergiques. Sa formule b\u00e9n\u00e9ficie de la technologie Cosm\u00e9tique St\u00e9rile : un nouveau standard, unique au monde permettant de fabriquer des formules d\u00e9nu\u00e9es de toute forme de conservateur et dont les propri\u00e9t\u00e9s et l\u2019efficacit\u00e9 ne s\u2019alt\u00e8rent pas dans le temps.<\/p>\n","protected":false},"featured_media":10952,"comment_status":"open","ping_status":"closed","template":"","meta":{"_joinchat":[]},"pwb-brand":[235],"product_cat":[82],"product_tag":[],"brands":[{"id":235,"name":"AV?NE","slug":"avne"}],"_links":{"self":[{"href":"https:\/\/santepara.ma\/index.php?rest_route=\/wp\/v2\/product\/81327"}],"collection":[{"href":"https:\/\/santepara.ma\/index.php?rest_route=\/wp\/v2\/product"}],"about":[{"href":"https:\/\/santepara.ma\/index.php?rest_route=\/wp\/v2\/types\/product"}],"replies":[{"embeddable":true,"href":"https:\/\/santepara.ma\/index.php?rest_route=%2Fwp%2Fv2%2Fcomments&post=81327"}],"wp:featuredmedia":[{"embeddable":true,"href":"https:\/\/santepara.ma\/index.php?rest_route=\/wp\/v2\/media\/10952"}],"wp:attachment":[{"href":"https:\/\/santepara.ma\/index.php?rest_route=%2Fwp%2Fv2%2Fmedia&parent=81327"}],"wp:term":[{"taxonomy":"pwb-brand","embeddable":true,"href":"https:\/\/santepara.ma\/index.php?rest_route=%2Fwp%2Fv2%2Fpwb-brand&post=81327"},{"taxonomy":"product_cat","embeddable":true,"href":"https:\/\/santepara.ma\/index.php?rest_route=%2Fwp%2Fv2%2Fproduct_cat&post=81327"},{"taxonomy":"product_tag","embeddable":true,"href":"https:\/\/santepara.ma\/index.php?rest_route=%2Fwp%2Fv2%2Fproduct_tag&post=81327"}],"curies":[{"name":"wp","href":"https:\/\/api.w.org\/{rel}","templated":true}]}}