{"id":81332,"date":"2023-08-08T23:37:14","date_gmt":"2023-08-08T22:37:14","guid":{"rendered":"https:\/\/santepara.ma\/?product=avene-fluide-solaire-tres-haute-protection-spf-50-50ml"},"modified":"2026-03-27T17:26:50","modified_gmt":"2026-03-27T16:26:50","slug":"avene-fluide-solaire-tres-haute-protection-spf-50-50ml","status":"publish","type":"product","link":"https:\/\/santepara.ma\/?product=avene-fluide-solaire-tres-haute-protection-spf-50-50ml","title":{"rendered":"Av\u00e8ne Fluide Solaire Tr\u00e8s Haute Protection Spf 50+ &#8211; 50ml"},"content":{"rendered":"","protected":false},"excerpt":{"rendered":"<p>Tr\u00e8s haute protection solaire de la peau sensible normale \u00e0 mixte du visage.<\/p>\n<p>Toucher sec. R\u00e9sistant \u00e0 l\u2019eau. Sans silicone.<\/p>\n<p>Tr\u00e8s large protection UVB-UVA. Photostable.<\/p>\n","protected":false},"featured_media":10957,"comment_status":"open","ping_status":"closed","template":"","meta":{"_joinchat":[]},"pwb-brand":[235],"product_cat":[180,113],"product_tag":[],"brands":[{"id":235,"name":"AV?NE","slug":"avne"}],"_links":{"self":[{"href":"https:\/\/santepara.ma\/index.php?rest_route=\/wp\/v2\/product\/81332"}],"collection":[{"href":"https:\/\/santepara.ma\/index.php?rest_route=\/wp\/v2\/product"}],"about":[{"href":"https:\/\/santepara.ma\/index.php?rest_route=\/wp\/v2\/types\/product"}],"replies":[{"embeddable":true,"href":"https:\/\/santepara.ma\/index.php?rest_route=%2Fwp%2Fv2%2Fcomments&post=81332"}],"wp:featuredmedia":[{"embeddable":true,"href":"https:\/\/santepara.ma\/index.php?rest_route=\/wp\/v2\/media\/10957"}],"wp:attachment":[{"href":"https:\/\/santepara.ma\/index.php?rest_route=%2Fwp%2Fv2%2Fmedia&parent=81332"}],"wp:term":[{"taxonomy":"pwb-brand","embeddable":true,"href":"https:\/\/santepara.ma\/index.php?rest_route=%2Fwp%2Fv2%2Fpwb-brand&post=81332"},{"taxonomy":"product_cat","embeddable":true,"href":"https:\/\/santepara.ma\/index.php?rest_route=%2Fwp%2Fv2%2Fproduct_cat&post=81332"},{"taxonomy":"product_tag","embeddable":true,"href":"https:\/\/santepara.ma\/index.php?rest_route=%2Fwp%2Fv2%2Fproduct_tag&post=81332"}],"curies":[{"name":"wp","href":"https:\/\/api.w.org\/{rel}","templated":true}]}}