{"id":81348,"date":"2023-08-08T23:37:18","date_gmt":"2023-08-08T22:37:18","guid":{"rendered":"https:\/\/santepara.ma\/?product=avene-creme-anti-age-tres-haute-protection-spf-50-50ml"},"modified":"2026-03-27T16:06:27","modified_gmt":"2026-03-27T15:06:27","slug":"avene-creme-anti-age-tres-haute-protection-spf-50-50ml","status":"publish","type":"product","link":"https:\/\/santepara.ma\/?product=avene-creme-anti-age-tres-haute-protection-spf-50-50ml","title":{"rendered":"Av\u00e8ne Cr\u00e8me Anti-\u00e2ge Tr\u00e8s Haute Protection &#8211; Spf 50+ &#8211; 50ml"},"content":{"rendered":"","protected":false},"excerpt":{"rendered":"<p>Tr\u00e8s haute protection solaire de la peau sensible s\u00e8che du visage.<\/p>\n<p>R\u00e9sistant \u00e0 l\u2019eau. Sans silicone. Sans paraben.<\/p>\n<p>Large protection UVB-UVA. Photostable.<\/p>\n","protected":false},"featured_media":10991,"comment_status":"open","ping_status":"closed","template":"","meta":{"_joinchat":[]},"pwb-brand":[235],"product_cat":[180,232,111,224,112],"product_tag":[],"brands":[{"id":235,"name":"AV?NE","slug":"avne"}],"_links":{"self":[{"href":"https:\/\/santepara.ma\/index.php?rest_route=\/wp\/v2\/product\/81348"}],"collection":[{"href":"https:\/\/santepara.ma\/index.php?rest_route=\/wp\/v2\/product"}],"about":[{"href":"https:\/\/santepara.ma\/index.php?rest_route=\/wp\/v2\/types\/product"}],"replies":[{"embeddable":true,"href":"https:\/\/santepara.ma\/index.php?rest_route=%2Fwp%2Fv2%2Fcomments&post=81348"}],"wp:featuredmedia":[{"embeddable":true,"href":"https:\/\/santepara.ma\/index.php?rest_route=\/wp\/v2\/media\/10991"}],"wp:attachment":[{"href":"https:\/\/santepara.ma\/index.php?rest_route=%2Fwp%2Fv2%2Fmedia&parent=81348"}],"wp:term":[{"taxonomy":"pwb-brand","embeddable":true,"href":"https:\/\/santepara.ma\/index.php?rest_route=%2Fwp%2Fv2%2Fpwb-brand&post=81348"},{"taxonomy":"product_cat","embeddable":true,"href":"https:\/\/santepara.ma\/index.php?rest_route=%2Fwp%2Fv2%2Fproduct_cat&post=81348"},{"taxonomy":"product_tag","embeddable":true,"href":"https:\/\/santepara.ma\/index.php?rest_route=%2Fwp%2Fv2%2Fproduct_tag&post=81348"}],"curies":[{"name":"wp","href":"https:\/\/api.w.org\/{rel}","templated":true}]}}