{"id":81407,"date":"2023-08-08T23:37:32","date_gmt":"2023-08-08T22:37:32","guid":{"rendered":"https:\/\/santepara.ma\/?product=avent-scf560-62-biberon-classic-x2-125ml-0-mois-et-debit-nouveau-ne"},"modified":"2023-11-04T12:57:06","modified_gmt":"2023-11-04T11:57:06","slug":"avent-scf560-62-biberon-classic-x2-125ml-0-mois-et-debit-nouveau-ne","status":"publish","type":"product","link":"https:\/\/santepara.ma\/?product=avent-scf560-62-biberon-classic-x2-125ml-0-mois-et-debit-nouveau-ne","title":{"rendered":"Avent &#8211; SCF560\/62 &#8211; Biberon Classic + X2 125ml &#8211; 0 mois et + (D\u00e9bit nouveau n\u00e9)"},"content":{"rendered":"","protected":false},"excerpt":{"rendered":"<p>Cliniquement prouv\u00e9, diminue les coliques et l\u2019inconfort<\/p>\n","protected":false},"featured_media":81405,"comment_status":"open","ping_status":"closed","template":"","meta":{"_joinchat":[]},"pwb-brand":[251],"product_cat":[238],"product_tag":[],"brands":[{"id":251,"name":"AVENT","slug":"avent"}],"_links":{"self":[{"href":"https:\/\/santepara.ma\/index.php?rest_route=\/wp\/v2\/product\/81407"}],"collection":[{"href":"https:\/\/santepara.ma\/index.php?rest_route=\/wp\/v2\/product"}],"about":[{"href":"https:\/\/santepara.ma\/index.php?rest_route=\/wp\/v2\/types\/product"}],"replies":[{"embeddable":true,"href":"https:\/\/santepara.ma\/index.php?rest_route=%2Fwp%2Fv2%2Fcomments&post=81407"}],"wp:featuredmedia":[{"embeddable":true,"href":"https:\/\/santepara.ma\/index.php?rest_route=\/wp\/v2\/media\/81405"}],"wp:attachment":[{"href":"https:\/\/santepara.ma\/index.php?rest_route=%2Fwp%2Fv2%2Fmedia&parent=81407"}],"wp:term":[{"taxonomy":"pwb-brand","embeddable":true,"href":"https:\/\/santepara.ma\/index.php?rest_route=%2Fwp%2Fv2%2Fpwb-brand&post=81407"},{"taxonomy":"product_cat","embeddable":true,"href":"https:\/\/santepara.ma\/index.php?rest_route=%2Fwp%2Fv2%2Fproduct_cat&post=81407"},{"taxonomy":"product_tag","embeddable":true,"href":"https:\/\/santepara.ma\/index.php?rest_route=%2Fwp%2Fv2%2Fproduct_tag&post=81407"}],"curies":[{"name":"wp","href":"https:\/\/api.w.org\/{rel}","templated":true}]}}