{"id":81604,"date":"2023-08-08T23:38:22","date_gmt":"2023-08-08T22:38:22","guid":{"rendered":"https:\/\/santepara.ma\/?product=bioderma-photoderm-max-aquafluide-claire-spf-50-40-ml"},"modified":"2024-02-22T16:18:56","modified_gmt":"2024-02-22T15:18:56","slug":"bioderma-photoderm-max-aquafluide-claire-spf-50-40-ml","status":"publish","type":"product","link":"https:\/\/santepara.ma\/?product=bioderma-photoderm-max-aquafluide-claire-spf-50-40-ml","title":{"rendered":"Bioderma &#8211; Photoderm Max Aquafluide Claire Spf 50+ &#8211; 40 ml"},"content":{"rendered":"","protected":false},"excerpt":{"rendered":"<p>La tr\u00e8s haute protection solaire dans une texture fluide et l\u00e9g\u00e8re comme de l&rsquo;eau, au fini toucher sec<\/p>\n","protected":false},"featured_media":81602,"comment_status":"open","ping_status":"closed","template":"","meta":{"_joinchat":[]},"pwb-brand":[259],"product_cat":[180,101,157,158],"product_tag":[],"brands":[{"id":259,"name":"BIODERMA","slug":"bioderma"}],"_links":{"self":[{"href":"https:\/\/santepara.ma\/index.php?rest_route=\/wp\/v2\/product\/81604"}],"collection":[{"href":"https:\/\/santepara.ma\/index.php?rest_route=\/wp\/v2\/product"}],"about":[{"href":"https:\/\/santepara.ma\/index.php?rest_route=\/wp\/v2\/types\/product"}],"replies":[{"embeddable":true,"href":"https:\/\/santepara.ma\/index.php?rest_route=%2Fwp%2Fv2%2Fcomments&post=81604"}],"wp:featuredmedia":[{"embeddable":true,"href":"https:\/\/santepara.ma\/index.php?rest_route=\/wp\/v2\/media\/81602"}],"wp:attachment":[{"href":"https:\/\/santepara.ma\/index.php?rest_route=%2Fwp%2Fv2%2Fmedia&parent=81604"}],"wp:term":[{"taxonomy":"pwb-brand","embeddable":true,"href":"https:\/\/santepara.ma\/index.php?rest_route=%2Fwp%2Fv2%2Fpwb-brand&post=81604"},{"taxonomy":"product_cat","embeddable":true,"href":"https:\/\/santepara.ma\/index.php?rest_route=%2Fwp%2Fv2%2Fproduct_cat&post=81604"},{"taxonomy":"product_tag","embeddable":true,"href":"https:\/\/santepara.ma\/index.php?rest_route=%2Fwp%2Fv2%2Fproduct_tag&post=81604"}],"curies":[{"name":"wp","href":"https:\/\/api.w.org\/{rel}","templated":true}]}}