{"id":81864,"date":"2023-08-08T23:39:24","date_gmt":"2023-08-08T22:39:24","guid":{"rendered":"https:\/\/santepara.ma\/?product=bebe-confort-sucettes-reversibles-en-silicone-x2-gris-0-6m"},"modified":"2023-11-04T12:57:23","modified_gmt":"2023-11-04T11:57:23","slug":"bebe-confort-sucettes-reversibles-en-silicone-x2-gris-0-6m","status":"publish","type":"product","link":"https:\/\/santepara.ma\/?product=bebe-confort-sucettes-reversibles-en-silicone-x2-gris-0-6m","title":{"rendered":"Bebe Confort &#8211; Sucettes r\u00e9versibles en silicone (x2) &#8211; Gris (0-6M +)"},"content":{"rendered":"","protected":false},"excerpt":{"rendered":"<p>R\u00e9versible, la Sucette orthodontique qui se positionne correctement quelque soit le sens o\u00f9 elle est mise en bouche, id\u00e9ale pour le jour ou la nuit<\/p>\n","protected":false},"featured_media":81862,"comment_status":"open","ping_status":"closed","template":"","meta":{"_joinchat":[]},"pwb-brand":[263],"product_cat":[253],"product_tag":[],"brands":[{"id":263,"name":"BEBE CONFORT","slug":"bebe-confort"}],"_links":{"self":[{"href":"https:\/\/santepara.ma\/index.php?rest_route=\/wp\/v2\/product\/81864"}],"collection":[{"href":"https:\/\/santepara.ma\/index.php?rest_route=\/wp\/v2\/product"}],"about":[{"href":"https:\/\/santepara.ma\/index.php?rest_route=\/wp\/v2\/types\/product"}],"replies":[{"embeddable":true,"href":"https:\/\/santepara.ma\/index.php?rest_route=%2Fwp%2Fv2%2Fcomments&post=81864"}],"wp:featuredmedia":[{"embeddable":true,"href":"https:\/\/santepara.ma\/index.php?rest_route=\/wp\/v2\/media\/81862"}],"wp:attachment":[{"href":"https:\/\/santepara.ma\/index.php?rest_route=%2Fwp%2Fv2%2Fmedia&parent=81864"}],"wp:term":[{"taxonomy":"pwb-brand","embeddable":true,"href":"https:\/\/santepara.ma\/index.php?rest_route=%2Fwp%2Fv2%2Fpwb-brand&post=81864"},{"taxonomy":"product_cat","embeddable":true,"href":"https:\/\/santepara.ma\/index.php?rest_route=%2Fwp%2Fv2%2Fproduct_cat&post=81864"},{"taxonomy":"product_tag","embeddable":true,"href":"https:\/\/santepara.ma\/index.php?rest_route=%2Fwp%2Fv2%2Fproduct_tag&post=81864"}],"curies":[{"name":"wp","href":"https:\/\/api.w.org\/{rel}","templated":true}]}}