{"id":82245,"date":"2023-08-08T23:40:52","date_gmt":"2023-08-08T22:40:52","guid":{"rendered":"https:\/\/santepara.ma\/?product=bio-oil-huile-anti-vergetures-25-ml"},"modified":"2023-11-04T12:57:34","modified_gmt":"2023-11-04T11:57:34","slug":"bio-oil-huile-anti-vergetures-25-ml","status":"publish","type":"product","link":"https:\/\/santepara.ma\/?product=bio-oil-huile-anti-vergetures-25-ml","title":{"rendered":"Bio-Oil Huile anti-vergetures &#8211; 25 ml"},"content":{"rendered":"","protected":false},"excerpt":{"rendered":"<p>Bio-Oil est une huile de soin sp\u00e9cialis\u00e9e pour att\u00e9nuer les cicatrices, les t\u00e2ches pigmentaires et les vergetures. Elle diminue les signes du vieillissement et unifier le teint irr\u00e9gulier. C\u2019est un soin hydratant du corps et visage.<\/p>\n","protected":false},"featured_media":82243,"comment_status":"open","ping_status":"closed","template":"","meta":{"_joinchat":[]},"pwb-brand":[288],"product_cat":[91],"product_tag":[],"brands":[{"id":288,"name":"BIO-OIL","slug":"bio-oil"}],"_links":{"self":[{"href":"https:\/\/santepara.ma\/index.php?rest_route=\/wp\/v2\/product\/82245"}],"collection":[{"href":"https:\/\/santepara.ma\/index.php?rest_route=\/wp\/v2\/product"}],"about":[{"href":"https:\/\/santepara.ma\/index.php?rest_route=\/wp\/v2\/types\/product"}],"replies":[{"embeddable":true,"href":"https:\/\/santepara.ma\/index.php?rest_route=%2Fwp%2Fv2%2Fcomments&post=82245"}],"wp:featuredmedia":[{"embeddable":true,"href":"https:\/\/santepara.ma\/index.php?rest_route=\/wp\/v2\/media\/82243"}],"wp:attachment":[{"href":"https:\/\/santepara.ma\/index.php?rest_route=%2Fwp%2Fv2%2Fmedia&parent=82245"}],"wp:term":[{"taxonomy":"pwb-brand","embeddable":true,"href":"https:\/\/santepara.ma\/index.php?rest_route=%2Fwp%2Fv2%2Fpwb-brand&post=82245"},{"taxonomy":"product_cat","embeddable":true,"href":"https:\/\/santepara.ma\/index.php?rest_route=%2Fwp%2Fv2%2Fproduct_cat&post=82245"},{"taxonomy":"product_tag","embeddable":true,"href":"https:\/\/santepara.ma\/index.php?rest_route=%2Fwp%2Fv2%2Fproduct_tag&post=82245"}],"curies":[{"name":"wp","href":"https:\/\/api.w.org\/{rel}","templated":true}]}}