{"id":82263,"date":"2023-08-08T23:40:56","date_gmt":"2023-08-08T22:40:56","guid":{"rendered":"https:\/\/santepara.ma\/?product=cantabria-labs-heliocare-purewhite-radiance-60-capsules"},"modified":"2023-11-04T12:57:35","modified_gmt":"2023-11-04T11:57:35","slug":"cantabria-labs-heliocare-purewhite-radiance-60-capsules","status":"publish","type":"product","link":"https:\/\/santepara.ma\/?product=cantabria-labs-heliocare-purewhite-radiance-60-capsules","title":{"rendered":"Cantabria labs &#8211; Heliocare Purewhite Radiance &#8211; 60 capsules"},"content":{"rendered":"","protected":false},"excerpt":{"rendered":"<p>Ce produit est compos\u00e9\u00a0 de Fernblock\u00ae, le m\u00e9lange exclusif de White Tech Complex consiste \u00e0 contr\u00f4ler et bloquer l\u2019enzyme principale qui est responsable de la production de m\u00e9lanine.<\/p>\n","protected":false},"featured_media":82261,"comment_status":"open","ping_status":"closed","template":"","meta":{"_joinchat":[]},"pwb-brand":[289],"product_cat":[223,218],"product_tag":[],"brands":[{"id":289,"name":"CANTABRIA LABS","slug":"cantabria-labs"}],"_links":{"self":[{"href":"https:\/\/santepara.ma\/index.php?rest_route=\/wp\/v2\/product\/82263"}],"collection":[{"href":"https:\/\/santepara.ma\/index.php?rest_route=\/wp\/v2\/product"}],"about":[{"href":"https:\/\/santepara.ma\/index.php?rest_route=\/wp\/v2\/types\/product"}],"replies":[{"embeddable":true,"href":"https:\/\/santepara.ma\/index.php?rest_route=%2Fwp%2Fv2%2Fcomments&post=82263"}],"wp:featuredmedia":[{"embeddable":true,"href":"https:\/\/santepara.ma\/index.php?rest_route=\/wp\/v2\/media\/82261"}],"wp:attachment":[{"href":"https:\/\/santepara.ma\/index.php?rest_route=%2Fwp%2Fv2%2Fmedia&parent=82263"}],"wp:term":[{"taxonomy":"pwb-brand","embeddable":true,"href":"https:\/\/santepara.ma\/index.php?rest_route=%2Fwp%2Fv2%2Fpwb-brand&post=82263"},{"taxonomy":"product_cat","embeddable":true,"href":"https:\/\/santepara.ma\/index.php?rest_route=%2Fwp%2Fv2%2Fproduct_cat&post=82263"},{"taxonomy":"product_tag","embeddable":true,"href":"https:\/\/santepara.ma\/index.php?rest_route=%2Fwp%2Fv2%2Fproduct_tag&post=82263"}],"curies":[{"name":"wp","href":"https:\/\/api.w.org\/{rel}","templated":true}]}}