{"id":82273,"date":"2023-08-08T23:41:04","date_gmt":"2023-08-08T22:41:04","guid":{"rendered":"https:\/\/santepara.ma\/?product=capiderma-creme-hydratante-visage-40-ml"},"modified":"2024-07-08T10:08:39","modified_gmt":"2024-07-08T09:08:39","slug":"capiderma-creme-hydratante-visage-40-ml","status":"publish","type":"product","link":"https:\/\/santepara.ma\/?product=capiderma-creme-hydratante-visage-40-ml","title":{"rendered":"Capiderma &#8211; Cr\u00e8me hydratante visage &#8211; 40 ml"},"content":{"rendered":"","protected":false},"excerpt":{"rendered":"<p>La cr\u00e8me hydratante visage CAPIDERMA est la premi\u00e8re \u00e9tape de soins en profondeur de peaux d\u00e9shydrat\u00e9es.<\/p>\n","protected":false},"featured_media":82272,"comment_status":"open","ping_status":"closed","template":"","meta":{"_joinchat":[]},"pwb-brand":[291],"product_cat":[82,83],"product_tag":[],"brands":[{"id":291,"name":"CAPIDERMA","slug":"capiderma"}],"_links":{"self":[{"href":"https:\/\/santepara.ma\/index.php?rest_route=\/wp\/v2\/product\/82273"}],"collection":[{"href":"https:\/\/santepara.ma\/index.php?rest_route=\/wp\/v2\/product"}],"about":[{"href":"https:\/\/santepara.ma\/index.php?rest_route=\/wp\/v2\/types\/product"}],"replies":[{"embeddable":true,"href":"https:\/\/santepara.ma\/index.php?rest_route=%2Fwp%2Fv2%2Fcomments&post=82273"}],"wp:featuredmedia":[{"embeddable":true,"href":"https:\/\/santepara.ma\/index.php?rest_route=\/wp\/v2\/media\/82272"}],"wp:attachment":[{"href":"https:\/\/santepara.ma\/index.php?rest_route=%2Fwp%2Fv2%2Fmedia&parent=82273"}],"wp:term":[{"taxonomy":"pwb-brand","embeddable":true,"href":"https:\/\/santepara.ma\/index.php?rest_route=%2Fwp%2Fv2%2Fpwb-brand&post=82273"},{"taxonomy":"product_cat","embeddable":true,"href":"https:\/\/santepara.ma\/index.php?rest_route=%2Fwp%2Fv2%2Fproduct_cat&post=82273"},{"taxonomy":"product_tag","embeddable":true,"href":"https:\/\/santepara.ma\/index.php?rest_route=%2Fwp%2Fv2%2Fproduct_tag&post=82273"}],"curies":[{"name":"wp","href":"https:\/\/api.w.org\/{rel}","templated":true}]}}