{"id":82319,"date":"2023-08-08T23:41:13","date_gmt":"2023-08-08T22:41:13","guid":{"rendered":"https:\/\/santepara.ma\/?product=cebelia-anti-age-intensif-30-ml"},"modified":"2023-11-04T12:57:37","modified_gmt":"2023-11-04T11:57:37","slug":"cebelia-anti-age-intensif-30-ml","status":"publish","type":"product","link":"https:\/\/santepara.ma\/?product=cebelia-anti-age-intensif-30-ml","title":{"rendered":"Cebelia &#8211; Anti-\u00e2ge intensif &#8211; 30 ml"},"content":{"rendered":"","protected":false},"excerpt":{"rendered":"<p>Soin complet anti-rides et fermet\u00e9 qui redonne souplesse et \u00e9clat \u00e0 la peau du visage ou du d\u00e9collet\u00e9<\/p>\n","protected":false},"featured_media":82317,"comment_status":"open","ping_status":"closed","template":"","meta":{"_joinchat":[]},"pwb-brand":[292],"product_cat":[132],"product_tag":[],"brands":[{"id":292,"name":"CEBELIA","slug":"cebelia"}],"_links":{"self":[{"href":"https:\/\/santepara.ma\/index.php?rest_route=\/wp\/v2\/product\/82319"}],"collection":[{"href":"https:\/\/santepara.ma\/index.php?rest_route=\/wp\/v2\/product"}],"about":[{"href":"https:\/\/santepara.ma\/index.php?rest_route=\/wp\/v2\/types\/product"}],"replies":[{"embeddable":true,"href":"https:\/\/santepara.ma\/index.php?rest_route=%2Fwp%2Fv2%2Fcomments&post=82319"}],"wp:featuredmedia":[{"embeddable":true,"href":"https:\/\/santepara.ma\/index.php?rest_route=\/wp\/v2\/media\/82317"}],"wp:attachment":[{"href":"https:\/\/santepara.ma\/index.php?rest_route=%2Fwp%2Fv2%2Fmedia&parent=82319"}],"wp:term":[{"taxonomy":"pwb-brand","embeddable":true,"href":"https:\/\/santepara.ma\/index.php?rest_route=%2Fwp%2Fv2%2Fpwb-brand&post=82319"},{"taxonomy":"product_cat","embeddable":true,"href":"https:\/\/santepara.ma\/index.php?rest_route=%2Fwp%2Fv2%2Fproduct_cat&post=82319"},{"taxonomy":"product_tag","embeddable":true,"href":"https:\/\/santepara.ma\/index.php?rest_route=%2Fwp%2Fv2%2Fproduct_tag&post=82319"}],"curies":[{"name":"wp","href":"https:\/\/api.w.org\/{rel}","templated":true}]}}