{"id":82469,"date":"2023-08-08T23:41:49","date_gmt":"2023-08-08T22:41:49","guid":{"rendered":"https:\/\/santepara.ma\/?product=curaprox-be-you-candy-lover-dentifrice-pasteque-90-ml"},"modified":"2023-11-04T12:57:43","modified_gmt":"2023-11-04T11:57:43","slug":"curaprox-be-you-candy-lover-dentifrice-pasteque-90-ml","status":"publish","type":"product","link":"https:\/\/santepara.ma\/?product=curaprox-be-you-candy-lover-dentifrice-pasteque-90-ml","title":{"rendered":"Curaprox &#8211; Be You Candy Lover Dentifrice Past\u00e8que &#8211; 90 ml"},"content":{"rendered":"","protected":false},"excerpt":{"rendered":"<p>Le parfum d\u00e9licieusement sucr\u00e9 de la past\u00e8que se marie au menthol rafra\u00eechissant, cr\u00e9ant un v\u00e9ritable feu d\u2019artifice glac\u00e9 dans votre bouche. Sans oublier l\u2019explosion de fra\u00eecheur assur\u00e9e par le menthol lors du brossage \u2013 et ce\u00a0petit\u00a0frisson\u00a0sur la fin !<\/p>\n","protected":false},"featured_media":82467,"comment_status":"open","ping_status":"closed","template":"","meta":{"_joinchat":[]},"pwb-brand":[301],"product_cat":[300],"product_tag":[],"brands":[{"id":301,"name":"CURAPROX","slug":"curaprox"}],"_links":{"self":[{"href":"https:\/\/santepara.ma\/index.php?rest_route=\/wp\/v2\/product\/82469"}],"collection":[{"href":"https:\/\/santepara.ma\/index.php?rest_route=\/wp\/v2\/product"}],"about":[{"href":"https:\/\/santepara.ma\/index.php?rest_route=\/wp\/v2\/types\/product"}],"replies":[{"embeddable":true,"href":"https:\/\/santepara.ma\/index.php?rest_route=%2Fwp%2Fv2%2Fcomments&post=82469"}],"wp:featuredmedia":[{"embeddable":true,"href":"https:\/\/santepara.ma\/index.php?rest_route=\/wp\/v2\/media\/82467"}],"wp:attachment":[{"href":"https:\/\/santepara.ma\/index.php?rest_route=%2Fwp%2Fv2%2Fmedia&parent=82469"}],"wp:term":[{"taxonomy":"pwb-brand","embeddable":true,"href":"https:\/\/santepara.ma\/index.php?rest_route=%2Fwp%2Fv2%2Fpwb-brand&post=82469"},{"taxonomy":"product_cat","embeddable":true,"href":"https:\/\/santepara.ma\/index.php?rest_route=%2Fwp%2Fv2%2Fproduct_cat&post=82469"},{"taxonomy":"product_tag","embeddable":true,"href":"https:\/\/santepara.ma\/index.php?rest_route=%2Fwp%2Fv2%2Fproduct_tag&post=82469"}],"curies":[{"name":"wp","href":"https:\/\/api.w.org\/{rel}","templated":true}]}}