{"id":82481,"date":"2023-08-08T23:41:51","date_gmt":"2023-08-08T22:41:51","guid":{"rendered":"https:\/\/santepara.ma\/?product=curaprox-be-you-rising-star-dentifrice-pamplemousse-bergamotte-90-ml"},"modified":"2023-11-04T12:57:43","modified_gmt":"2023-11-04T11:57:43","slug":"curaprox-be-you-rising-star-dentifrice-pamplemousse-bergamotte-90-ml","status":"publish","type":"product","link":"https:\/\/santepara.ma\/?product=curaprox-be-you-rising-star-dentifrice-pamplemousse-bergamotte-90-ml","title":{"rendered":"Curaprox &#8211; Be You Rising Star Dentifrice Pamplemousse-Bergamotte &#8211; 90 ml"},"content":{"rendered":"","protected":false},"excerpt":{"rendered":"<p>Pamplemousse acidul\u00e9 et bergamote vivifiante r\u00e9veilleront votre bouche au petit matin, \u00e0 d\u00e9faut de vous r\u00e9veiller compl\u00e8tement&#8230; Encore un peu de menthe poivr\u00e9e et de menthol, et la fra\u00eecheur est garantie quasiment toute la journ\u00e9e !<\/p>\n","protected":false},"featured_media":82479,"comment_status":"open","ping_status":"closed","template":"","meta":{"_joinchat":[]},"pwb-brand":[301],"product_cat":[300],"product_tag":[],"brands":[{"id":301,"name":"CURAPROX","slug":"curaprox"}],"_links":{"self":[{"href":"https:\/\/santepara.ma\/index.php?rest_route=\/wp\/v2\/product\/82481"}],"collection":[{"href":"https:\/\/santepara.ma\/index.php?rest_route=\/wp\/v2\/product"}],"about":[{"href":"https:\/\/santepara.ma\/index.php?rest_route=\/wp\/v2\/types\/product"}],"replies":[{"embeddable":true,"href":"https:\/\/santepara.ma\/index.php?rest_route=%2Fwp%2Fv2%2Fcomments&post=82481"}],"wp:featuredmedia":[{"embeddable":true,"href":"https:\/\/santepara.ma\/index.php?rest_route=\/wp\/v2\/media\/82479"}],"wp:attachment":[{"href":"https:\/\/santepara.ma\/index.php?rest_route=%2Fwp%2Fv2%2Fmedia&parent=82481"}],"wp:term":[{"taxonomy":"pwb-brand","embeddable":true,"href":"https:\/\/santepara.ma\/index.php?rest_route=%2Fwp%2Fv2%2Fpwb-brand&post=82481"},{"taxonomy":"product_cat","embeddable":true,"href":"https:\/\/santepara.ma\/index.php?rest_route=%2Fwp%2Fv2%2Fproduct_cat&post=82481"},{"taxonomy":"product_tag","embeddable":true,"href":"https:\/\/santepara.ma\/index.php?rest_route=%2Fwp%2Fv2%2Fproduct_tag&post=82481"}],"curies":[{"name":"wp","href":"https:\/\/api.w.org\/{rel}","templated":true}]}}