{"id":82528,"date":"2023-08-08T23:42:07","date_gmt":"2023-08-08T22:42:07","guid":{"rendered":"https:\/\/santepara.ma\/?product=curaprox-cps-prime-plus-handy-brossettes-inter-dentaire-x5"},"modified":"2023-11-04T12:57:45","modified_gmt":"2023-11-04T11:57:45","slug":"curaprox-cps-prime-plus-handy-brossettes-inter-dentaire-x5","status":"publish","type":"product","link":"https:\/\/santepara.ma\/?product=curaprox-cps-prime-plus-handy-brossettes-inter-dentaire-x5","title":{"rendered":"Curaprox &#8211; CPS Prime Plus Handy &#8211; Brossettes Inter-Dentaire (x5)"},"content":{"rendered":"","protected":false},"excerpt":{"rendered":"<p>Les CPS prime sont les plus fines brossettes sur le march\u00e9 \u2013 pour une pr\u00e9vention tr\u00e8s simple de caries lat\u00e9rales, de la gingivite et de la parodontite.<\/p>\n","protected":false},"featured_media":82525,"comment_status":"open","ping_status":"closed","template":"","meta":{"_joinchat":[]},"pwb-brand":[301],"product_cat":[302],"product_tag":[],"brands":[{"id":301,"name":"CURAPROX","slug":"curaprox"}],"_links":{"self":[{"href":"https:\/\/santepara.ma\/index.php?rest_route=\/wp\/v2\/product\/82528"}],"collection":[{"href":"https:\/\/santepara.ma\/index.php?rest_route=\/wp\/v2\/product"}],"about":[{"href":"https:\/\/santepara.ma\/index.php?rest_route=\/wp\/v2\/types\/product"}],"replies":[{"embeddable":true,"href":"https:\/\/santepara.ma\/index.php?rest_route=%2Fwp%2Fv2%2Fcomments&post=82528"}],"wp:featuredmedia":[{"embeddable":true,"href":"https:\/\/santepara.ma\/index.php?rest_route=\/wp\/v2\/media\/82525"}],"wp:attachment":[{"href":"https:\/\/santepara.ma\/index.php?rest_route=%2Fwp%2Fv2%2Fmedia&parent=82528"}],"wp:term":[{"taxonomy":"pwb-brand","embeddable":true,"href":"https:\/\/santepara.ma\/index.php?rest_route=%2Fwp%2Fv2%2Fpwb-brand&post=82528"},{"taxonomy":"product_cat","embeddable":true,"href":"https:\/\/santepara.ma\/index.php?rest_route=%2Fwp%2Fv2%2Fproduct_cat&post=82528"},{"taxonomy":"product_tag","embeddable":true,"href":"https:\/\/santepara.ma\/index.php?rest_route=%2Fwp%2Fv2%2Fproduct_tag&post=82528"}],"curies":[{"name":"wp","href":"https:\/\/api.w.org\/{rel}","templated":true}]}}