{"id":82581,"date":"2023-08-08T23:42:23","date_gmt":"2023-08-08T22:42:23","guid":{"rendered":"https:\/\/santepara.ma\/?product=curaprox-black-is-white-dentifrice-blanchissant-90-ml"},"modified":"2023-11-04T12:57:46","modified_gmt":"2023-11-04T11:57:46","slug":"curaprox-black-is-white-dentifrice-blanchissant-90-ml","status":"publish","type":"product","link":"https:\/\/santepara.ma\/?product=curaprox-black-is-white-dentifrice-blanchissant-90-ml","title":{"rendered":"Curaprox &#8211; Black is White Dentifrice blanchissant &#8211; 90 ml"},"content":{"rendered":"","protected":false},"excerpt":{"rendered":"<p>Le dentifrice blanchissant \u00abBlack Is White\u00bb \u00e9limine les colorations \u00e0 l&rsquo;aide du charbon actif, sans \u00e9roder ni d\u00e9colorer et tout en renfor\u00e7ant la sant\u00e9 bucco-dentaire.<\/p>\n","protected":false},"featured_media":82579,"comment_status":"open","ping_status":"closed","template":"","meta":{"_joinchat":[]},"pwb-brand":[301],"product_cat":[298],"product_tag":[],"brands":[{"id":301,"name":"CURAPROX","slug":"curaprox"}],"_links":{"self":[{"href":"https:\/\/santepara.ma\/index.php?rest_route=\/wp\/v2\/product\/82581"}],"collection":[{"href":"https:\/\/santepara.ma\/index.php?rest_route=\/wp\/v2\/product"}],"about":[{"href":"https:\/\/santepara.ma\/index.php?rest_route=\/wp\/v2\/types\/product"}],"replies":[{"embeddable":true,"href":"https:\/\/santepara.ma\/index.php?rest_route=%2Fwp%2Fv2%2Fcomments&post=82581"}],"wp:featuredmedia":[{"embeddable":true,"href":"https:\/\/santepara.ma\/index.php?rest_route=\/wp\/v2\/media\/82579"}],"wp:attachment":[{"href":"https:\/\/santepara.ma\/index.php?rest_route=%2Fwp%2Fv2%2Fmedia&parent=82581"}],"wp:term":[{"taxonomy":"pwb-brand","embeddable":true,"href":"https:\/\/santepara.ma\/index.php?rest_route=%2Fwp%2Fv2%2Fpwb-brand&post=82581"},{"taxonomy":"product_cat","embeddable":true,"href":"https:\/\/santepara.ma\/index.php?rest_route=%2Fwp%2Fv2%2Fproduct_cat&post=82581"},{"taxonomy":"product_tag","embeddable":true,"href":"https:\/\/santepara.ma\/index.php?rest_route=%2Fwp%2Fv2%2Fproduct_tag&post=82581"}],"curies":[{"name":"wp","href":"https:\/\/api.w.org\/{rel}","templated":true}]}}