{"id":82756,"date":"2023-08-08T23:43:03","date_gmt":"2023-08-08T22:43:03","guid":{"rendered":"https:\/\/santepara.ma\/?product=dermagor-mes-essentiels-creme-texture-legere-40ml"},"modified":"2023-11-04T12:57:54","modified_gmt":"2023-11-04T11:57:54","slug":"dermagor-mes-essentiels-creme-texture-legere-40ml","status":"publish","type":"product","link":"https:\/\/santepara.ma\/?product=dermagor-mes-essentiels-creme-texture-legere-40ml","title":{"rendered":"DERMAGOR MES ESSENTIELS CREME TEXTURE LEGERE 40ml"},"content":{"rendered":"","protected":false},"excerpt":{"rendered":"<p>Dermagor Cr\u00e8me au Collag\u00e8ne Marin et Silicium 40 ml nourrit et pr\u00e9serve l\u2019\u00e9piderme en douceur. Elle assouplit la peau fragilis\u00e9e<\/p>\n","protected":false},"featured_media":82755,"comment_status":"open","ping_status":"closed","template":"","meta":{"_joinchat":[]},"pwb-brand":[310],"product_cat":[82,85],"product_tag":[],"brands":[{"id":310,"name":"DERMAGOR","slug":"dermagor"}],"_links":{"self":[{"href":"https:\/\/santepara.ma\/index.php?rest_route=\/wp\/v2\/product\/82756"}],"collection":[{"href":"https:\/\/santepara.ma\/index.php?rest_route=\/wp\/v2\/product"}],"about":[{"href":"https:\/\/santepara.ma\/index.php?rest_route=\/wp\/v2\/types\/product"}],"replies":[{"embeddable":true,"href":"https:\/\/santepara.ma\/index.php?rest_route=%2Fwp%2Fv2%2Fcomments&post=82756"}],"wp:featuredmedia":[{"embeddable":true,"href":"https:\/\/santepara.ma\/index.php?rest_route=\/wp\/v2\/media\/82755"}],"wp:attachment":[{"href":"https:\/\/santepara.ma\/index.php?rest_route=%2Fwp%2Fv2%2Fmedia&parent=82756"}],"wp:term":[{"taxonomy":"pwb-brand","embeddable":true,"href":"https:\/\/santepara.ma\/index.php?rest_route=%2Fwp%2Fv2%2Fpwb-brand&post=82756"},{"taxonomy":"product_cat","embeddable":true,"href":"https:\/\/santepara.ma\/index.php?rest_route=%2Fwp%2Fv2%2Fproduct_cat&post=82756"},{"taxonomy":"product_tag","embeddable":true,"href":"https:\/\/santepara.ma\/index.php?rest_route=%2Fwp%2Fv2%2Fproduct_tag&post=82756"}],"curies":[{"name":"wp","href":"https:\/\/api.w.org\/{rel}","templated":true}]}}