{"id":82768,"date":"2023-08-08T23:43:05","date_gmt":"2023-08-08T22:43:05","guid":{"rendered":"https:\/\/santepara.ma\/?product=dermagor-skin-plast-creme-anti-age-40ml"},"modified":"2023-11-04T12:57:54","modified_gmt":"2023-11-04T11:57:54","slug":"dermagor-skin-plast-creme-anti-age-40ml","status":"publish","type":"product","link":"https:\/\/santepara.ma\/?product=dermagor-skin-plast-creme-anti-age-40ml","title":{"rendered":"Dermagor Skin Plast creme anti age 40ml"},"content":{"rendered":"","protected":false},"excerpt":{"rendered":"<p>Dermagor Skin Plast Cr\u00e8me Anti-\u00c2ge 40 ml est un soin aux sph\u00e8res d&rsquo;acide hyaluronique pour les peaux matures.<\/p>\n","protected":false},"featured_media":82767,"comment_status":"open","ping_status":"closed","template":"","meta":{"_joinchat":[]},"pwb-brand":[310],"product_cat":[132],"product_tag":[],"brands":[{"id":310,"name":"DERMAGOR","slug":"dermagor"}],"_links":{"self":[{"href":"https:\/\/santepara.ma\/index.php?rest_route=\/wp\/v2\/product\/82768"}],"collection":[{"href":"https:\/\/santepara.ma\/index.php?rest_route=\/wp\/v2\/product"}],"about":[{"href":"https:\/\/santepara.ma\/index.php?rest_route=\/wp\/v2\/types\/product"}],"replies":[{"embeddable":true,"href":"https:\/\/santepara.ma\/index.php?rest_route=%2Fwp%2Fv2%2Fcomments&post=82768"}],"wp:featuredmedia":[{"embeddable":true,"href":"https:\/\/santepara.ma\/index.php?rest_route=\/wp\/v2\/media\/82767"}],"wp:attachment":[{"href":"https:\/\/santepara.ma\/index.php?rest_route=%2Fwp%2Fv2%2Fmedia&parent=82768"}],"wp:term":[{"taxonomy":"pwb-brand","embeddable":true,"href":"https:\/\/santepara.ma\/index.php?rest_route=%2Fwp%2Fv2%2Fpwb-brand&post=82768"},{"taxonomy":"product_cat","embeddable":true,"href":"https:\/\/santepara.ma\/index.php?rest_route=%2Fwp%2Fv2%2Fproduct_cat&post=82768"},{"taxonomy":"product_tag","embeddable":true,"href":"https:\/\/santepara.ma\/index.php?rest_route=%2Fwp%2Fv2%2Fproduct_tag&post=82768"}],"curies":[{"name":"wp","href":"https:\/\/api.w.org\/{rel}","templated":true}]}}