{"id":82824,"date":"2023-08-08T23:43:20","date_gmt":"2023-08-08T22:43:20","guid":{"rendered":"https:\/\/santepara.ma\/?product=dodie-tet-col-etroit-speciale-liquide-2age"},"modified":"2023-11-04T12:57:57","modified_gmt":"2023-11-04T11:57:57","slug":"dodie-tet-col-etroit-speciale-liquide-2age","status":"publish","type":"product","link":"https:\/\/santepara.ma\/?product=dodie-tet-col-etroit-speciale-liquide-2age","title":{"rendered":"Dodie Tet Col Etroit Speciale Liquide 2Age"},"content":{"rendered":"","protected":false},"excerpt":{"rendered":"<p>La t\u00e9tine Dodie liquides \u00e9pais au col \u00e9troit est con\u00e7ue pour faciliter l\u2019absorption de liquides \u00e9pais<\/p>\n","protected":false},"featured_media":82822,"comment_status":"open","ping_status":"closed","template":"","meta":{"_joinchat":[]},"pwb-brand":[311],"product_cat":[238],"product_tag":[],"brands":[{"id":311,"name":"DODIE","slug":"dodie"}],"_links":{"self":[{"href":"https:\/\/santepara.ma\/index.php?rest_route=\/wp\/v2\/product\/82824"}],"collection":[{"href":"https:\/\/santepara.ma\/index.php?rest_route=\/wp\/v2\/product"}],"about":[{"href":"https:\/\/santepara.ma\/index.php?rest_route=\/wp\/v2\/types\/product"}],"replies":[{"embeddable":true,"href":"https:\/\/santepara.ma\/index.php?rest_route=%2Fwp%2Fv2%2Fcomments&post=82824"}],"wp:featuredmedia":[{"embeddable":true,"href":"https:\/\/santepara.ma\/index.php?rest_route=\/wp\/v2\/media\/82822"}],"wp:attachment":[{"href":"https:\/\/santepara.ma\/index.php?rest_route=%2Fwp%2Fv2%2Fmedia&parent=82824"}],"wp:term":[{"taxonomy":"pwb-brand","embeddable":true,"href":"https:\/\/santepara.ma\/index.php?rest_route=%2Fwp%2Fv2%2Fpwb-brand&post=82824"},{"taxonomy":"product_cat","embeddable":true,"href":"https:\/\/santepara.ma\/index.php?rest_route=%2Fwp%2Fv2%2Fproduct_cat&post=82824"},{"taxonomy":"product_tag","embeddable":true,"href":"https:\/\/santepara.ma\/index.php?rest_route=%2Fwp%2Fv2%2Fproduct_tag&post=82824"}],"curies":[{"name":"wp","href":"https:\/\/api.w.org\/{rel}","templated":true}]}}