{"id":82985,"date":"2023-08-08T23:43:55","date_gmt":"2023-08-08T22:43:55","guid":{"rendered":"https:\/\/santepara.ma\/?product=dodie-creme-de-change-sans-parfum-75-ml"},"modified":"2026-03-16T13:26:20","modified_gmt":"2026-03-16T12:26:20","slug":"dodie-creme-de-change-sans-parfum-75-ml","status":"publish","type":"product","link":"https:\/\/santepara.ma\/?product=dodie-creme-de-change-sans-parfum-75-ml","title":{"rendered":"Dodie &#8211; Cr\u00e8me de change sans parfum &#8211; 75 ml"},"content":{"rendered":"","protected":false},"excerpt":{"rendered":"<p>La cr\u00e8me change Dodie prot\u00e8ge, soulage et r\u00e9pare la peau ab\u00eem\u00e9e de b\u00e9b\u00e9<\/p>\n","protected":false},"featured_media":82984,"comment_status":"open","ping_status":"closed","template":"","meta":{"_joinchat":[]},"pwb-brand":[311],"product_cat":[190],"product_tag":[],"brands":[{"id":311,"name":"DODIE","slug":"dodie"}],"_links":{"self":[{"href":"https:\/\/santepara.ma\/index.php?rest_route=\/wp\/v2\/product\/82985"}],"collection":[{"href":"https:\/\/santepara.ma\/index.php?rest_route=\/wp\/v2\/product"}],"about":[{"href":"https:\/\/santepara.ma\/index.php?rest_route=\/wp\/v2\/types\/product"}],"replies":[{"embeddable":true,"href":"https:\/\/santepara.ma\/index.php?rest_route=%2Fwp%2Fv2%2Fcomments&post=82985"}],"wp:featuredmedia":[{"embeddable":true,"href":"https:\/\/santepara.ma\/index.php?rest_route=\/wp\/v2\/media\/82984"}],"wp:attachment":[{"href":"https:\/\/santepara.ma\/index.php?rest_route=%2Fwp%2Fv2%2Fmedia&parent=82985"}],"wp:term":[{"taxonomy":"pwb-brand","embeddable":true,"href":"https:\/\/santepara.ma\/index.php?rest_route=%2Fwp%2Fv2%2Fpwb-brand&post=82985"},{"taxonomy":"product_cat","embeddable":true,"href":"https:\/\/santepara.ma\/index.php?rest_route=%2Fwp%2Fv2%2Fproduct_cat&post=82985"},{"taxonomy":"product_tag","embeddable":true,"href":"https:\/\/santepara.ma\/index.php?rest_route=%2Fwp%2Fv2%2Fproduct_tag&post=82985"}],"curies":[{"name":"wp","href":"https:\/\/api.w.org\/{rel}","templated":true}]}}