{"id":83122,"date":"2023-08-08T23:44:28","date_gmt":"2023-08-08T22:44:28","guid":{"rendered":"https:\/\/santepara.ma\/?product=ecrinal-durcisseur-vernis-brillant"},"modified":"2023-11-04T12:58:08","modified_gmt":"2023-11-04T11:58:08","slug":"ecrinal-durcisseur-vernis-brillant","status":"publish","type":"product","link":"https:\/\/santepara.ma\/?product=ecrinal-durcisseur-vernis-brillant","title":{"rendered":"Ecrinal Durcisseur Vernis Brillant"},"content":{"rendered":"","protected":false},"excerpt":{"rendered":"<p>Ecrinal Durcisseur Vernis Brillant Haute R\u00e9sistance 10 ml prot\u00e8ge des chocs instantan\u00e9ment<\/p>\n","protected":false},"featured_media":83120,"comment_status":"open","ping_status":"closed","template":"","meta":{"_joinchat":[]},"pwb-brand":[316],"product_cat":[202,315],"product_tag":[],"brands":[{"id":316,"name":"ECRINAL","slug":"ecrinal"}],"_links":{"self":[{"href":"https:\/\/santepara.ma\/index.php?rest_route=\/wp\/v2\/product\/83122"}],"collection":[{"href":"https:\/\/santepara.ma\/index.php?rest_route=\/wp\/v2\/product"}],"about":[{"href":"https:\/\/santepara.ma\/index.php?rest_route=\/wp\/v2\/types\/product"}],"replies":[{"embeddable":true,"href":"https:\/\/santepara.ma\/index.php?rest_route=%2Fwp%2Fv2%2Fcomments&post=83122"}],"wp:featuredmedia":[{"embeddable":true,"href":"https:\/\/santepara.ma\/index.php?rest_route=\/wp\/v2\/media\/83120"}],"wp:attachment":[{"href":"https:\/\/santepara.ma\/index.php?rest_route=%2Fwp%2Fv2%2Fmedia&parent=83122"}],"wp:term":[{"taxonomy":"pwb-brand","embeddable":true,"href":"https:\/\/santepara.ma\/index.php?rest_route=%2Fwp%2Fv2%2Fpwb-brand&post=83122"},{"taxonomy":"product_cat","embeddable":true,"href":"https:\/\/santepara.ma\/index.php?rest_route=%2Fwp%2Fv2%2Fproduct_cat&post=83122"},{"taxonomy":"product_tag","embeddable":true,"href":"https:\/\/santepara.ma\/index.php?rest_route=%2Fwp%2Fv2%2Fproduct_tag&post=83122"}],"curies":[{"name":"wp","href":"https:\/\/api.w.org\/{rel}","templated":true}]}}