{"id":83125,"date":"2023-08-08T23:44:28","date_gmt":"2023-08-08T22:44:28","guid":{"rendered":"https:\/\/santepara.ma\/?product=ecrinal-durcisseur-vitamine-au-lipesters-de-soie-10-ml"},"modified":"2023-11-04T12:58:08","modified_gmt":"2023-11-04T11:58:08","slug":"ecrinal-durcisseur-vitamine-au-lipesters-de-soie-10-ml","status":"publish","type":"product","link":"https:\/\/santepara.ma\/?product=ecrinal-durcisseur-vitamine-au-lipesters-de-soie-10-ml","title":{"rendered":"Ecrinal &#8211; Durcisseur vitamin\u00e9 au Lipesters de soie &#8211; 10 ml"},"content":{"rendered":"","protected":false},"excerpt":{"rendered":"<p>Ecrinal Durcisseur Vitamin\u00e9 au Lipesters de Soie 10 ml r\u00e9pare, fortifie et prot\u00e8ge l&rsquo;ongle d\u00e9ficient contre les attaques microbiennes<\/p>\n","protected":false},"featured_media":83123,"comment_status":"open","ping_status":"closed","template":"","meta":{"_joinchat":[]},"pwb-brand":[316],"product_cat":[202,315],"product_tag":[],"brands":[{"id":316,"name":"ECRINAL","slug":"ecrinal"}],"_links":{"self":[{"href":"https:\/\/santepara.ma\/index.php?rest_route=\/wp\/v2\/product\/83125"}],"collection":[{"href":"https:\/\/santepara.ma\/index.php?rest_route=\/wp\/v2\/product"}],"about":[{"href":"https:\/\/santepara.ma\/index.php?rest_route=\/wp\/v2\/types\/product"}],"replies":[{"embeddable":true,"href":"https:\/\/santepara.ma\/index.php?rest_route=%2Fwp%2Fv2%2Fcomments&post=83125"}],"wp:featuredmedia":[{"embeddable":true,"href":"https:\/\/santepara.ma\/index.php?rest_route=\/wp\/v2\/media\/83123"}],"wp:attachment":[{"href":"https:\/\/santepara.ma\/index.php?rest_route=%2Fwp%2Fv2%2Fmedia&parent=83125"}],"wp:term":[{"taxonomy":"pwb-brand","embeddable":true,"href":"https:\/\/santepara.ma\/index.php?rest_route=%2Fwp%2Fv2%2Fpwb-brand&post=83125"},{"taxonomy":"product_cat","embeddable":true,"href":"https:\/\/santepara.ma\/index.php?rest_route=%2Fwp%2Fv2%2Fproduct_cat&post=83125"},{"taxonomy":"product_tag","embeddable":true,"href":"https:\/\/santepara.ma\/index.php?rest_route=%2Fwp%2Fv2%2Fproduct_tag&post=83125"}],"curies":[{"name":"wp","href":"https:\/\/api.w.org\/{rel}","templated":true}]}}