{"id":83215,"date":"2023-08-08T23:44:51","date_gmt":"2023-08-08T22:44:51","guid":{"rendered":"https:\/\/santepara.ma\/?product=eludril-care-bain-de-bouche-500-ml"},"modified":"2023-11-04T12:58:12","modified_gmt":"2023-11-04T11:58:12","slug":"eludril-care-bain-de-bouche-500-ml","status":"publish","type":"product","link":"https:\/\/santepara.ma\/?product=eludril-care-bain-de-bouche-500-ml","title":{"rendered":"Eludril Care &#8211; Bain de bouche &#8211; 500 ml"},"content":{"rendered":"","protected":false},"excerpt":{"rendered":"<p>ELUDRIL CARE est un bain de bouche anti-plaque qui contient deux substances assainissantes, la chlorhexidine et le chlorure de c\u00e9tylpyridinium. Destin\u00e9 \u00e0 \u00eatre utilis\u00e9 deux fois par jour apr\u00e8s le brossage, ELUDRIL CARE aide \u00e0 r\u00e9duire le d\u00e9veloppement de la plaque dentaire et participe au maintien des gencives saines, jour apr\u00e8s jour.<\/p>\n","protected":false},"featured_media":83214,"comment_status":"open","ping_status":"closed","template":"","meta":{"_joinchat":[]},"pwb-brand":[319],"product_cat":[272],"product_tag":[],"brands":[{"id":319,"name":"ELGYDIUM","slug":"elgydium"}],"_links":{"self":[{"href":"https:\/\/santepara.ma\/index.php?rest_route=\/wp\/v2\/product\/83215"}],"collection":[{"href":"https:\/\/santepara.ma\/index.php?rest_route=\/wp\/v2\/product"}],"about":[{"href":"https:\/\/santepara.ma\/index.php?rest_route=\/wp\/v2\/types\/product"}],"replies":[{"embeddable":true,"href":"https:\/\/santepara.ma\/index.php?rest_route=%2Fwp%2Fv2%2Fcomments&post=83215"}],"wp:featuredmedia":[{"embeddable":true,"href":"https:\/\/santepara.ma\/index.php?rest_route=\/wp\/v2\/media\/83214"}],"wp:attachment":[{"href":"https:\/\/santepara.ma\/index.php?rest_route=%2Fwp%2Fv2%2Fmedia&parent=83215"}],"wp:term":[{"taxonomy":"pwb-brand","embeddable":true,"href":"https:\/\/santepara.ma\/index.php?rest_route=%2Fwp%2Fv2%2Fpwb-brand&post=83215"},{"taxonomy":"product_cat","embeddable":true,"href":"https:\/\/santepara.ma\/index.php?rest_route=%2Fwp%2Fv2%2Fproduct_cat&post=83215"},{"taxonomy":"product_tag","embeddable":true,"href":"https:\/\/santepara.ma\/index.php?rest_route=%2Fwp%2Fv2%2Fproduct_tag&post=83215"}],"curies":[{"name":"wp","href":"https:\/\/api.w.org\/{rel}","templated":true}]}}