{"id":83235,"date":"2023-08-08T23:44:54","date_gmt":"2023-08-08T22:44:54","guid":{"rendered":"https:\/\/santepara.ma\/?product=elgydium-classic-brosse-a-dents-souple"},"modified":"2023-11-04T12:58:13","modified_gmt":"2023-11-04T11:58:13","slug":"elgydium-classic-brosse-a-dents-souple","status":"publish","type":"product","link":"https:\/\/santepara.ma\/?product=elgydium-classic-brosse-a-dents-souple","title":{"rendered":"Elgydium Classic &#8211; Brosse \u00e0 dents Souple"},"content":{"rendered":"","protected":false},"excerpt":{"rendered":"<p>ELGYDIUM CLASSIC est la brosse \u00e0 dents intemporelle \u00e0 t\u00eate large qui b\u00e9n\u00e9ficie de la technicit\u00e9 Elgydium (brins en Tynex garantissant une qualit\u00e9 de brins non traumatisants pour les dents et gencives).<\/p>\n","protected":false},"featured_media":83234,"comment_status":"open","ping_status":"closed","template":"","meta":{"_joinchat":[]},"pwb-brand":[319],"product_cat":[274],"product_tag":[],"brands":[{"id":319,"name":"ELGYDIUM","slug":"elgydium"}],"_links":{"self":[{"href":"https:\/\/santepara.ma\/index.php?rest_route=\/wp\/v2\/product\/83235"}],"collection":[{"href":"https:\/\/santepara.ma\/index.php?rest_route=\/wp\/v2\/product"}],"about":[{"href":"https:\/\/santepara.ma\/index.php?rest_route=\/wp\/v2\/types\/product"}],"replies":[{"embeddable":true,"href":"https:\/\/santepara.ma\/index.php?rest_route=%2Fwp%2Fv2%2Fcomments&post=83235"}],"wp:featuredmedia":[{"embeddable":true,"href":"https:\/\/santepara.ma\/index.php?rest_route=\/wp\/v2\/media\/83234"}],"wp:attachment":[{"href":"https:\/\/santepara.ma\/index.php?rest_route=%2Fwp%2Fv2%2Fmedia&parent=83235"}],"wp:term":[{"taxonomy":"pwb-brand","embeddable":true,"href":"https:\/\/santepara.ma\/index.php?rest_route=%2Fwp%2Fv2%2Fpwb-brand&post=83235"},{"taxonomy":"product_cat","embeddable":true,"href":"https:\/\/santepara.ma\/index.php?rest_route=%2Fwp%2Fv2%2Fproduct_cat&post=83235"},{"taxonomy":"product_tag","embeddable":true,"href":"https:\/\/santepara.ma\/index.php?rest_route=%2Fwp%2Fv2%2Fproduct_tag&post=83235"}],"curies":[{"name":"wp","href":"https:\/\/api.w.org\/{rel}","templated":true}]}}