{"id":83267,"date":"2023-08-08T23:45:05","date_gmt":"2023-08-08T22:45:05","guid":{"rendered":"https:\/\/santepara.ma\/?product=elgydium-blancheur-brosse-a-dents-souple"},"modified":"2023-11-04T12:58:15","modified_gmt":"2023-11-04T11:58:15","slug":"elgydium-blancheur-brosse-a-dents-souple","status":"publish","type":"product","link":"https:\/\/santepara.ma\/?product=elgydium-blancheur-brosse-a-dents-souple","title":{"rendered":"Elgydium Blancheur &#8211; Brosse \u00e0 dents Souple"},"content":{"rendered":"","protected":false},"excerpt":{"rendered":"<p>La brosse \u00e0 dents ELGYDIUM BLANCHEUR est une brosse d\u00f4t\u00e9e de brins microbilles ultra polissants\u00a0 (Microball System) pour une meilleure efficacit\u00e9 blanchissante tout en respectant l&rsquo;\u00e9mail. Pour des dents \u00e9clatantes de blancheur.<\/p>\n","protected":false},"featured_media":83266,"comment_status":"open","ping_status":"closed","template":"","meta":{"_joinchat":[]},"pwb-brand":[319],"product_cat":[274],"product_tag":[],"brands":[{"id":319,"name":"ELGYDIUM","slug":"elgydium"}],"_links":{"self":[{"href":"https:\/\/santepara.ma\/index.php?rest_route=\/wp\/v2\/product\/83267"}],"collection":[{"href":"https:\/\/santepara.ma\/index.php?rest_route=\/wp\/v2\/product"}],"about":[{"href":"https:\/\/santepara.ma\/index.php?rest_route=\/wp\/v2\/types\/product"}],"replies":[{"embeddable":true,"href":"https:\/\/santepara.ma\/index.php?rest_route=%2Fwp%2Fv2%2Fcomments&post=83267"}],"wp:featuredmedia":[{"embeddable":true,"href":"https:\/\/santepara.ma\/index.php?rest_route=\/wp\/v2\/media\/83266"}],"wp:attachment":[{"href":"https:\/\/santepara.ma\/index.php?rest_route=%2Fwp%2Fv2%2Fmedia&parent=83267"}],"wp:term":[{"taxonomy":"pwb-brand","embeddable":true,"href":"https:\/\/santepara.ma\/index.php?rest_route=%2Fwp%2Fv2%2Fpwb-brand&post=83267"},{"taxonomy":"product_cat","embeddable":true,"href":"https:\/\/santepara.ma\/index.php?rest_route=%2Fwp%2Fv2%2Fproduct_cat&post=83267"},{"taxonomy":"product_tag","embeddable":true,"href":"https:\/\/santepara.ma\/index.php?rest_route=%2Fwp%2Fv2%2Fproduct_tag&post=83267"}],"curies":[{"name":"wp","href":"https:\/\/api.w.org\/{rel}","templated":true}]}}