{"id":83318,"date":"2023-08-08T23:45:18","date_gmt":"2023-08-08T22:45:18","guid":{"rendered":"https:\/\/santepara.ma\/?product=uriage-bebe-1ere-creme-hydratante-40-ml"},"modified":"2026-03-23T12:27:24","modified_gmt":"2026-03-23T11:27:24","slug":"uriage-bebe-1ere-creme-hydratante-40-ml","status":"publish","type":"product","link":"https:\/\/santepara.ma\/?product=uriage-bebe-1ere-creme-hydratante-40-ml","title":{"rendered":"Uriage B\u00e9b\u00e9 &#8211; 1\u00e8re Cr\u00e8me Hydratante &#8211; 40 ml"},"content":{"rendered":"<p>Probl\u00e9matique sp\u00e9cifique<\/p>\n<p>Tous types de peaux<\/p>\n<p>B\u00e9n\u00e9fice produit<\/p>\n<p>Cette cr\u00e8me fondante assure aux tout-petits une peau parfaitement prot\u00e9g\u00e9e tout au long de la journ\u00e9e et un voile de douceur d\u00e9licatement parfum\u00e9.<\/p>\n<p>Hydrate<\/p>\n<p>1\u00e8re Cr\u00e8me hydrate de fa\u00e7on optimale la peau sensible de l&rsquo;enfant gr\u00e2ce \u00e0 l&rsquo;Eau Thermale d&rsquo;Uriage et \u00e0 la Glyc\u00e9rine.<\/p>\n<p>Prot\u00e8ge<\/p>\n<p>Elle associe tous les bienfaits de l\u2019Eau Thermale d\u2019Uriage, de la glyc\u00e9rine et de l\u2019eau de bleuet \u00e0 un actif protecteur original qui renforcent les d\u00e9fenses naturelles de la peau vis-\u00e0-vis des agressions ext\u00e9rieures.<\/p>\n<p>Caract\u00e9ristiques<\/p>\n<p>Prot\u00e8ge en renfor\u00e7ant la barri\u00e8re cutan\u00e9e \u2014 Apporte tous les bienfaits de l\u2019ETU au quotidien \u2014 Laisse la peau toute douce \u2014 S\u2019\u00e9tale tr\u00e8s facilement, ne colle pas, p\u00e9n\u00e8tre imm\u00e9diatement \u2014 Parfum doudou<\/p>\n<p>Conseil d\u2019utilisation<\/p>\n<p>Appliquer matin et\/ou soir sur une peau parfaitement propre et s\u00e8che.<\/p>\n","protected":false},"excerpt":{"rendered":"<p>Cr\u00e8me Hydra-Protectrice<\/p>\n","protected":false},"featured_media":83317,"comment_status":"open","ping_status":"closed","template":"","meta":{"_joinchat":[]},"pwb-brand":[321],"product_cat":[190],"product_tag":[],"brands":[{"id":321,"name":"URIAGE","slug":"uriage"}],"_links":{"self":[{"href":"https:\/\/santepara.ma\/index.php?rest_route=\/wp\/v2\/product\/83318"}],"collection":[{"href":"https:\/\/santepara.ma\/index.php?rest_route=\/wp\/v2\/product"}],"about":[{"href":"https:\/\/santepara.ma\/index.php?rest_route=\/wp\/v2\/types\/product"}],"replies":[{"embeddable":true,"href":"https:\/\/santepara.ma\/index.php?rest_route=%2Fwp%2Fv2%2Fcomments&post=83318"}],"wp:featuredmedia":[{"embeddable":true,"href":"https:\/\/santepara.ma\/index.php?rest_route=\/wp\/v2\/media\/83317"}],"wp:attachment":[{"href":"https:\/\/santepara.ma\/index.php?rest_route=%2Fwp%2Fv2%2Fmedia&parent=83318"}],"wp:term":[{"taxonomy":"pwb-brand","embeddable":true,"href":"https:\/\/santepara.ma\/index.php?rest_route=%2Fwp%2Fv2%2Fpwb-brand&post=83318"},{"taxonomy":"product_cat","embeddable":true,"href":"https:\/\/santepara.ma\/index.php?rest_route=%2Fwp%2Fv2%2Fproduct_cat&post=83318"},{"taxonomy":"product_tag","embeddable":true,"href":"https:\/\/santepara.ma\/index.php?rest_route=%2Fwp%2Fv2%2Fproduct_tag&post=83318"}],"curies":[{"name":"wp","href":"https:\/\/api.w.org\/{rel}","templated":true}]}}