{"id":83529,"date":"2023-08-08T23:46:08","date_gmt":"2023-08-08T22:46:08","guid":{"rendered":"https:\/\/santepara.ma\/?product=color-et-soin-blond-sable-cendre-11a"},"modified":"2023-11-04T12:58:27","modified_gmt":"2023-11-04T11:58:27","slug":"color-et-soin-blond-sable-cendre-11a","status":"publish","type":"product","link":"https:\/\/santepara.ma\/?product=color-et-soin-blond-sable-cendre-11a","title":{"rendered":"Color Et Soin Blond Sable Cendre 11A"},"content":{"rendered":"","protected":false},"excerpt":{"rendered":"<p>Coloration permanente aux extraits v\u00e9g\u00e9taux. Sans ammoniaque, sans r\u00e9sorcine, sans paraben.<\/p>\n","protected":false},"featured_media":83528,"comment_status":"open","ping_status":"closed","template":"","meta":{"_joinchat":[]},"pwb-brand":[326],"product_cat":[281],"product_tag":[],"brands":[{"id":326,"name":"LES 3 CH?NES","slug":"les-3-chnes"}],"_links":{"self":[{"href":"https:\/\/santepara.ma\/index.php?rest_route=\/wp\/v2\/product\/83529"}],"collection":[{"href":"https:\/\/santepara.ma\/index.php?rest_route=\/wp\/v2\/product"}],"about":[{"href":"https:\/\/santepara.ma\/index.php?rest_route=\/wp\/v2\/types\/product"}],"replies":[{"embeddable":true,"href":"https:\/\/santepara.ma\/index.php?rest_route=%2Fwp%2Fv2%2Fcomments&post=83529"}],"wp:featuredmedia":[{"embeddable":true,"href":"https:\/\/santepara.ma\/index.php?rest_route=\/wp\/v2\/media\/83528"}],"wp:attachment":[{"href":"https:\/\/santepara.ma\/index.php?rest_route=%2Fwp%2Fv2%2Fmedia&parent=83529"}],"wp:term":[{"taxonomy":"pwb-brand","embeddable":true,"href":"https:\/\/santepara.ma\/index.php?rest_route=%2Fwp%2Fv2%2Fpwb-brand&post=83529"},{"taxonomy":"product_cat","embeddable":true,"href":"https:\/\/santepara.ma\/index.php?rest_route=%2Fwp%2Fv2%2Fproduct_cat&post=83529"},{"taxonomy":"product_tag","embeddable":true,"href":"https:\/\/santepara.ma\/index.php?rest_route=%2Fwp%2Fv2%2Fproduct_tag&post=83529"}],"curies":[{"name":"wp","href":"https:\/\/api.w.org\/{rel}","templated":true}]}}