{"id":83628,"date":"2023-08-08T23:46:34","date_gmt":"2023-08-08T22:46:34","guid":{"rendered":"https:\/\/santepara.ma\/?product=eucerin-anti-pigment-serum-duo-30-ml"},"modified":"2024-02-22T16:19:11","modified_gmt":"2024-02-22T15:19:11","slug":"eucerin-anti-pigment-serum-duo-30-ml","status":"publish","type":"product","link":"https:\/\/santepara.ma\/?product=eucerin-anti-pigment-serum-duo-30-ml","title":{"rendered":"Eucerin &#8211; Anti-Pigment S\u00e9rum Duo &#8211; 30 ml"},"content":{"rendered":"","protected":false},"excerpt":{"rendered":"<p>R\u00e9duit efficacement les taches brunes et emp\u00eache leur r\u00e9apparition. Am\u00e9liore l&rsquo;aspect de la peau.<\/p>\n<p>S\u00e9rum double action avec du Thiamidol et de l&rsquo;Acide Hyaluronique concentr\u00e9 pour une peau uniforme et \u00e9clatante.<\/p>\n","protected":false},"featured_media":83627,"comment_status":"open","ping_status":"closed","template":"","meta":{"_joinchat":[]},"pwb-brand":[328],"product_cat":[126],"product_tag":[],"brands":[{"id":328,"name":"EUCERIN","slug":"eucerin"}],"_links":{"self":[{"href":"https:\/\/santepara.ma\/index.php?rest_route=\/wp\/v2\/product\/83628"}],"collection":[{"href":"https:\/\/santepara.ma\/index.php?rest_route=\/wp\/v2\/product"}],"about":[{"href":"https:\/\/santepara.ma\/index.php?rest_route=\/wp\/v2\/types\/product"}],"replies":[{"embeddable":true,"href":"https:\/\/santepara.ma\/index.php?rest_route=%2Fwp%2Fv2%2Fcomments&post=83628"}],"wp:featuredmedia":[{"embeddable":true,"href":"https:\/\/santepara.ma\/index.php?rest_route=\/wp\/v2\/media\/83627"}],"wp:attachment":[{"href":"https:\/\/santepara.ma\/index.php?rest_route=%2Fwp%2Fv2%2Fmedia&parent=83628"}],"wp:term":[{"taxonomy":"pwb-brand","embeddable":true,"href":"https:\/\/santepara.ma\/index.php?rest_route=%2Fwp%2Fv2%2Fpwb-brand&post=83628"},{"taxonomy":"product_cat","embeddable":true,"href":"https:\/\/santepara.ma\/index.php?rest_route=%2Fwp%2Fv2%2Fproduct_cat&post=83628"},{"taxonomy":"product_tag","embeddable":true,"href":"https:\/\/santepara.ma\/index.php?rest_route=%2Fwp%2Fv2%2Fproduct_tag&post=83628"}],"curies":[{"name":"wp","href":"https:\/\/api.w.org\/{rel}","templated":true}]}}