{"id":83678,"date":"2023-08-08T23:46:44","date_gmt":"2023-08-08T22:46:44","guid":{"rendered":"https:\/\/santepara.ma\/?product=institut-esthederm-intensive-spiruline-serum-30-ml"},"modified":"2024-02-22T16:19:00","modified_gmt":"2024-02-22T15:19:00","slug":"institut-esthederm-intensive-spiruline-serum-30-ml","status":"publish","type":"product","link":"https:\/\/santepara.ma\/?product=institut-esthederm-intensive-spiruline-serum-30-ml","title":{"rendered":"Institut Esthederm &#8211; Intensive Spiruline S\u00e9rum &#8211; 30 ml"},"content":{"rendered":"","protected":false},"excerpt":{"rendered":"<p>S\u00e9rum revitalisant hautement concentr\u00e9 en Spiruline pour le soin des peaux fatigu\u00e9es et d\u00e9vitalis\u00e9es.<\/p>\n<p>Un soin concentr\u00e9 en spiruline pour une cure \u00ab\u00a0coup de fouet\u00a0\u00bb vitalit\u00e9 et \u00e9clat \u00e0 tout \u00e2ge.<\/p>\n","protected":false},"featured_media":83677,"comment_status":"open","ping_status":"closed","template":"","meta":{"_joinchat":[]},"pwb-brand":[330],"product_cat":[82],"product_tag":[],"brands":[{"id":330,"name":"INSTITUT ESTHEDERM","slug":"institut-esthederm"}],"_links":{"self":[{"href":"https:\/\/santepara.ma\/index.php?rest_route=\/wp\/v2\/product\/83678"}],"collection":[{"href":"https:\/\/santepara.ma\/index.php?rest_route=\/wp\/v2\/product"}],"about":[{"href":"https:\/\/santepara.ma\/index.php?rest_route=\/wp\/v2\/types\/product"}],"replies":[{"embeddable":true,"href":"https:\/\/santepara.ma\/index.php?rest_route=%2Fwp%2Fv2%2Fcomments&post=83678"}],"wp:featuredmedia":[{"embeddable":true,"href":"https:\/\/santepara.ma\/index.php?rest_route=\/wp\/v2\/media\/83677"}],"wp:attachment":[{"href":"https:\/\/santepara.ma\/index.php?rest_route=%2Fwp%2Fv2%2Fmedia&parent=83678"}],"wp:term":[{"taxonomy":"pwb-brand","embeddable":true,"href":"https:\/\/santepara.ma\/index.php?rest_route=%2Fwp%2Fv2%2Fpwb-brand&post=83678"},{"taxonomy":"product_cat","embeddable":true,"href":"https:\/\/santepara.ma\/index.php?rest_route=%2Fwp%2Fv2%2Fproduct_cat&post=83678"},{"taxonomy":"product_tag","embeddable":true,"href":"https:\/\/santepara.ma\/index.php?rest_route=%2Fwp%2Fv2%2Fproduct_tag&post=83678"}],"curies":[{"name":"wp","href":"https:\/\/api.w.org\/{rel}","templated":true}]}}